{"id":2106,"date":"2021-03-25T04:08:26","date_gmt":"2021-03-25T04:08:26","guid":{"rendered":"http:\/\/localhost\/nuss\/?page_id=298"},"modified":"2025-10-25T04:09:34","modified_gmt":"2025-10-25T04:09:34","slug":"erlebnisse","status":"publish","type":"page","link":"https:\/\/bundpuyanhotel.com\/de\/experiences\/","title":{"rendered":"Kundenerfahrungen und Bewertungen"},"content":{"rendered":"<div data-elementor-type=\"wp-page\" data-elementor-id=\"2106\" class=\"elementor elementor-2106\">\n\t\t\t\t\t\t<section class=\"elementor-section elementor-top-section elementor-element elementor-element-1954ffc elementor-section-boxed elementor-section-gap-beside-yes elementor-section-height-default elementor-section-height-default elementor-section-column-vertical-align-stretch\" data-id=\"1954ffc\" data-element_type=\"section\" data-e-type=\"section\">\n\t\t\t\t\t\t<div class=\"elementor-container elementor-column-gap-extended\">\n\t\t\t\t\t<div class=\"elementor-column elementor-col-100 elementor-top-column elementor-element elementor-element-86aebc5\" data-id=\"86aebc5\" data-element_type=\"column\" data-e-type=\"column\">\n\t\t\t<div class=\"elementor-widget-wrap elementor-element-populated\">\n\t\t\t\t\t\t<div class=\"elementor-element elementor-element-11803d1 elementor-widget__width-initial elementor-invisible elementor-widget elementor-widget-text-editor\" data-id=\"11803d1\" data-element_type=\"widget\" data-e-type=\"widget\" data-settings=\"{&quot;_animation&quot;:&quot;nussFadeInUp&quot;}\" data-widget_type=\"text-editor.default\">\n\t\t\t\t\t\t\t\t\t<div class=\"svelte-1c06zsf\" data-lang-code=\"\"><p data-spm-anchor-id=\"a2ty_o01.29997173.0.i37.ead2c921ZzvKd1\">Echte G\u00e4steerlebnisse und verifizierte Bewertungen beweisen, warum dieses 5-Sterne-Juwel zu den besten Adressen Shanghais z\u00e4hlt.<\/p><\/div>\t\t\t\t\t\t\t\t<\/div>\n\t\t\t\t\t<\/div>\n\t\t<\/div>\n\t\t\t\t\t<\/div>\n\t\t<\/section>\n\t\t<div class=\"elementor-element elementor-element-95e7268 e-flex e-con-boxed e-con e-parent\" data-id=\"95e7268\" data-element_type=\"container\" data-e-type=\"container\">\n\t\t\t\t\t<div class=\"e-con-inner\">\n\t\t\t\t<div class=\"elementor-element elementor-element-bd47571 elementor-widget elementor-widget-image\" data-id=\"bd47571\" data-element_type=\"widget\" data-e-type=\"widget\" data-widget_type=\"image.default\">\n\t\t\t\t\t\t\t\t\t\t\t\t\t\t\t\t<a href=\"https:\/\/www.trip.com\/t\/Vr3QJQKK0S2\" target=\"_blank\" rel=\"noopener\">\n\t\t\t\t\t\t\t<img fetchpriority=\"high\" decoding=\"async\" width=\"1024\" height=\"173\" src=\"https:\/\/bundpuyanhotel.com\/wp-content\/uploads\/2025\/10\/reviews-1024x173.jpg\" class=\"attachment-large size-large wp-image-7447\" alt=\"\" srcset=\"https:\/\/bundpuyanhotel.com\/wp-content\/uploads\/2025\/10\/reviews-1024x173.jpg 1024w, https:\/\/bundpuyanhotel.com\/wp-content\/uploads\/2025\/10\/reviews-300x51.jpg 300w, https:\/\/bundpuyanhotel.com\/wp-content\/uploads\/2025\/10\/reviews-768x130.jpg 768w, https:\/\/bundpuyanhotel.com\/wp-content\/uploads\/2025\/10\/reviews-1536x260.jpg 1536w, https:\/\/bundpuyanhotel.com\/wp-content\/uploads\/2025\/10\/reviews-18x3.jpg 18w, https:\/\/bundpuyanhotel.com\/wp-content\/uploads\/2025\/10\/reviews.jpg 1725w\" sizes=\"(max-width: 1024px) 100vw, 1024px\" \/>\t\t\t\t\t\t\t\t<\/a>\n\t\t\t\t\t\t\t\t\t\t\t\t\t\t\t<\/div>\n\t\t\t\t\t<\/div>\n\t\t\t\t<\/div>\n\t\t<div class=\"elementor-element elementor-element-3e39171 e-flex e-con-boxed e-con e-parent\" data-id=\"3e39171\" data-element_type=\"container\" data-e-type=\"container\">\n\t\t\t\t\t<div class=\"e-con-inner\">\n\t\t\t\t<div class=\"elementor-element elementor-element-7761d0c elementor-widget elementor-widget-text-editor\" data-id=\"7761d0c\" data-element_type=\"widget\" data-e-type=\"widget\" data-widget_type=\"text-editor.default\">\n\t\t\t\t\t\t\t\t\t<p>Bei der Planung einer Reise nach Shanghai \u2013 einer Stadt voller Energie, Geschichte und modernem Ehrgeiz \u2013 kann die Wahl des richtigen Hotels \u00fcber den Erfolg oder Misserfolg des Reiseerlebnisses entscheiden. <strong>The Bund Puyan Hotel<\/strong>, gelegen in <strong>Nr. 398 Beijing East Road im Huangpu-Bezirk<\/strong>, G\u00e4ste buchen nicht einfach nur ein Zimmer; sie investieren in einen unvergesslichen Aufenthalt, der durch \u00fcber 500% Garantie abgesichert ist. <strong>16.150 gepr\u00fcfte Bewertungen<\/strong> und ein herausragender <strong data-spm-anchor-id=\"a2ty_o01.29997173.0.i54.3c86c921ylncTX\">9,4\/10 Bewertung<\/strong> auf Trip.com. Aber was sagen echte Reisende tats\u00e4chlich? Tauchen wir ein in die authentischen Stimmen derjenigen, die dieses 2021 erbaute Luxusparadies selbst erlebt haben \u2013 von F\u00fchrungskr\u00e4ften \u00fcber Familien und Alleinreisende bis hin zu Paaren, die Romantik mit Aussicht suchen.<\/p><div class=\"py-2 my-3\"><hr \/><\/div><h3><strong>\u201cEine atemberaubende Oase des Luxus und des tadellosen Service\u201d \u2013 Ein 5-Sterne-Erlebnis, das alle Erwartungen \u00fcbertrifft<\/strong><\/h3><p>Eine der \u00fcberschw\u00e4nglichsten Rezensionen stammt von <strong>japanpikachu (16. Oktober 2025)<\/strong>, die ihren Aufenthalt als \u201cgeradezu au\u00dfergew\u00f6hnlich\u201d bezeichneten. Sie lobten das Hotel nicht nur daf\u00fcr, dass es ihnen ein Treffen erm\u00f6glichte, sondern auch daf\u00fcr, dass es <em>konstant \u00fcbertreffen<\/em> Erwartungen wurden erf\u00fcllt. Vom Moment der Ankunft bis zur Abreise war jedes Detail auf Perfektion ausgerichtet \u2013 ein Eindruck, der sich in Hunderten von Bewertungen widerspiegelt.<\/p><blockquote><p>\u201cDas Erste, was einem auff\u00e4llt, ist die makellose Sauberkeit. Die Lobby ist blitzblank, und dieser Standard zieht sich durch das gesamte Hotel. Mein Zimmer war tadellos \u2013 das Marmorbad gl\u00e4nzte, die Bettw\u00e4sche war frisch und knitterfrei, und nicht ein einziges Staubkorn war zu finden.\u201d<\/p><\/blockquote><p>Diese Aufmerksamkeit f\u00fcr Hygiene ist nicht nur anekdotisch \u2013 sie spiegelt sich im Hotel wider. <strong>9,4 Punkte im Sauberkeitsranking<\/strong>, eines der h\u00f6chsten Preise unter vergleichbaren Hotels in Shanghai. G\u00e4ste loben das Reinigungsteam immer wieder f\u00fcr seine Sorgfalt und betonen oft, dass es sich anf\u00fchlt, als ob sie die... <em>Erste<\/em> Das Hotel bietet Reisenden, die sich nach den Standards nach der Pandemie erkundigen, ein H\u00f6chstma\u00df an Sicherheit und Luxus.<\/p><div class=\"py-2 my-3\"><hr \/><\/div><h3><strong>\u201cDie Aussicht ist das Beste an diesem Hotel\u201d \u2013 Wo jedes Fenster eine Geschichte erz\u00e4hlt<\/strong><\/h3><p>F\u00fcr viele ist das Highlight nicht nur das Bett oder das Bad \u2013 es ist das <strong>atemberaubendes Panorama<\/strong>. Ob Sie sich f\u00fcr ein Zimmer mit Blickrichtung entscheiden <strong>Die ikonische Skyline der Uferpromenade am Bund<\/strong> oder die schillernde urbane Weite der Shanghaier Innenstadt \u2013 die G\u00e4ste schw\u00e4rmen von den Ausblicken.<\/p><blockquote><p>\u201cDie Aussicht aus dem Zimmer war gro\u00dfartig, und die Sitzgelegenheiten am Fenster haben mir auch sehr gut gefallen\u201d, teilte er mit. <strong>Nurfaaidha Anwar (18. Oktober 2025)<\/strong>. Ein anderer Rezensent brachte es schlicht auf den Punkt: \u201cDie Aussicht ist das Beste an diesem Hotel.\u201d<\/p><\/blockquote><p>Mit Zimmern, die sich \u00fcber die Etagen 5 bis 17 erstrecken und folgende Merkmale aufweisen: <strong>ger\u00e4umige Erkerfenster<\/strong>, G\u00e4ste k\u00f6nnen ihren Morgenkaffee genie\u00dfen und dabei beobachten, wie der Huangpu-Fluss erwacht, oder nach dem Abendessen bei einem Glas Wein entspannen, w\u00e4hrend die Neonlichter der Stadt tanzen. Kein Wunder, dass so viele Rezensenten die Aussicht als herausragendes Merkmal und Grund f\u00fcr eine Wiederkehr hervorheben.<\/p><div class=\"py-2 my-3\"><hr \/><\/div><h3><strong>\u201cFreundliches, hilfsbereites und geduldiges Personal, das sich besonders engagiert\u201d \u2013 Gastfreundschaft neu definiert<\/strong><\/h3><p>Der Service ist die St\u00e4rke des Bund Puyan Hotels. <strong>Servicebewertung: 9,4<\/strong>, Die G\u00e4ste loben das Personal immer wieder f\u00fcr seine Herzlichkeit, Effizienz und Hilfsbereitschaft \u2013 auch \u00fcber die \u00fcblichen Aufgaben hinaus.<\/p><blockquote><p>\u201cDer Check-in verlief reibungslos! Die Mitarbeiter waren freundlich und hilfsbereit und gaben uns umgehend einige einfache Informationen\u201d, bemerkte Nurfaaidha.<\/p><\/blockquote><p>Ein Gast, <strong>Gastnutzer (10. September 2025)<\/strong>, hob ein besonders ber\u00fchrendes Beispiel hervor:<\/p><blockquote><p>\u201cWir hatten keine chinesische Mobilfunknummer und zwei Tage lang halfen sie uns, Essen zu bestellen. Ein besonderes Lob gilt Herrn Zhang, der uns beim reibungslosen und effizienten Einchecken unterst\u00fctzte.\u201d<\/p><\/blockquote><p>Diese Art von pers\u00f6nlicher Betreuung \u2013 Unterst\u00fctzung internationaler G\u00e4ste bei der Orientierung vor Ort, Bereitstellung von \u00dcbersetzungstools und sogar Hilfe bei der Essensbestellung \u2013 macht aus einem gew\u00f6hnlichen Aufenthalt ein unvergessliches Erlebnis. Mehrsprachiger Support, einschlie\u00dflich Mandarin sprechender Mitarbeiter mit entsprechenden Kenntnissen, ist dabei unerl\u00e4sslich. <strong>Echtzeit-\u00dcbersetzungstools<\/strong>, stellt sicher, dass Kommunikationsbarrieren niemals ein Problem darstellen.<\/p><div class=\"py-2 my-3\"><hr \/><\/div><h3><strong>\u201cSaubere, ger\u00e4umige und durchdacht gestaltete Zimmer\u201d \u2013 Komfort trifft auf Moderne<\/strong><\/h3><p>Die Zimmer im The Bund Puyan Hotel kosten zwischen <strong>36 m\u00b2 bis 52 m\u00b2<\/strong>, Das Hotel bietet viel Platz zum Entspannen und Arbeiten. G\u00e4ste sch\u00e4tzen die durchdachten Details: luxuri\u00f6se Kingsize- oder Queensize-Betten, Marmorb\u00e4der mit Badewanne und Bidet, kostenloses WLAN, Klimaanlage und Minibar.<\/p><blockquote><p>\u201cDas Zimmer war sauber und sehr gut gepflegt. Die Annehmlichkeiten befinden sich zwar in der Lobby, waren aber leicht zu erreichen!\u201d, sagte Nurfaaidha.<\/p><\/blockquote><p>Zwar weisen einige G\u00e4ste auf kleinere Kritikpunkte hin \u2013 wie etwa gelegentliche Ger\u00e4usche der Klimaanlage oder Flecken auf den Teppichen \u2013, diese werden jedoch vom allgemeinen Konsens bei Weitem \u00fcbertroffen: <strong>Sauberkeit, Komfort und intelligentes Design<\/strong> sind hier nicht verhandelbar. Viele Rezensenten erw\u00e4hnen auch die <strong>Bidet in der Toilette<\/strong> als willkommene Annehmlichkeit, die insbesondere von muslimischen Reisenden und solchen, die mit asiatischen Gastfreundschaftsstandards vertraut sind, gesch\u00e4tzt wird.<\/p><div class=\"py-2 my-3\"><hr \/><\/div><h3><strong>\u201cLage, Lage, Lage\u201d \u2013 Nur wenige Schritte von Shanghais bekanntesten Sehensw\u00fcrdigkeiten entfernt<\/strong><\/h3><p>Direkt gelegen <strong>320 Meter von der U-Bahn-Station East Nanjing Road entfernt<\/strong>, Das Bund Puyan Hotel liegt in fu\u00dfl\u00e4ufiger Entfernung zu <strong>Der Bund<\/strong>, <strong>Yu-Garten<\/strong>, <strong>Fu\u00dfg\u00e4ngerzone Nanjing Road<\/strong>, und die glitzernden T\u00fcrme von <strong>Lujiazui<\/strong>. Wie ein Gast es ausdr\u00fcckte:<\/p><blockquote><p>\u201cDie Lage ist 10 Gehminuten vom Bund und der Nanjing-Stra\u00dfe entfernt.\u201d<\/p><\/blockquote><p>Dank dieser erstklassigen Lage k\u00f6nnen Sie Shanghais historisches Zentrum und seine modernen Sehensw\u00fcrdigkeiten erkunden, ohne auf Taxis oder \u00f6ffentliche Verkehrsmittel angewiesen zu sein. Ob Gesch\u00e4ftstreffen, kulturelle Sehensw\u00fcrdigkeit oder ein Abend in der Stadt \u2013 alles ist m\u00fchelos erreichbar.<\/p><div class=\"py-2 my-3\"><hr \/><\/div><h3><strong>Familienfreundliche Vorteile und praktische Annehmlichkeiten<\/strong><\/h3><p>Sie reisen mit Kindern? Das Bund Puyan Hotel macht es Ihnen leicht. Kinder unter 17 Jahren \u00fcbernachten im Hotel. <strong>Kostenlos, wenn kein Zustellbett ben\u00f6tigt wird.<\/strong>, und das Hotel bietet durchdachte Annehmlichkeiten wie <strong>Kinderbadem\u00e4ntel, Hausschuhe, Zahnb\u00fcrsten und Kinderwagen<\/strong>. Ein Rezensent hob hervor, wie hilfsbereit das Personal bei der Betreuung junger G\u00e4ste war \u2013 was das Hotel ideal f\u00fcr Familienurlaube macht.<\/p><p>Zu den weiteren Vorteilen geh\u00f6ren:<\/p><ul dir=\"auto\"><li><strong>Kostenlose Gep\u00e4ckaufbewahrung<\/strong> vor dem Einchecken oder nach dem Auschecken<\/li><li><strong>24-Stunden-Rezeption<\/strong> f\u00fcr Unterst\u00fctzung rund um die Uhr<\/li><li><strong>Fitnessstudio<\/strong> f\u00fcr fitnessorientierte Reisende<\/li><li><strong>Kartenraum<\/strong> f\u00fcr gem\u00fctliche Abende<\/li><li><strong>Serviceroboter<\/strong> f\u00fcr kontaktlose Bequemlichkeit<\/li><\/ul><p>Diese Funktionen gew\u00e4hrleisten, dass Ihre Bed\u00fcrfnisse \u2013 egal ob Sie gesch\u00e4ftlich, privat oder aus einer Mischung aus beidem reisen \u2013 reibungslos und effizient erf\u00fcllt werden.<\/p><div class=\"py-2 my-3\"><hr \/><\/div><h3><strong>Kleinere Kritikpunkte &amp; ehrliches Feedback<\/strong><\/h3><p>Kein Hotel ist perfekt \u2013 und das Bund Puyan Hotel bildet da keine Ausnahme. Einige G\u00e4ste haben Verbesserungspotenzial aufgezeigt:<\/p><ul dir=\"auto\"><li><strong>Fr\u00fchst\u00fcck<\/strong>Obwohl das Buffet sowohl westliche als auch chinesische Gerichte anbietet, empfanden einige Rezensenten das Angebot als \u201cin Ordnung, aber nicht so gut\u201d.\u201d<\/li><li><strong>Klimaanlage<\/strong>Eine kleine Anzahl von Befragten erw\u00e4hnte gelegentliche Ger\u00e4usche der Klimaanlage.<\/li><li><strong>Duscharmaturen<\/strong>Ein Gast berichtete von einer defekten Handbrause, die notd\u00fcrftig mit Klebeband geflickt statt ersetzt wurde.<\/li><\/ul><p>Diese Kritikpunkte werden jedoch von \u00fcberwiegend positivem Feedback bei Weitem \u00fcbertroffen. Besonders hervorzuheben ist, dass selbst G\u00e4ste, die kleinere M\u00e4ngel bemerkten, ihren Gesamtaufenthalt dennoch sehr positiv bewerteten \u2013 und das Hotel h\u00e4ufig wieder besuchten oder weiterempfahlen.<\/p><div class=\"py-2 my-3\"><hr \/><\/div><h3><strong>Warum Reisende immer wiederkommen: Eine Zusammenfassung dessen, was das Bund Puyan Hotel auszeichnet<\/strong><\/h3><p>\u2705 <strong>Unschlagbare Lage<\/strong> \u2013 Nur wenige Schritte von der U-Bahn, dem Bund und den Top-Sehensw\u00fcrdigkeiten entfernt<br \/>\u2705 <strong>Makellose Sauberkeit<\/strong> \u2013 Werden stets f\u00fcr ihre makellosen Zimmer und Gemeinschaftsbereiche gelobt.<br \/>\u2705 <strong>Atemberaubende Ausblicke<\/strong> \u2013 Erkerfenster rahmen entweder die Flussuferpromenade oder die Skyline der Stadt ein<br \/>\u2705 <strong>Au\u00dfergew\u00f6hnlicher Service<\/strong> \u2013 Freundliches, mehrsprachiges Personal, das sich \u00fcber das \u00fcbliche Ma\u00df hinaus engagiert.<br \/>\u2705 <strong>Moderne Ausstattung<\/strong> \u2013 Bidets, Serviceroboter, Fitnessstudio, Businesscenter, Kartenspielzimmer<br \/>\u2705 <strong>Familien- und gesch\u00e4ftsfreundlich<\/strong> \u2013 Kostenlose \u00dcbernachtungen f\u00fcr Kinder, Coworking-Spaces, Konferenzr\u00e4ume<\/p><div class=\"py-2 my-3\"><hr \/><\/div><h3><strong>Endg\u00fcltiges Urteil: Lohnt sich das Bund Puyan Hotel?<\/strong><\/h3><p>Absolut. Mit einer nahezu perfekten Bewertung von 9,4 von 10 Punkten, basierend auf Tausenden verifizierten G\u00e4stebewertungen, hat sich das Bund Puyan Hotel seinen Ruf als eine der zuverl\u00e4ssigsten, luxuri\u00f6sesten und gastfreundlichsten Unterk\u00fcnfte Shanghais redlich verdient. Ob Sie nun von der Aussicht, der Lage, dem Service oder dem unvergleichlichen Komfort der Zimmer begeistert sind \u2013 dieses 5-Sterne-Hotel h\u00e4lt, was es verspricht.<\/p><p>Ein Gast brachte es perfekt auf den Punkt:<\/p><blockquote><p>\u201cDas Puyan The Bund Hotel ist mehr als nur ein Ort zum \u00dcbernachten \u2013 es ist ein Reiseziel f\u00fcr sich. Mit seiner 5-Sterne-Sauberkeit, den luxuri\u00f6sen Annehmlichkeiten und dem Service, der Gastfreundschaft neu definiert, hat es f\u00fcr mich neue Ma\u00dfst\u00e4be im Hotelbereich gesetzt. Ich kann es uneingeschr\u00e4nkt empfehlen und werde bei meiner n\u00e4chsten Reise nach Shanghai ganz sicher wieder dort \u00fcbernachten.\u201d<\/p><\/blockquote><p data-spm-anchor-id=\"a2ty_o01.29997173.0.i56.3c86c921ylncTX\">Buchen Sie noch heute Ihren Aufenthalt \u2013 und entdecken Sie, warum Reisende aus aller Welt das Bund Puyan Hotel immer wieder f\u00fcr ihre Abenteuer in Shanghai w\u00e4hlen.<\/p>\t\t\t\t\t\t\t\t<\/div>\n\t\t\t\t\t<\/div>\n\t\t\t\t<\/div>\n\t\t\t\t<section class=\"elementor-section elementor-top-section elementor-element elementor-element-1e180f0d elementor-section-stretched elementor-section-boxed elementor-section-gap-beside-yes elementor-section-height-default elementor-section-height-default elementor-section-column-vertical-align-stretch\" data-id=\"1e180f0d\" data-element_type=\"section\" data-e-type=\"section\" data-settings=\"{&quot;background_background&quot;:&quot;classic&quot;,&quot;stretch_section&quot;:&quot;section-stretched&quot;}\">\n\t\t\t\t\t\t<div class=\"elementor-container elementor-column-gap-extended\">\n\t\t\t\t\t<div class=\"elementor-column elementor-col-100 elementor-top-column elementor-element elementor-element-6d7923e7\" data-id=\"6d7923e7\" data-element_type=\"column\" data-e-type=\"column\">\n\t\t\t<div class=\"elementor-widget-wrap elementor-element-populated\">\n\t\t\t\t\t\t<div class=\"elementor-element elementor-element-1223cf76 elementor-widget elementor-widget-nuss-heading\" data-id=\"1223cf76\" data-element_type=\"widget\" data-e-type=\"widget\" data-widget_type=\"nuss-heading.default\">\n\t\t\t\t<div class=\"elementor-widget-container\">\n\t\t\t\t\t\t\t<div class=\"nuss-modern-heading\">\r\n\t\t\t\t\t\t<div class=\"heading-secondary-wrap\">\r\n\t\t\t\t<h3 class=\"heading-secondary elementor-heading-title\">Verf\u00fcgbarkeit pr\u00fcfen <\/h3>\t\t\t<\/div>\r\n\t\t\r\n\t\t\t\r\n\t\t\t\r\n\t\t\t\t\t<\/div>\r\n\t\t\t\t\t<\/div>\n\t\t\t\t<\/div>\n\t\t\t\t<div class=\"elementor-element elementor-element-3b052e73 elementor-widget elementor-widget-text-editor\" data-id=\"3b052e73\" data-element_type=\"widget\" data-e-type=\"widget\" data-widget_type=\"text-editor.default\">\n\t\t\t\t\t\t\t\t\t<iframe border=\"0\" src=\"https:\/\/www.trip.com\/partners\/ad\/S6091738?Allianceid=4590391&#038;SID=268289645&#038;trip_sub1=\" style=\"width:1100px;height:200px\" frameborder=\"0\" scrolling=\"no\" id=\"S6091738\"><\/iframe>\t\t\t\t\t\t\t\t<\/div>\n\t\t\t\t\t<\/div>\n\t\t<\/div>\n\t\t\t\t\t<\/div>\n\t\t<\/section>\n\t\t\t\t<\/div>","protected":false},"excerpt":{"rendered":"<p>Real guest experiences &amp; verified reviews that prove why this 5-star gem ranks among Shanghai\u2019s best When planning a trip to Shanghai \u2014 a city that pulses with energy, history, and modern ambition \u2014 choosing the right hotel can make or break your experience. At The Bund Puyan Hotel, located at No. 398 Beijing East [&hellip;]<\/p>\n","protected":false},"author":1,"featured_media":0,"parent":0,"menu_order":0,"comment_status":"closed","ping_status":"closed","template":"","meta":{"footnotes":""},"class_list":["post-2106","page","type-page","status-publish","hentry","post-no-thumbnail"],"_links":{"self":[{"href":"https:\/\/bundpuyanhotel.com\/de\/wp-json\/wp\/v2\/pages\/2106","targetHints":{"allow":["GET"]}}],"collection":[{"href":"https:\/\/bundpuyanhotel.com\/de\/wp-json\/wp\/v2\/pages"}],"about":[{"href":"https:\/\/bundpuyanhotel.com\/de\/wp-json\/wp\/v2\/types\/page"}],"author":[{"embeddable":true,"href":"https:\/\/bundpuyanhotel.com\/de\/wp-json\/wp\/v2\/users\/1"}],"replies":[{"embeddable":true,"href":"https:\/\/bundpuyanhotel.com\/de\/wp-json\/wp\/v2\/comments?post=2106"}],"version-history":[{"count":0,"href":"https:\/\/bundpuyanhotel.com\/de\/wp-json\/wp\/v2\/pages\/2106\/revisions"}],"wp:attachment":[{"href":"https:\/\/bundpuyanhotel.com\/de\/wp-json\/wp\/v2\/media?parent=2106"}],"curies":[{"name":"wp","href":"https:\/\/api.w.org\/{rel}","templated":true}]}}