{"id":2109,"date":"2021-03-26T08:35:58","date_gmt":"2021-03-26T08:35:58","guid":{"rendered":"http:\/\/localhost\/nuss\/?page_id=536"},"modified":"2025-10-25T03:56:39","modified_gmt":"2025-10-25T03:56:39","slug":"business-einrichtungen","status":"publish","type":"page","link":"https:\/\/bundpuyanhotel.com\/de\/business-einrichtungen\/","title":{"rendered":"Business-Einrichtungen"},"content":{"rendered":"<div data-elementor-type=\"wp-page\" data-elementor-id=\"2109\" class=\"elementor elementor-2109\">\n\t\t\t\t<div class=\"elementor-element elementor-element-027617d e-flex e-con-boxed e-con e-parent\" data-id=\"027617d\" data-element_type=\"container\" data-e-type=\"container\">\n\t\t\t\t\t<div class=\"e-con-inner\">\n\t\t\t\t<div class=\"elementor-element elementor-element-4957d0f elementor-widget elementor-widget-heading\" data-id=\"4957d0f\" data-element_type=\"widget\" data-e-type=\"widget\" data-widget_type=\"heading.default\">\n\t\t\t\t\t<h4 class=\"elementor-heading-title elementor-size-default\">Das Bund Puyan Hotel, Shanghai: Ihr erstklassiges Business-Zentrum im Herzen von Huangpu <\/h4>\t\t\t\t<\/div>\n\t\t\t\t\t<\/div>\n\t\t\t\t<\/div>\n\t\t<div class=\"elementor-element elementor-element-d41da1d e-flex e-con-boxed e-con e-parent\" data-id=\"d41da1d\" data-element_type=\"container\" data-e-type=\"container\">\n\t\t\t\t\t<div class=\"e-con-inner\">\n\t\t<div class=\"elementor-element elementor-element-0949462 e-con-full e-flex e-con e-child\" data-id=\"0949462\" data-element_type=\"container\" data-e-type=\"container\">\n\t\t\t\t<div class=\"elementor-element elementor-element-4487578 elementor-widget elementor-widget-image\" data-id=\"4487578\" data-element_type=\"widget\" data-e-type=\"widget\" data-widget_type=\"image.default\">\n\t\t\t\t\t\t\t\t\t\t\t\t\t\t\t<img fetchpriority=\"high\" decoding=\"async\" width=\"1024\" height=\"682\" src=\"https:\/\/bundpuyanhotel.com\/wp-content\/uploads\/2025\/10\/The-Bund-Puyan-Hotel-Shanghai-78-1024x682.webp\" class=\"attachment-large size-large wp-image-7252\" alt=\"\" srcset=\"https:\/\/bundpuyanhotel.com\/wp-content\/uploads\/2025\/10\/The-Bund-Puyan-Hotel-Shanghai-78-1024x682.webp 1024w, https:\/\/bundpuyanhotel.com\/wp-content\/uploads\/2025\/10\/The-Bund-Puyan-Hotel-Shanghai-78-300x200.webp 300w, https:\/\/bundpuyanhotel.com\/wp-content\/uploads\/2025\/10\/The-Bund-Puyan-Hotel-Shanghai-78-768x512.webp 768w, https:\/\/bundpuyanhotel.com\/wp-content\/uploads\/2025\/10\/The-Bund-Puyan-Hotel-Shanghai-78-18x12.webp 18w, https:\/\/bundpuyanhotel.com\/wp-content\/uploads\/2025\/10\/The-Bund-Puyan-Hotel-Shanghai-78.webp 1280w\" sizes=\"(max-width: 1024px) 100vw, 1024px\" \/>\t\t\t\t\t\t\t\t\t\t\t\t\t\t\t<\/div>\n\t\t\t\t<\/div>\n\t\t<div class=\"elementor-element elementor-element-6128110 e-con-full e-flex e-con e-child\" data-id=\"6128110\" data-element_type=\"container\" data-e-type=\"container\">\n\t\t\t\t<div class=\"elementor-element elementor-element-1d5d590 elementor-widget elementor-widget-text-editor\" data-id=\"1d5d590\" data-element_type=\"widget\" data-e-type=\"widget\" data-widget_type=\"text-editor.default\">\n\t\t\t\t\t\t\t\t\t<p>F\u00fcr anspruchsvolle Gesch\u00e4ftsreisende und Unternehmensplaner, die eine nahtlose Verbindung von Produktivit\u00e4t, Komfort und 5-Sterne-Komfort suchen, <strong>The Bund Puyan Hotel, Shanghai<\/strong> bei <strong>Nr. 398 Pekinger Oststra\u00dfe<\/strong> Dieses Hotel stellt eine hervorragende Wahl dar. Eingebettet in das pulsierende Huangpu-Viertel \u2013 nur 320 Meter von der U-Bahn-Station East Nanjing Road entfernt \u2013 bietet dieses moderne Hotel aus dem Jahr 2021 mehr als nur luxuri\u00f6se Unterk\u00fcnfte; es bietet ein voll ausgestattetes, technisch fortschrittliches Gesch\u00e4ftsumfeld, das Ihre berufliche Erfahrung in einer der dynamischsten St\u00e4dte Asiens bereichern soll.<\/p>\t\t\t\t\t\t\t\t<\/div>\n\t\t\t\t<\/div>\n\t\t\t\t\t<\/div>\n\t\t\t\t<\/div>\n\t\t<div class=\"elementor-element elementor-element-7ff7775 e-flex e-con-boxed e-con e-parent\" data-id=\"7ff7775\" data-element_type=\"container\" data-e-type=\"container\">\n\t\t\t\t\t<div class=\"e-con-inner\">\n\t\t\t\t<div class=\"elementor-element elementor-element-e7cbdcf elementor-widget elementor-widget-text-editor\" data-id=\"e7cbdcf\" data-element_type=\"widget\" data-e-type=\"widget\" data-widget_type=\"text-editor.default\">\n\t\t\t\t\t\t\t\t\t<h3>Modernstes Business Center &amp; Coworking Spaces<\/h3><p data-spm-anchor-id=\"a2ty_o01.29997173.0.i46.3c86c921ylncTX\">Ob Sie nun eine Pr\u00e4sentation vor einem Meeting fertigstellen oder eine ruhige Ecke ben\u00f6tigen, um sich auf Ihre E-Mails zu konzentrieren, das Bund Puyan Hotel bietet Ihnen die passende L\u00f6sung. <strong>dediziertes Business Center<\/strong> ist Ihre Kommandozentrale vor Ort. Das rund um die Uhr ge\u00f6ffnete Zentrum bietet kostenloses Highspeed-WLAN, ergonomische Arbeitspl\u00e4tze sowie Druck-, Scan- und Faxdienste \u2013 alles kostenlos. F\u00fcr alle, die gerne kollaborativ arbeiten, <strong>Coworking-Bereiche<\/strong> bieten flexible Sitzm\u00f6glichkeiten, die sich perfekt f\u00fcr informelle Teambesprechungen oder konzentriertes Arbeiten eignen.<\/p><div class=\"my-2\">\u00a0<\/div><h3>Professionelle Tagungs- und Konferenzr\u00e4ume<\/h3><p>Planen Sie eine Vorstandssitzung, eine Kundenpr\u00e4sentation oder eine Firmenschulung? Das Hotel bietet Ihnen die M\u00f6glichkeit, \u2026 <strong>Konferenzraum<\/strong> Und <strong>Multifunktionsraum<\/strong> Diese R\u00e4umlichkeiten eignen sich f\u00fcr Gruppen unterschiedlicher Gr\u00f6\u00dfe. Ausgestattet mit modernsten Multimedia-Systemen, HiFi-Audioanlagen und Verdunkelungsvorh\u00e4ngen f\u00fcr optimale Sicht auf die Bildschirme, sind sie ideal f\u00fcr formelle Meetings, Produktpr\u00e4sentationen oder Hybrid-Events. Auch wenn f\u00fcr die Raummiete gegebenenfalls zus\u00e4tzliche Kosten anfallen, garantieren die professionelle Ausstattung und das aufmerksame Personal einen reibungslosen Ablauf Ihrer Veranstaltung \u2013 von der AV-Technik bis zur Catering-Koordination durch das hoteleigene Gourmetrestaurant Hanyuan Private Feast.<\/p><div class=\"my-2\">\u00a0<\/div><h3>Nahtlose Unternehmensdienstleistungen und G\u00e4stebetreuung<\/h3><p>Das Bund Puyan Hotel versteht, dass Gesch\u00e4ftsreisen Pr\u00e4zision erfordern. G\u00e4ste profitieren von <strong>Express-Check-in\/-Check-out<\/strong>, so k\u00f6nnen Sie Ihre Zeit in Shanghai optimal nutzen. <strong>24-Stunden-Rezeption<\/strong> ist mit mehrsprachigen Fachkr\u00e4ften besetzt, darunter auch Mandarin-Sprecher, und ausgestattet mit <strong>Echtzeit-\u00dcbersetzungstools<\/strong> Um Kommunikationsl\u00fccken mit internationalen Kunden oder Partnern zu schlie\u00dfen. M\u00fcssen Sie ein Taxi f\u00fcr ein Meeting in der Innenstadt bestellen? Das Hotel bietet Ihnen die M\u00f6glichkeit dazu. <strong>Taxi-Buchungsservice<\/strong> Wir k\u00fcmmern uns um die Logistik, damit Sie es nicht m\u00fcssen.<\/p><div class=\"my-2\">\u00a0<\/div><h3>Produktivit\u00e4tssteigernde Ausstattungsmerkmale f\u00fcr den modernen Manager<\/h3><p>Neben den Tagungsr\u00e4umen bietet das Hotel durchdachte Annehmlichkeiten, die Ihren t\u00e4glichen Arbeitsablauf unterst\u00fctzen:<\/p><ul dir=\"auto\"><li><strong>Kostenlose Gep\u00e4ckaufbewahrung<\/strong> Sie k\u00f6nnen Ihr Gep\u00e4ck vor dem Check-in oder nach dem Check-out abgeben, w\u00e4hrend Sie kurzfristig Termine wahrnehmen.<\/li><li>A <strong>gut ausgestattetes Fitnessstudio<\/strong> stellt sicher, dass Sie Ihr Fitnessprogramm auch zwischen aufeinanderfolgenden Meetings beibehalten k\u00f6nnen.<\/li><li><strong>Kostenloses WLAN in allen \u00f6ffentlichen Bereichen und G\u00e4stezimmern.<\/strong> H\u00e4lt Sie in Verbindung, egal ob Sie in Ihrer Suite arbeiten oder in der Lobbybar entspannen.<\/li><li><strong>Pers\u00f6nlicher Concierge-Service<\/strong> Sie helfen bei allem, von Restaurantreservierungen bis hin zu Tipps zum Nahverkehr \u2013 und unterst\u00fctzen sogar G\u00e4ste ohne chinesische Telefonnummern bei der Essensbestellung (was von den j\u00fcngsten Rezensenten gelobt wurde).<\/li><\/ul><div class=\"my-2\">\u00a0<\/div><h3>Idealer Ort f\u00fcr Gesch\u00e4ftstreffen und Kundengespr\u00e4che<\/h3><p>Das Hotel liegt strategisch g\u00fcnstig in der N\u00e4he von Shanghais Gesch\u00e4fts- und Kulturzentren und bietet Ihnen somit fu\u00dfl\u00e4ufige Erreichbarkeit wichtiger Sehensw\u00fcrdigkeiten wie <strong>Der Bund<\/strong>, <strong>Yu-Garten<\/strong>, Und <strong>Fu\u00dfg\u00e4ngerzone Nanjing Road<\/strong> Das Hotel eignet sich perfekt, um Kunden beim Abendessen oder w\u00e4hrend Sightseeing-Pausen zu beeindrucken. Nur 4,8 km vom Shanghaier Hauptbahnhof und 15,3 km vom internationalen Flughafen Hongqiao entfernt, bietet es eine optimale Anbindung f\u00fcr Gesch\u00e4ftsreisende aus dem In- und Ausland.<\/p><div class=\"my-2\">\u00a0<\/div><h3>Familienfreundlich f\u00fcr l\u00e4ngere Aufenthalte<\/h3><p>Das Hotel legt zwar Wert auf h\u00f6chste Gesch\u00e4ftsstandards, bietet aber auch F\u00fchrungskr\u00e4ften mit Familien ein komfortables Zuhause. Kinder unter 17 Jahren \u00fcbernachten kostenlos (ohne Zustellbetten), und zu den familienfreundlichen Annehmlichkeiten geh\u00f6ren Kinderbadem\u00e4ntel, Hausschuhe, Zahnb\u00fcrsten und Kinderwagen \u2013 so k\u00f6nnen Sie Ihre Gesch\u00e4ftsreise genie\u00dfen, ohne auf wertvolle Zeit mit Ihren Lieben verzichten zu m\u00fcssen.<\/p><div class=\"my-2\">\u00a0<\/div><p data-spm-anchor-id=\"a2ty_o01.29997173.0.i50.3c86c921ylncTX\">Mit einer herausragenden <strong>9,4 von 10 Punkten basierend auf \u00fcber 16.000 verifizierten Bewertungen<\/strong>, G\u00e4ste loben immer wieder die Sauberkeit, den effizienten Service und die Lage des Hotels \u2013 das macht das Bund Puyan Hotel nicht nur zu einer Unterkunft, sondern zu einem strategischen Vorteil f\u00fcr jede Gesch\u00e4ftsreise in Shanghai. Ob Sie Gesch\u00e4ftsabschl\u00fcsse t\u00e4tigen, Teams leiten oder sich auf internationale Konferenzen vorbereiten, dieses Hotel macht Ihre Gesch\u00e4ftsreise zu einem produktiven, komfortablen und unvergesslichen Erlebnis.<\/p>\t\t\t\t\t\t\t\t<\/div>\n\t\t\t\t\t<\/div>\n\t\t\t\t<\/div>\n\t\t\t\t<section class=\"elementor-section elementor-top-section elementor-element elementor-element-5760a937 elementor-section-stretched elementor-section-boxed elementor-section-gap-beside-yes elementor-section-height-default elementor-section-height-default elementor-section-column-vertical-align-stretch\" data-id=\"5760a937\" data-element_type=\"section\" data-e-type=\"section\" data-settings=\"{&quot;background_background&quot;:&quot;classic&quot;,&quot;stretch_section&quot;:&quot;section-stretched&quot;}\">\n\t\t\t\t\t\t<div class=\"elementor-container elementor-column-gap-extended\">\n\t\t\t\t\t<div class=\"elementor-column elementor-col-100 elementor-top-column elementor-element elementor-element-41471e1b\" data-id=\"41471e1b\" data-element_type=\"column\" data-e-type=\"column\">\n\t\t\t<div class=\"elementor-widget-wrap elementor-element-populated\">\n\t\t\t\t\t\t<div class=\"elementor-element elementor-element-143f6a4c elementor-widget elementor-widget-nuss-heading\" data-id=\"143f6a4c\" data-element_type=\"widget\" data-e-type=\"widget\" data-widget_type=\"nuss-heading.default\">\n\t\t\t\t<div class=\"elementor-widget-container\">\n\t\t\t\t\t\t\t<div class=\"nuss-modern-heading\">\r\n\t\t\t\t\t\t<div class=\"heading-secondary-wrap\">\r\n\t\t\t\t<h3 class=\"heading-secondary elementor-heading-title\">Verf\u00fcgbarkeit pr\u00fcfen <\/h3>\t\t\t<\/div>\r\n\t\t\r\n\t\t\t\r\n\t\t\t\r\n\t\t\t\t\t<\/div>\r\n\t\t\t\t\t<\/div>\n\t\t\t\t<\/div>\n\t\t\t\t<div class=\"elementor-element elementor-element-62b6b9eb elementor-widget elementor-widget-text-editor\" data-id=\"62b6b9eb\" data-element_type=\"widget\" data-e-type=\"widget\" data-widget_type=\"text-editor.default\">\n\t\t\t\t\t\t\t\t\t<iframe border=\"0\" src=\"https:\/\/www.trip.com\/partners\/ad\/S6091738?Allianceid=4590391&#038;SID=268289645&#038;trip_sub1=\" style=\"width:1100px;height:200px\" frameborder=\"0\" scrolling=\"no\" id=\"S6091738\"><\/iframe>\t\t\t\t\t\t\t\t<\/div>\n\t\t\t\t\t<\/div>\n\t\t<\/div>\n\t\t\t\t\t<\/div>\n\t\t<\/section>\n\t\t\t\t<\/div>","protected":false},"excerpt":{"rendered":"<p>The Bund Puyan Hotel, Shanghai: Your Premier Business Hub in the Heart of Huangpu For discerning business travelers and corporate planners seeking a seamless blend of productivity, convenience, and 5-star comfort, The Bund Puyan Hotel, Shanghai at No.398 Beijing East Road stands as an exceptional choice. Nestled in the vibrant Huangpu District \u2014 just a [&hellip;]<\/p>\n","protected":false},"author":1,"featured_media":0,"parent":0,"menu_order":0,"comment_status":"closed","ping_status":"closed","template":"","meta":{"footnotes":""},"class_list":["post-2109","page","type-page","status-publish","hentry","post-no-thumbnail"],"_links":{"self":[{"href":"https:\/\/bundpuyanhotel.com\/de\/wp-json\/wp\/v2\/pages\/2109","targetHints":{"allow":["GET"]}}],"collection":[{"href":"https:\/\/bundpuyanhotel.com\/de\/wp-json\/wp\/v2\/pages"}],"about":[{"href":"https:\/\/bundpuyanhotel.com\/de\/wp-json\/wp\/v2\/types\/page"}],"author":[{"embeddable":true,"href":"https:\/\/bundpuyanhotel.com\/de\/wp-json\/wp\/v2\/users\/1"}],"replies":[{"embeddable":true,"href":"https:\/\/bundpuyanhotel.com\/de\/wp-json\/wp\/v2\/comments?post=2109"}],"version-history":[{"count":0,"href":"https:\/\/bundpuyanhotel.com\/de\/wp-json\/wp\/v2\/pages\/2109\/revisions"}],"wp:attachment":[{"href":"https:\/\/bundpuyanhotel.com\/de\/wp-json\/wp\/v2\/media?parent=2109"}],"curies":[{"name":"wp","href":"https:\/\/api.w.org\/{rel}","templated":true}]}}