{"id":5266,"date":"2021-07-18T08:03:35","date_gmt":"2021-07-18T08:03:35","guid":{"rendered":"https:\/\/nuss.uxper.co\/luxury-resort\/?page_id=5266"},"modified":"2025-10-25T03:47:17","modified_gmt":"2025-10-25T03:47:17","slug":"uber-uns","status":"publish","type":"page","link":"https:\/\/bundpuyanhotel.com\/de\/about-us\/","title":{"rendered":"\u00dcber uns"},"content":{"rendered":"<div data-elementor-type=\"wp-page\" data-elementor-id=\"5266\" class=\"elementor elementor-5266\">\n\t\t\t\t\t\t<section class=\"elementor-section elementor-top-section elementor-element elementor-element-10416953 elementor-section-boxed elementor-section-gap-beside-yes elementor-section-height-default elementor-section-height-default elementor-section-column-vertical-align-stretch\" data-id=\"10416953\" data-element_type=\"section\" data-e-type=\"section\">\n\t\t\t\t\t\t<div class=\"elementor-container elementor-column-gap-extended\">\n\t\t\t\t\t<div class=\"elementor-column elementor-col-100 elementor-top-column elementor-element elementor-element-29c6aa8\" data-id=\"29c6aa8\" data-element_type=\"column\" data-e-type=\"column\">\n\t\t\t<div class=\"elementor-widget-wrap elementor-element-populated\">\n\t\t\t\t\t\t<div class=\"elementor-element elementor-element-7be18fe7 elementor-widget__width-initial elementor-invisible elementor-widget elementor-widget-text-editor\" data-id=\"7be18fe7\" data-element_type=\"widget\" data-e-type=\"widget\" data-settings=\"{&quot;_animation&quot;:&quot;nussFadeInUp&quot;}\" data-widget_type=\"text-editor.default\">\n\t\t\t\t\t\t\t\t\t<div class=\"svelte-1c06zsf\" data-lang-code=\"\"><p data-spm-anchor-id=\"a2ty_o01.29997173.0.i27.ead2c921ZzvKd1\">Ihr stilvolles Tor zum Bund und zur Nanjing Road<\/p><\/div>\t\t\t\t\t\t\t\t<\/div>\n\t\t\t\t\t<\/div>\n\t\t<\/div>\n\t\t\t\t\t<\/div>\n\t\t<\/section>\n\t\t\t\t<section class=\"elementor-section elementor-top-section elementor-element elementor-element-7d18327f elementor-section-boxed elementor-section-gap-beside-yes elementor-section-height-default elementor-section-height-default elementor-section-column-vertical-align-stretch\" data-id=\"7d18327f\" data-element_type=\"section\" data-e-type=\"section\">\n\t\t\t\t\t\t<div class=\"elementor-container elementor-column-gap-extended\">\n\t\t\t\t\t<div class=\"elementor-column elementor-col-50 elementor-top-column elementor-element elementor-element-56533670\" data-id=\"56533670\" data-element_type=\"column\" data-e-type=\"column\">\n\t\t\t<div class=\"elementor-widget-wrap elementor-element-populated\">\n\t\t\t\t\t\t<div class=\"elementor-element elementor-element-19c3f543 elementor-drop-cap-yes elementor-drop-cap-view-default elementor-invisible elementor-widget elementor-widget-text-editor\" data-id=\"19c3f543\" data-element_type=\"widget\" data-e-type=\"widget\" data-settings=\"{&quot;_animation&quot;:&quot;nussFadeInUp&quot;,&quot;drop_cap&quot;:&quot;yes&quot;}\" data-widget_type=\"text-editor.default\">\n\t\t\t\t\t\t\t\t\t<p data-spm-anchor-id=\"a2ty_o01.29997173.0.i34.3c86c921ylncTX\">Eingebettet im pulsierenden Herzen des historischen Huangpu-Viertels von Shanghai, <strong>The Bund Puyan Hotel<\/strong> steht als Symbol f\u00fcr raffinierten Luxus und zeitgen\u00f6ssische Eleganz bei <strong>Nr. 398 Beijing East Road<\/strong>. Dieses elegante 5-Sterne-Hotel wurde 2021 er\u00f6ffnet und verbindet meisterhaft modernes Design mit dem zeitlosen Charme einer der dynamischsten St\u00e4dte der Welt. Nur ein <strong>320 Meter Fu\u00dfweg von der U-Bahn-Station East Nanjing Road<\/strong>, bietet das Hotel m\u00fchelosen Zugang zu Shanghais ber\u00fchmtesten Sehensw\u00fcrdigkeiten \u2013 einschlie\u00dflich <strong>Der Bund<\/strong>, <strong>Yu-Garten<\/strong>, <strong>Fu\u00dfg\u00e4ngerzone Nanjing Road<\/strong>, und die futuristische Skyline von <strong>Lujiazui<\/strong>.<\/p>\t\t\t\t\t\t\t\t<\/div>\n\t\t\t\t\t<\/div>\n\t\t<\/div>\n\t\t\t\t<div class=\"elementor-column elementor-col-50 elementor-top-column elementor-element elementor-element-30f14127\" data-id=\"30f14127\" data-element_type=\"column\" data-e-type=\"column\">\n\t\t\t<div class=\"elementor-widget-wrap elementor-element-populated\">\n\t\t\t\t\t\t<div class=\"elementor-element elementor-element-59aea08 elementor-widget elementor-widget-image\" data-id=\"59aea08\" data-element_type=\"widget\" data-e-type=\"widget\" data-widget_type=\"image.default\">\n\t\t\t\t\t\t\t\t\t\t\t\t\t\t\t<img fetchpriority=\"high\" decoding=\"async\" width=\"568\" height=\"853\" src=\"https:\/\/bundpuyanhotel.com\/wp-content\/uploads\/2025\/10\/The-Bund-Puyan-Hotel-Shanghai-169.webp\" class=\"attachment-large size-large wp-image-7343\" alt=\"\" srcset=\"https:\/\/bundpuyanhotel.com\/wp-content\/uploads\/2025\/10\/The-Bund-Puyan-Hotel-Shanghai-169.webp 568w, https:\/\/bundpuyanhotel.com\/wp-content\/uploads\/2025\/10\/The-Bund-Puyan-Hotel-Shanghai-169-200x300.webp 200w, https:\/\/bundpuyanhotel.com\/wp-content\/uploads\/2025\/10\/The-Bund-Puyan-Hotel-Shanghai-169-8x12.webp 8w\" sizes=\"(max-width: 568px) 100vw, 568px\" \/>\t\t\t\t\t\t\t\t\t\t\t\t\t\t\t<\/div>\n\t\t\t\t\t<\/div>\n\t\t<\/div>\n\t\t\t\t\t<\/div>\n\t\t<\/section>\n\t\t\t\t<section class=\"elementor-section elementor-top-section elementor-element elementor-element-29fb8578 elementor-section-height-min-height elementor-section-stretched elementor-section-full_width elementor-section-items-stretch elementor-section-height-default elementor-section-column-vertical-align-stretch\" data-id=\"29fb8578\" data-element_type=\"section\" data-e-type=\"section\" data-settings=\"{&quot;stretch_section&quot;:&quot;section-stretched&quot;}\">\n\t\t\t\t\t\t<div class=\"elementor-container elementor-column-gap-no\">\n\t\t\t\t\t<div class=\"elementor-column elementor-col-50 elementor-top-column elementor-element elementor-element-40ac270b\" data-id=\"40ac270b\" data-element_type=\"column\" data-e-type=\"column\">\n\t\t\t<div class=\"elementor-widget-wrap elementor-element-populated\">\n\t\t\t\t\t\t<div class=\"elementor-element elementor-element-20872773 elementor-widget__width-initial elementor-widget-mobile__width-inherit elementor-invisible nuss-elementor-loading nuss-slide-in-right elementor-widget elementor-widget-image\" data-id=\"20872773\" data-element_type=\"widget\" data-e-type=\"widget\" data-settings=\"{&quot;_animation&quot;:&quot;nussSlideInRight&quot;}\" data-widget_type=\"image.default\">\n\t\t\t\t\t\t\t\t\t\t\t\t\t\t\t<img decoding=\"async\" width=\"1280\" height=\"853\" src=\"https:\/\/bundpuyanhotel.com\/wp-content\/uploads\/2025\/10\/The-Bund-Puyan-Hotel-Shanghai-32.webp\" class=\"attachment-full size-full wp-image-7206\" alt=\"\" srcset=\"https:\/\/bundpuyanhotel.com\/wp-content\/uploads\/2025\/10\/The-Bund-Puyan-Hotel-Shanghai-32.webp 1280w, https:\/\/bundpuyanhotel.com\/wp-content\/uploads\/2025\/10\/The-Bund-Puyan-Hotel-Shanghai-32-300x200.webp 300w, https:\/\/bundpuyanhotel.com\/wp-content\/uploads\/2025\/10\/The-Bund-Puyan-Hotel-Shanghai-32-1024x682.webp 1024w, https:\/\/bundpuyanhotel.com\/wp-content\/uploads\/2025\/10\/The-Bund-Puyan-Hotel-Shanghai-32-768x512.webp 768w, https:\/\/bundpuyanhotel.com\/wp-content\/uploads\/2025\/10\/The-Bund-Puyan-Hotel-Shanghai-32-18x12.webp 18w\" sizes=\"(max-width: 1280px) 100vw, 1280px\" \/>\t\t\t\t\t\t\t\t\t\t\t\t\t\t\t<\/div>\n\t\t\t\t\t<\/div>\n\t\t<\/div>\n\t\t\t\t<div class=\"elementor-column elementor-col-50 elementor-top-column elementor-element elementor-element-2dac103\" data-id=\"2dac103\" data-element_type=\"column\" data-e-type=\"column\">\n\t\t\t<div class=\"elementor-widget-wrap elementor-element-populated\">\n\t\t\t\t\t\t<div class=\"elementor-element elementor-element-6f1b8966 elementor-invisible elementor-widget elementor-widget-text-editor\" data-id=\"6f1b8966\" data-element_type=\"widget\" data-e-type=\"widget\" data-settings=\"{&quot;_animation&quot;:&quot;nussFadeInUp&quot;}\" data-widget_type=\"text-editor.default\">\n\t\t\t\t\t\t\t\t\t<p data-spm-anchor-id=\"a2ty_o01.29997173.0.i36.3c86c921ylncTX\">Das Bund Puyan Hotel wurde f\u00fcr anspruchsvolle Reisende konzipiert, die Komfort und Bequemlichkeit suchen. Es bietet <strong>187 liebevoll eingerichtete Zimmer und Suiten<\/strong> erstreckt sich \u00fcber die Etagen 5 bis 17. Jedes Zimmer \u2013 zwischen 36 und 52 Quadratmetern \u2013 verf\u00fcgt \u00fcber <strong>raumhohe Erkerfenster<\/strong> die einen atemberaubenden Blick auf den Huangpu-Fluss oder die glitzernde Stadtlandschaft der Innenstadt von Shanghai bieten. Die G\u00e4ste genie\u00dfen erstklassige Annehmlichkeiten wie <strong>bequeme Kingsize- oder Queensize-Betten<\/strong>, <strong>Marmorb\u00e4der mit tiefen Badewannen und Bidets<\/strong>, <strong>kostenloses Highspeed-WLAN<\/strong>, <strong>Klimaanlage<\/strong>, Und <strong>gut gef\u00fcllte Minibars<\/strong>, alles in einer ruhigen, rauchfreien Umgebung.<\/p><div class=\"my-2\">\u00a0<\/div><p>Kulinarische Spitzenleistungen erwarten Sie im <strong>Privates Hanyuan-Fest (Zweigstelle Suhe Bay)<\/strong>, das hoteleigene Restaurant, spezialisiert auf <strong>Gehobene kantonesische und chinesische K\u00fcche<\/strong>. Das Restaurant ist t\u00e4glich zum Mittag- (11:00\u201314:00) und Abendessen (17:00\u201323:00) ge\u00f6ffnet und bietet ein gem\u00fctliches Ambiente f\u00fcr den Genuss kunstvoll zubereiteter Gerichte aus saisonalen Zutaten. Der Morgen beginnt mit einem <strong>abwechslungsreiches Fr\u00fchst\u00fccksbuffet<\/strong> Es bietet sowohl westliche als auch chinesische Gerichte und wird von 07:00 bis 09:30 Uhr serviert \u2013 ein perfekter Start, bevor Sie die Stadt erkunden.<\/p>\t\t\t\t\t\t\t\t<\/div>\n\t\t\t\t\t<\/div>\n\t\t<\/div>\n\t\t\t\t\t<\/div>\n\t\t<\/section>\n\t\t\t\t<section class=\"elementor-section elementor-top-section elementor-element elementor-element-56c64c0 elementor-section-height-min-height elementor-section-stretched elementor-section-full_width elementor-section-items-stretch elementor-section-height-default elementor-section-column-vertical-align-stretch\" data-id=\"56c64c0\" data-element_type=\"section\" data-e-type=\"section\" data-settings=\"{&quot;stretch_section&quot;:&quot;section-stretched&quot;}\">\n\t\t\t\t\t\t<div class=\"elementor-container elementor-column-gap-no\">\n\t\t\t\t\t<div class=\"elementor-column elementor-col-50 elementor-top-column elementor-element elementor-element-84f520e\" data-id=\"84f520e\" data-element_type=\"column\" data-e-type=\"column\">\n\t\t\t<div class=\"elementor-widget-wrap elementor-element-populated\">\n\t\t\t\t\t\t<div class=\"elementor-element elementor-element-137bc6b elementor-invisible elementor-widget elementor-widget-text-editor\" data-id=\"137bc6b\" data-element_type=\"widget\" data-e-type=\"widget\" data-settings=\"{&quot;_animation&quot;:&quot;nussFadeInUp&quot;}\" data-widget_type=\"text-editor.default\">\n\t\t\t\t\t\t\t\t\t<p data-spm-anchor-id=\"a2ty_o01.29997173.0.i39.3c86c921ylncTX\">Neben seinen stilvollen Unterk\u00fcnften und Restaurants zeichnet sich das Bund Puyan Hotel durch <strong>innovative Dienstleistungen und g\u00e4steorientierte Einrichtungen<\/strong>. Zu den Highlights z\u00e4hlen <strong>24\/7-Support an der Rezeption<\/strong>, <strong>Express-Check-in\/-Check-out<\/strong>, <strong data-spm-anchor-id=\"a2ty_o01.29997173.0.i38.3c86c921ylncTX\">mehrsprachiges Personal mit Echtzeit-\u00dcbersetzungstools<\/strong>, <strong>Serviceroboter f\u00fcr kontaktlosen Komfort<\/strong>, und ein <strong>voll ausgestattetes Fitnessstudio<\/strong> f\u00fcr wellnessorientierte G\u00e4ste. Zus\u00e4tzliche Annehmlichkeiten wie ein <strong>Gesch\u00e4ftszentrum<\/strong>, <strong>Konferenz- und Multifunktionsr\u00e4ume<\/strong>, <strong>Kartenraum<\/strong>, <strong>kostenlose Gep\u00e4ckaufbewahrung<\/strong>, <strong>Annehmlichkeiten f\u00fcr Kinder<\/strong>, Und <strong>rollstuhlgerechte Eing\u00e4nge<\/strong> sorgen f\u00fcr einen reibungslosen Aufenthalt sowohl f\u00fcr Urlauber als auch f\u00fcr Gesch\u00e4ftsreisende.<\/p><div class=\"my-2\">\u00a0<\/div><p>Mit einem <strong>Hervorragende Bewertung von 9,4\/10 aus \u00fcber 16.150 verifizierten G\u00e4stebewertungen<\/strong>, Das Bund Puyan Hotel erh\u00e4lt regelm\u00e4\u00dfig Lob f\u00fcr seine <strong>tadellose Sauberkeit<\/strong>, <strong>aufmerksamer Service<\/strong>, <strong>erstklassige Lage<\/strong>, Und <strong>Liebe zum Detail<\/strong>\u2013 von Bidets, die von internationalen G\u00e4sten gesch\u00e4tzt werden, bis hin zu kuratierten lokalen Einblicken des Concierge-Teams. Egal, ob Sie Shanghai gesch\u00e4ftlich, kulturell oder f\u00fcr einen Luxusurlaub besuchen, das Bund Puyan Hotel bietet ein unvergessliches urbanes Refugium, in dem Tradition auf Innovation trifft, nur wenige Schritte vom Puls der Stadt entfernt.<\/p>\t\t\t\t\t\t\t\t<\/div>\n\t\t\t\t\t<\/div>\n\t\t<\/div>\n\t\t\t\t<div class=\"elementor-column elementor-col-50 elementor-top-column elementor-element elementor-element-181311a\" data-id=\"181311a\" data-element_type=\"column\" data-e-type=\"column\">\n\t\t\t<div class=\"elementor-widget-wrap elementor-element-populated\">\n\t\t\t\t\t\t<div class=\"elementor-element elementor-element-cc742ac elementor-widget__width-initial elementor-widget-mobile__width-inherit elementor-invisible nuss-elementor-loading nuss-slide-in-right elementor-widget elementor-widget-image\" data-id=\"cc742ac\" data-element_type=\"widget\" data-e-type=\"widget\" data-settings=\"{&quot;_animation&quot;:&quot;nussSlideInRight&quot;}\" data-widget_type=\"image.default\">\n\t\t\t\t\t\t\t\t\t\t\t\t\t\t\t<img decoding=\"async\" width=\"1280\" height=\"853\" src=\"https:\/\/bundpuyanhotel.com\/wp-content\/uploads\/2025\/10\/The-Bund-Puyan-Hotel-Shanghai-182.webp\" class=\"attachment-full size-full wp-image-7356\" alt=\"\" srcset=\"https:\/\/bundpuyanhotel.com\/wp-content\/uploads\/2025\/10\/The-Bund-Puyan-Hotel-Shanghai-182.webp 1280w, https:\/\/bundpuyanhotel.com\/wp-content\/uploads\/2025\/10\/The-Bund-Puyan-Hotel-Shanghai-182-300x200.webp 300w, https:\/\/bundpuyanhotel.com\/wp-content\/uploads\/2025\/10\/The-Bund-Puyan-Hotel-Shanghai-182-1024x682.webp 1024w, https:\/\/bundpuyanhotel.com\/wp-content\/uploads\/2025\/10\/The-Bund-Puyan-Hotel-Shanghai-182-768x512.webp 768w, https:\/\/bundpuyanhotel.com\/wp-content\/uploads\/2025\/10\/The-Bund-Puyan-Hotel-Shanghai-182-18x12.webp 18w\" sizes=\"(max-width: 1280px) 100vw, 1280px\" \/>\t\t\t\t\t\t\t\t\t\t\t\t\t\t\t<\/div>\n\t\t\t\t\t<\/div>\n\t\t<\/div>\n\t\t\t\t\t<\/div>\n\t\t<\/section>\n\t\t\t\t<section class=\"elementor-section elementor-top-section elementor-element elementor-element-2092b7d0 elementor-section-stretched elementor-section-boxed elementor-section-gap-beside-yes elementor-section-height-default elementor-section-height-default elementor-section-column-vertical-align-stretch\" data-id=\"2092b7d0\" data-element_type=\"section\" data-e-type=\"section\" data-settings=\"{&quot;background_background&quot;:&quot;classic&quot;,&quot;stretch_section&quot;:&quot;section-stretched&quot;}\">\n\t\t\t\t\t\t<div class=\"elementor-container elementor-column-gap-extended\">\n\t\t\t\t\t<div class=\"elementor-column elementor-col-100 elementor-top-column elementor-element elementor-element-be69d75\" data-id=\"be69d75\" data-element_type=\"column\" data-e-type=\"column\">\n\t\t\t<div class=\"elementor-widget-wrap elementor-element-populated\">\n\t\t\t\t\t\t<div class=\"elementor-element elementor-element-320c022 elementor-widget elementor-widget-nuss-heading\" data-id=\"320c022\" data-element_type=\"widget\" data-e-type=\"widget\" data-widget_type=\"nuss-heading.default\">\n\t\t\t\t<div class=\"elementor-widget-container\">\n\t\t\t\t\t\t\t<div class=\"nuss-modern-heading\">\r\n\t\t\t\t\t\t<div class=\"heading-secondary-wrap\">\r\n\t\t\t\t<h3 class=\"heading-secondary elementor-heading-title\">Verf\u00fcgbarkeit pr\u00fcfen <\/h3>\t\t\t<\/div>\r\n\t\t\r\n\t\t\t\r\n\t\t\t\r\n\t\t\t\t\t<\/div>\r\n\t\t\t\t\t<\/div>\n\t\t\t\t<\/div>\n\t\t\t\t<div class=\"elementor-element elementor-element-fe69a93 elementor-widget elementor-widget-text-editor\" data-id=\"fe69a93\" data-element_type=\"widget\" data-e-type=\"widget\" data-widget_type=\"text-editor.default\">\n\t\t\t\t\t\t\t\t\t<iframe border=\"0\" src=\"https:\/\/www.trip.com\/partners\/ad\/S6091738?Allianceid=4590391&#038;SID=268289645&#038;trip_sub1=\" style=\"width:1100px;height:200px\" frameborder=\"0\" scrolling=\"no\" id=\"S6091738\"><\/iframe>\t\t\t\t\t\t\t\t<\/div>\n\t\t\t\t\t<\/div>\n\t\t<\/div>\n\t\t\t\t\t<\/div>\n\t\t<\/section>\n\t\t\t\t<\/div>","protected":false},"excerpt":{"rendered":"<p>Your Stylish Gateway to the Bund &amp; Nanjing Road Nestled in the vibrant heart of Shanghai\u2019s historic Huangpu District, The Bund Puyan Hotel stands as a beacon of refined luxury and contemporary elegance at No. 398 Beijing East Road. Opened in 2021, this sophisticated 5-star hotel masterfully blends modern design with the timeless charm of [&hellip;]<\/p>\n","protected":false},"author":1,"featured_media":0,"parent":0,"menu_order":0,"comment_status":"closed","ping_status":"closed","template":"","meta":{"footnotes":""},"class_list":["post-5266","page","type-page","status-publish","hentry","post-no-thumbnail"],"_links":{"self":[{"href":"https:\/\/bundpuyanhotel.com\/de\/wp-json\/wp\/v2\/pages\/5266","targetHints":{"allow":["GET"]}}],"collection":[{"href":"https:\/\/bundpuyanhotel.com\/de\/wp-json\/wp\/v2\/pages"}],"about":[{"href":"https:\/\/bundpuyanhotel.com\/de\/wp-json\/wp\/v2\/types\/page"}],"author":[{"embeddable":true,"href":"https:\/\/bundpuyanhotel.com\/de\/wp-json\/wp\/v2\/users\/1"}],"replies":[{"embeddable":true,"href":"https:\/\/bundpuyanhotel.com\/de\/wp-json\/wp\/v2\/comments?post=5266"}],"version-history":[{"count":0,"href":"https:\/\/bundpuyanhotel.com\/de\/wp-json\/wp\/v2\/pages\/5266\/revisions"}],"wp:attachment":[{"href":"https:\/\/bundpuyanhotel.com\/de\/wp-json\/wp\/v2\/media?parent=5266"}],"curies":[{"name":"wp","href":"https:\/\/api.w.org\/{rel}","templated":true}]}}