{"id":612,"date":"2021-03-26T10:04:13","date_gmt":"2021-03-26T10:04:13","guid":{"rendered":"http:\/\/localhost\/nuss\/?page_id=612"},"modified":"2025-10-25T05:02:55","modified_gmt":"2025-10-25T05:02:55","slug":"restaurant","status":"publish","type":"page","link":"https:\/\/bundpuyanhotel.com\/de\/restaurant\/","title":{"rendered":"Restaurant"},"content":{"rendered":"<div data-elementor-type=\"wp-page\" data-elementor-id=\"612\" class=\"elementor elementor-612\">\n\t\t\t\t\t\t<section class=\"elementor-section elementor-top-section elementor-element elementor-element-e2effe8 elementor-section-boxed elementor-section-gap-beside-yes elementor-section-height-default elementor-section-height-default elementor-section-column-vertical-align-stretch\" data-id=\"e2effe8\" data-element_type=\"section\" data-e-type=\"section\">\n\t\t\t\t\t\t<div class=\"elementor-container elementor-column-gap-extended\">\n\t\t\t\t\t<div class=\"elementor-column elementor-col-100 elementor-top-column elementor-element elementor-element-e18f688\" data-id=\"e18f688\" data-element_type=\"column\" data-e-type=\"column\">\n\t\t\t<div class=\"elementor-widget-wrap elementor-element-populated\">\n\t\t\t\t\t\t<div class=\"elementor-element elementor-element-6db146d elementor-widget__width-initial elementor-invisible elementor-widget elementor-widget-text-editor\" data-id=\"6db146d\" data-element_type=\"widget\" data-e-type=\"widget\" data-settings=\"{&quot;_animation&quot;:&quot;nussFadeInUp&quot;}\" data-widget_type=\"text-editor.default\">\n\t\t\t\t\t\t\t\t\t<div class=\"svelte-1c06zsf\" data-lang-code=\"\"><p><strong data-spm-anchor-id=\"a2ty_o01.29997173.0.i77.3c86c921ylncTX\">Genie\u00dfen Sie die Seele Shanghais: Eine unvergessliche kulinarische Reise beim Hanyuan Private Feast, The Bund Puyan Hotel<\/strong><\/p><\/div>\t\t\t\t\t\t\t\t<\/div>\n\t\t\t\t\t<\/div>\n\t\t<\/div>\n\t\t\t\t\t<\/div>\n\t\t<\/section>\n\t\t<div class=\"elementor-element elementor-element-764955e e-flex e-con-boxed e-con e-parent\" data-id=\"764955e\" data-element_type=\"container\" data-e-type=\"container\">\n\t\t\t\t\t<div class=\"e-con-inner\">\n\t\t<div class=\"elementor-element elementor-element-3a71d84 e-con-full e-flex e-con e-child\" data-id=\"3a71d84\" data-element_type=\"container\" data-e-type=\"container\">\n\t\t\t\t<div class=\"elementor-element elementor-element-81a00fb elementor-widget elementor-widget-text-editor\" data-id=\"81a00fb\" data-element_type=\"widget\" data-e-type=\"widget\" data-widget_type=\"text-editor.default\">\n\t\t\t\t\t\t\t\t\t<p data-spm-anchor-id=\"a2ty_o01.29997173.0.i79.3c86c921ylncTX\">Eingebettet in die raffinierte Eleganz von <strong>The Bund Puyan Hotel<\/strong> bei <strong>Nr. 398 Beijing East Road<\/strong>, <strong>Privates Hanyuan-Fest (Zweigstelle Suhe Bay)<\/strong> ist nicht nur ein Restaurant \u2013 es ist ein umfassendes Erlebnis, bei dem das reiche Erbe der kantonesischen K\u00fcche auf die kultivierte Energie des modernen Shanghai trifft. Dieses 2021 neben dem Hotel er\u00f6ffnete Restaurant hat sich schnell zu einem Favoriten unter anspruchsvollen Reisenden und einheimischen Feinschmeckern entwickelt und bietet mehr als nur Mahlzeiten \u2013 es bietet Momente zum Genie\u00dfen, Erinnerungen zum Sch\u00e4tzen und Aromen, die noch lange nach Ihrer Abreise nachklingen.<\/p>\t\t\t\t\t\t\t\t<\/div>\n\t\t\t\t<\/div>\n\t\t<div class=\"elementor-element elementor-element-bb76a06 e-con-full e-flex e-con e-child\" data-id=\"bb76a06\" data-element_type=\"container\" data-e-type=\"container\">\n\t\t\t\t<div class=\"elementor-element elementor-element-636ac5f elementor-widget elementor-widget-image\" data-id=\"636ac5f\" data-element_type=\"widget\" data-e-type=\"widget\" data-widget_type=\"image.default\">\n\t\t\t\t\t\t\t\t\t\t\t\t\t\t\t<img fetchpriority=\"high\" decoding=\"async\" width=\"1024\" height=\"682\" src=\"https:\/\/bundpuyanhotel.com\/wp-content\/uploads\/2025\/10\/The-Bund-Puyan-Hotel-Shanghai-98-1024x682.webp\" class=\"attachment-large size-large wp-image-7272\" alt=\"\" srcset=\"https:\/\/bundpuyanhotel.com\/wp-content\/uploads\/2025\/10\/The-Bund-Puyan-Hotel-Shanghai-98-1024x682.webp 1024w, https:\/\/bundpuyanhotel.com\/wp-content\/uploads\/2025\/10\/The-Bund-Puyan-Hotel-Shanghai-98-300x200.webp 300w, https:\/\/bundpuyanhotel.com\/wp-content\/uploads\/2025\/10\/The-Bund-Puyan-Hotel-Shanghai-98-768x512.webp 768w, https:\/\/bundpuyanhotel.com\/wp-content\/uploads\/2025\/10\/The-Bund-Puyan-Hotel-Shanghai-98-18x12.webp 18w, https:\/\/bundpuyanhotel.com\/wp-content\/uploads\/2025\/10\/The-Bund-Puyan-Hotel-Shanghai-98.webp 1280w\" sizes=\"(max-width: 1024px) 100vw, 1024px\" \/>\t\t\t\t\t\t\t\t\t\t\t\t\t\t\t<\/div>\n\t\t\t\t<\/div>\n\t\t\t\t\t<\/div>\n\t\t\t\t<\/div>\n\t\t<div class=\"elementor-element elementor-element-e5626a7 e-flex e-con-boxed e-con e-parent\" data-id=\"e5626a7\" data-element_type=\"container\" data-e-type=\"container\">\n\t\t\t\t\t<div class=\"e-con-inner\">\n\t\t\t\t<div class=\"elementor-element elementor-element-4ac24e6 elementor-widget elementor-widget-nuss-image-gallery\" data-id=\"4ac24e6\" data-element_type=\"widget\" data-e-type=\"widget\" data-widget_type=\"nuss-image-gallery.default\">\n\t\t\t\t<div class=\"elementor-widget-container\">\n\t\t\t\t\t\t\t<div class=\"nuss-grid-wrapper\" data-grid=\"{&quot;type&quot;:&quot;grid&quot;,&quot;ratio&quot;:null,&quot;columns&quot;:3,&quot;gutter&quot;:30}\">\r\n\t\t\t<div class=\"nuss-grid lazy-grid\">\r\n\t\t\t\t<div class=\"grid-sizer\"><\/div>\r\n\r\n\t\t\t\t\t\t\t\t\t\t\t\t<div class=\"grid-item\">\r\n\t\t\t\t\t\t<div class=\"nuss-box\">\t\t<div class=\"nuss-image image\">\r\n\t\t\t<img decoding=\"async\"  src=\"https:\/\/bundpuyanhotel.com\/wp-content\/uploads\/2025\/10\/The-Bund-Puyan-Hotel-Shanghai-83.webp\" alt=\"The Bund Puyan Hotel Shanghai (83)\" \/>\t\t<\/div>\r\n\t\t\t\t<\/div>\t\t\t\t\t<\/div>\r\n\t\t\t\t\t\t<div class=\"grid-item\">\r\n\t\t\t\t\t\t<div class=\"nuss-box\">\t\t<div class=\"nuss-image image\">\r\n\t\t\t<img decoding=\"async\"  src=\"https:\/\/bundpuyanhotel.com\/wp-content\/uploads\/2025\/10\/The-Bund-Puyan-Hotel-Shanghai-92.webp\" alt=\"The Bund Puyan Hotel Shanghai (92)\" \/>\t\t<\/div>\r\n\t\t\t\t<\/div>\t\t\t\t\t<\/div>\r\n\t\t\t\t\t\t<div class=\"grid-item\">\r\n\t\t\t\t\t\t<div class=\"nuss-box\">\t\t<div class=\"nuss-image image\">\r\n\t\t\t<img decoding=\"async\"  src=\"https:\/\/bundpuyanhotel.com\/wp-content\/uploads\/2025\/10\/The-Bund-Puyan-Hotel-Shanghai-93.webp\" alt=\"The Bund Puyan Hotel Shanghai (93)\" \/>\t\t<\/div>\r\n\t\t\t\t<\/div>\t\t\t\t\t<\/div>\r\n\t\t\t\t\t\t<div class=\"grid-item\">\r\n\t\t\t\t\t\t<div class=\"nuss-box\">\t\t<div class=\"nuss-image image\">\r\n\t\t\t<img decoding=\"async\"  src=\"https:\/\/bundpuyanhotel.com\/wp-content\/uploads\/2025\/10\/The-Bund-Puyan-Hotel-Shanghai-9.webp\" alt=\"The Bund Puyan Hotel Shanghai (9)\" \/>\t\t<\/div>\r\n\t\t\t\t<\/div>\t\t\t\t\t<\/div>\r\n\t\t\t\t\t\t<div class=\"grid-item\">\r\n\t\t\t\t\t\t<div class=\"nuss-box\">\t\t<div class=\"nuss-image image\">\r\n\t\t\t<img decoding=\"async\"  src=\"https:\/\/bundpuyanhotel.com\/wp-content\/uploads\/2025\/10\/The-Bund-Puyan-Hotel-Shanghai-130.webp\" alt=\"The Bund Puyan Hotel Shanghai (130)\" \/>\t\t<\/div>\r\n\t\t\t\t<\/div>\t\t\t\t\t<\/div>\r\n\t\t\t\t\t\t<div class=\"grid-item\">\r\n\t\t\t\t\t\t<div class=\"nuss-box\">\t\t<div class=\"nuss-image image\">\r\n\t\t\t<img decoding=\"async\"  src=\"https:\/\/bundpuyanhotel.com\/wp-content\/uploads\/2025\/10\/The-Bund-Puyan-Hotel-Shanghai-65.webp\" alt=\"The Bund Puyan Hotel Shanghai (65)\" \/>\t\t<\/div>\r\n\t\t\t\t<\/div>\t\t\t\t\t<\/div>\r\n\t\t\t\t\t\t<div class=\"grid-item\">\r\n\t\t\t\t\t\t<div class=\"nuss-box\">\t\t<div class=\"nuss-image image\">\r\n\t\t\t<img decoding=\"async\"  src=\"https:\/\/bundpuyanhotel.com\/wp-content\/uploads\/2025\/10\/The-Bund-Puyan-Hotel-Shanghai-43.webp\" alt=\"The Bund Puyan Hotel Shanghai (43)\" \/>\t\t<\/div>\r\n\t\t\t\t<\/div>\t\t\t\t\t<\/div>\r\n\t\t\t\t\t\t<div class=\"grid-item\">\r\n\t\t\t\t\t\t<div class=\"nuss-box\">\t\t<div class=\"nuss-image image\">\r\n\t\t\t<img decoding=\"async\"  src=\"https:\/\/bundpuyanhotel.com\/wp-content\/uploads\/2025\/10\/The-Bund-Puyan-Hotel-Shanghai-32.webp\" alt=\"The Bund Puyan Hotel Shanghai (32)\" \/>\t\t<\/div>\r\n\t\t\t\t<\/div>\t\t\t\t\t<\/div>\r\n\t\t\t\t\t\t<div class=\"grid-item\">\r\n\t\t\t\t\t\t<div class=\"nuss-box\">\t\t<div class=\"nuss-image image\">\r\n\t\t\t<img decoding=\"async\"  src=\"https:\/\/bundpuyanhotel.com\/wp-content\/uploads\/2025\/10\/The-Bund-Puyan-Hotel-Shanghai-173.webp\" alt=\"The Bund Puyan Hotel Shanghai (173)\" \/>\t\t<\/div>\r\n\t\t\t\t<\/div>\t\t\t\t\t<\/div>\r\n\t\t\t\t\t\t\t\r\n\t\t\t<\/div>\r\n\t\t<\/div>\r\n\t\t\t\t\t\t<\/div>\n\t\t\t\t<\/div>\n\t\t\t\t\t<\/div>\n\t\t\t\t<\/div>\n\t\t<div class=\"elementor-element elementor-element-d05381b e-flex e-con-boxed e-con e-parent\" data-id=\"d05381b\" data-element_type=\"container\" data-e-type=\"container\">\n\t\t\t\t\t<div class=\"e-con-inner\">\n\t\t\t\t<div class=\"elementor-element elementor-element-53bd849 elementor-widget elementor-widget-text-editor\" data-id=\"53bd849\" data-element_type=\"widget\" data-e-type=\"widget\" data-widget_type=\"text-editor.default\">\n\t\t\t\t\t\t\t\t\t<h3 data-spm-anchor-id=\"a2ty_o01.29997173.0.i81.3c86c921ylncTX\">Wo Tradition auf zeitgen\u00f6ssische Raffinesse trifft<\/h3><p>Betreten Sie das Hanyuan Private Feast und tauchen Sie ein in eine Atmosph\u00e4re dezenten Luxus. Mit klaren Linien, warmen Holzakzenten und stimmungsvoller Beleuchtung schafft das Restaurant die perfekte Balance zwischen intimer Eleganz und entspanntem Komfort. Ob Gesch\u00e4ftsessen mit Kollegen oder romantisches Abendessen zu zweit \u2013 jedes Detail \u2013 von der sorgf\u00e4ltig arrangierten Tischdekoration bis zum aufmerksamen und unaufdringlichen Service \u2013 ist darauf ausgerichtet, Ihr kulinarisches Erlebnis zu veredeln.<\/p><div class=\"my-2\">\u00a0<\/div><p data-spm-anchor-id=\"a2ty_o01.29997173.0.i80.3c86c921ylncTX\">Unsere kulinarische Philosophie ist einfach: Tradition bewahren und gleichzeitig Innovation f\u00f6rdern. Unter der Leitung von K\u00f6chen, die in der kantonesischen K\u00fcche ausgebildet sind \u2013 einer K\u00fcche, die f\u00fcr ihre ausgewogene Balance aus Geschmack, Textur und Pr\u00e4sentation bekannt ist \u2013 verwenden wir die frischesten saisonalen Zutaten, um Gerichte zu kreieren, die optisch ebenso umwerfend wie k\u00f6stlich sind. Von langsam geschmortem Schweinebauch mit eingelegtem Gem\u00fcse bis hin zu ged\u00e4mpftem Wolfsbarsch mit Ingwer und Fr\u00fchlingszwiebeln erz\u00e4hlt jeder Teller eine Geschichte, die in jahrhundertelanger chinesischer Kochkunst verwurzelt ist und f\u00fcr den heutigen Gaumen neu interpretiert wurde.<\/p><div class=\"my-2\">\u00a0<\/div><h3>Ein Men\u00fc f\u00fcr anspruchsvolle Geschm\u00e4cker<\/h3><p>Bei Hanyuan Private Feast glauben wir, dass Essen eine Entdeckungsreise sein sollte. Unsere Speisekarte bietet eine Reihe von <strong>raffinierte kantonesische Spezialit\u00e4ten<\/strong> neben ausgew\u00e4hlten <strong>Chinesische Klassiker<\/strong>, alles mit Pr\u00e4zision und Leidenschaft zubereitet. Beginnen Sie Ihre Mahlzeit mit typischen Vorspeisen wie knusprigen Fr\u00fchlingsrollen oder Dim-Sum-Platten und gehen Sie dann zu Hauptgerichten wie geschmorter Abalone mit Shiitake-Pilzen, Reis aus dem Tontopf mit Lap-Cheong-Wurst oder im Wok gebratenen Nudeln mit frischen Meeresfr\u00fcchten \u00fcber.<\/p><div class=\"my-2\">\u00a0<\/div><p>F\u00fcr alle, die etwas wirklich Einzigartiges suchen, bietet das Degustationsmen\u00fc unseres K\u00fcchenchefs eine kuratierte Reise durch die besten Angebote der Saison \u2013 eine perfekte Wahl f\u00fcr besondere Anl\u00e4sse oder wenn Sie Ihr Essen in die H\u00e4nde kulinarischer Experten legen m\u00f6chten.<\/p><div class=\"my-2\">\u00a0<\/div><p>Und vergessen Sie nicht das Dessert \u2013 ob seidiger Mangopudding, s\u00fc\u00dfe rote Bohnensuppe oder eine moderne Version traditioneller Mondkuchen, unser Konditorenteam sorgt daf\u00fcr, dass Ihre Mahlzeit mit einem Hauch puren Genusses endet.<\/p><div class=\"my-2\">\u00a0<\/div><h3>Perfekt abgestimmt auf jeden Anlass<\/h3><p>Egal, ob Sie vor einem Tag voller Besichtigungen Kraft tanken oder nach der Erkundung des Bundes entspannen m\u00f6chten, Hanyuan Private Feast ist t\u00e4glich ge\u00f6ffnet f\u00fcr <strong>Mittagessen (11:00\u201314:00)<\/strong> Und <strong>Abendessen (17:00\u201323:00)<\/strong>, sodass es auch in den vollen Terminkalender passt. Viele G\u00e4ste beginnen ihren Morgen mit unserem <strong>Fr\u00fchst\u00fccksbuffet im westlichen und chinesischen Stil<\/strong> (serviert von 07:00 bis 09:30 Uhr) mit allem von frisch gebackenem Geb\u00e4ck und R\u00fchrei bis hin zu Reisbrei, ged\u00e4mpften Br\u00f6tchen und Sojamilch \u2013 eine k\u00f6stliche Mischung aus globalen und lokalen Spezialit\u00e4ten, die Ihnen Energie f\u00fcr den Tag geben.<\/p><div class=\"my-2\">\u00a0<\/div><h3>Mehr als nur Essen \u2013 es geht um Verbindung<\/h3><p>Im Hanyuan Private Feast geht es um mehr als nur den Hunger zu stillen. Es geht um Verbundenheit \u2013 mit Kultur, Ort und Menschen. Unsere Mitarbeiter sprechen flie\u00dfend Mandarin und sind mit \u00dcbersetzungstools ausgestattet. Gerne f\u00fchren wir Sie durch die Speisekarte, erkl\u00e4ren Ihnen regionale Spezialit\u00e4ten und empfehlen Ihnen passende Kombinationen mit unseren sorgf\u00e4ltig ausgew\u00e4hlten Tees und Weinen. Gemeinsam reisende Familien werden die liebevollen Details zu sch\u00e4tzen wissen, darunter Kinderportionen und Hochst\u00fchle. Gesch\u00e4ftsreisende k\u00f6nnen private R\u00e4ume f\u00fcr diskrete Meetings oder festliche Abendessen reservieren.<\/p><div class=\"my-2\">\u00a0<\/div><h3>Im Herzen der kulinarischen und kulturellen Szene Shanghais gelegen<\/h3><p>Nur wenige Schritte entfernt <strong>U-Bahn-Station East Nanjing Road<\/strong> und einen kurzen 10-min\u00fctigen Spaziergang zu <strong>Der Bund<\/strong> Und <strong>Yu-Garten<\/strong>, Das Hanyuan Private Feast bringt Sie mitten in Shanghais lebendigste Viertel. Nach dem Essen k\u00f6nnen Sie durch die belebten Stra\u00dfen mit ihren zahlreichen Imbissst\u00e4nden, Boutiquen und historischer Architektur schlendern \u2013 oder einfach auf Ihr Zimmer im Bund Puyan Hotel zur\u00fcckkehren, wo Sie durch die Erkerfenster einen Panoramablick auf die Skyline oder das Flussufer genie\u00dfen und die Aromen, die Sie gerade erlebt haben, Revue passieren lassen k\u00f6nnen.<\/p><div class=\"my-2\">\u00a0<\/div><h3>Was G\u00e4ste sagen<\/h3><p>Mit \u00fcber <strong>16.150 gepr\u00fcfte Bewertungen<\/strong> und ein herausragender <strong>9,4\/10 Bewertung<\/strong>, loben die G\u00e4ste durchweg nicht nur das Essen, sondern das gesamte Speiseerlebnis:<\/p><div class=\"my-2\">\u00a0<\/div><blockquote><p><em>\u201cDas Essen war exquisit \u2013 jedes Gericht war wundersch\u00f6n pr\u00e4sentiert und voller Geschmack. Das Personal war unglaublich hilfsbereit und half uns sogar beim \u00dcbersetzen.\u201d<\/em> \u2014 Nurfaaidha Anwar, Oktober 2025<\/p><div class=\"my-2\">\u00a0<\/div><p><em>\u201cIch war begeistert von der Atmosph\u00e4re \u2013 ruhig, elegant und perfekt f\u00fcr ein entspanntes Abendessen nach einem langen Sightseeing-Tag. Die Dim Sum geh\u00f6rten zu den besten, die ich in Shanghai je gegessen habe!\u201d<\/em> \u2014 Sheryl_Chua, Oktober 2025<\/p><div class=\"my-2\">\u00a0<\/div><p><em>\u201cEin Geheimtipp! Der geschmorte Schweinebauch zerging auf der Zunge und der Service war tadellos. Ich komme auf jeden Fall wieder.\u201d<\/em> \u2014 Gastbenutzer, September 2025<\/p><\/blockquote><div class=\"my-2\">\u00a0<\/div><h3>Reservieren Sie noch heute Ihren Tisch \u2013 wo jeder Bissen eine Geschichte erz\u00e4hlt<\/h3><p>Bei Hanyuan Private Feast servieren wir nicht nur Mahlzeiten \u2013 wir schaffen Erlebnisse. Ob Sie einen Meilenstein feiern, gesch\u00e4ftlich unterwegs sind oder sich einfach einen unvergesslichen Abend g\u00f6nnen m\u00f6chten \u2013 wir begr\u00fc\u00dfen Sie mit W\u00e4rme, Geschmack und der zeitlosen Kunstfertigkeit der kantonesischen K\u00fcche.<\/p><div class=\"my-2\">\u00a0<\/div><p data-spm-anchor-id=\"a2ty_o01.29997173.0.i82.3c86c921ylncTX\">Reservieren Sie jetzt Ihren Tisch und entdecken Sie, warum G\u00e4ste aus aller Welt immer wieder zur\u00fcckkehren <strong>Hanyuan Privates Festmahl im Bund Puyan Hotel<\/strong> \u2013 wo Sie mit jedem Bissen die Seele Shanghais sp\u00fcren.<\/p>\t\t\t\t\t\t\t\t<\/div>\n\t\t\t\t\t<\/div>\n\t\t\t\t<\/div>\n\t\t\t\t<section class=\"elementor-section elementor-top-section elementor-element elementor-element-1c54c377 elementor-section-stretched elementor-section-boxed elementor-section-gap-beside-yes elementor-section-height-default elementor-section-height-default elementor-section-column-vertical-align-stretch\" data-id=\"1c54c377\" data-element_type=\"section\" data-e-type=\"section\" data-settings=\"{&quot;background_background&quot;:&quot;classic&quot;,&quot;stretch_section&quot;:&quot;section-stretched&quot;}\">\n\t\t\t\t\t\t<div class=\"elementor-container elementor-column-gap-extended\">\n\t\t\t\t\t<div class=\"elementor-column elementor-col-100 elementor-top-column elementor-element elementor-element-d74231e\" data-id=\"d74231e\" data-element_type=\"column\" data-e-type=\"column\">\n\t\t\t<div class=\"elementor-widget-wrap elementor-element-populated\">\n\t\t\t\t\t\t<div class=\"elementor-element elementor-element-2225be7e elementor-widget elementor-widget-nuss-heading\" data-id=\"2225be7e\" data-element_type=\"widget\" data-e-type=\"widget\" data-widget_type=\"nuss-heading.default\">\n\t\t\t\t<div class=\"elementor-widget-container\">\n\t\t\t\t\t\t\t<div class=\"nuss-modern-heading\">\r\n\t\t\t\t\t\t<div class=\"heading-secondary-wrap\">\r\n\t\t\t\t<h3 class=\"heading-secondary elementor-heading-title\">Verf\u00fcgbarkeit pr\u00fcfen <\/h3>\t\t\t<\/div>\r\n\t\t\r\n\t\t\t\r\n\t\t\t\r\n\t\t\t\t\t<\/div>\r\n\t\t\t\t\t<\/div>\n\t\t\t\t<\/div>\n\t\t\t\t<div class=\"elementor-element elementor-element-64620119 elementor-widget elementor-widget-text-editor\" data-id=\"64620119\" data-element_type=\"widget\" data-e-type=\"widget\" data-widget_type=\"text-editor.default\">\n\t\t\t\t\t\t\t\t\t<iframe border=\"0\" src=\"https:\/\/www.trip.com\/partners\/ad\/S6091738?Allianceid=4590391&#038;SID=268289645&#038;trip_sub1=\" style=\"width:1100px;height:200px\" frameborder=\"0\" scrolling=\"no\" id=\"S6091738\"><\/iframe>\t\t\t\t\t\t\t\t<\/div>\n\t\t\t\t\t<\/div>\n\t\t<\/div>\n\t\t\t\t\t<\/div>\n\t\t<\/section>\n\t\t\t\t<\/div>","protected":false},"excerpt":{"rendered":"<p>Savor Shanghai\u2019s Soul: An Unforgettable Culinary Journey at Hanyuan Private Feast, The Bund Puyan Hotel Nestled within the refined elegance of The Bund Puyan Hotel at No. 398 Beijing East Road, Hanyuan Private Feast (Suhe Bay Branch) isn\u2019t just a restaurant \u2014 it\u2019s an immersive experience where the rich heritage of Cantonese cuisine meets the [&hellip;]<\/p>\n","protected":false},"author":1,"featured_media":0,"parent":0,"menu_order":0,"comment_status":"closed","ping_status":"closed","template":"","meta":{"footnotes":""},"class_list":["post-612","page","type-page","status-publish","hentry","post-no-thumbnail"],"_links":{"self":[{"href":"https:\/\/bundpuyanhotel.com\/de\/wp-json\/wp\/v2\/pages\/612","targetHints":{"allow":["GET"]}}],"collection":[{"href":"https:\/\/bundpuyanhotel.com\/de\/wp-json\/wp\/v2\/pages"}],"about":[{"href":"https:\/\/bundpuyanhotel.com\/de\/wp-json\/wp\/v2\/types\/page"}],"author":[{"embeddable":true,"href":"https:\/\/bundpuyanhotel.com\/de\/wp-json\/wp\/v2\/users\/1"}],"replies":[{"embeddable":true,"href":"https:\/\/bundpuyanhotel.com\/de\/wp-json\/wp\/v2\/comments?post=612"}],"version-history":[{"count":0,"href":"https:\/\/bundpuyanhotel.com\/de\/wp-json\/wp\/v2\/pages\/612\/revisions"}],"wp:attachment":[{"href":"https:\/\/bundpuyanhotel.com\/de\/wp-json\/wp\/v2\/media?parent=612"}],"curies":[{"name":"wp","href":"https:\/\/api.w.org\/{rel}","templated":true}]}}