{"id":2109,"date":"2021-03-26T08:35:58","date_gmt":"2021-03-26T08:35:58","guid":{"rendered":"http:\/\/localhost\/nuss\/?page_id=536"},"modified":"2025-10-25T03:56:39","modified_gmt":"2025-10-25T03:56:39","slug":"instalaciones-comerciales","status":"publish","type":"page","link":"https:\/\/bundpuyanhotel.com\/es\/instalaciones-comerciales\/","title":{"rendered":"Instalaciones comerciales"},"content":{"rendered":"<div data-elementor-type=\"wp-page\" data-elementor-id=\"2109\" class=\"elementor elementor-2109\">\n\t\t\t\t<div class=\"elementor-element elementor-element-027617d e-flex e-con-boxed e-con e-parent\" data-id=\"027617d\" data-element_type=\"container\" data-e-type=\"container\">\n\t\t\t\t\t<div class=\"e-con-inner\">\n\t\t\t\t<div class=\"elementor-element elementor-element-4957d0f elementor-widget elementor-widget-heading\" data-id=\"4957d0f\" data-element_type=\"widget\" data-e-type=\"widget\" data-widget_type=\"heading.default\">\n\t\t\t\t\t<h4 class=\"elementor-heading-title elementor-size-default\">El Hotel Bund Puyan, Shangh\u00e1i: su principal centro de negocios en el coraz\u00f3n de Huangpu <\/h4>\t\t\t\t<\/div>\n\t\t\t\t\t<\/div>\n\t\t\t\t<\/div>\n\t\t<div class=\"elementor-element elementor-element-d41da1d e-flex e-con-boxed e-con e-parent\" data-id=\"d41da1d\" data-element_type=\"container\" data-e-type=\"container\">\n\t\t\t\t\t<div class=\"e-con-inner\">\n\t\t<div class=\"elementor-element elementor-element-0949462 e-con-full e-flex e-con e-child\" data-id=\"0949462\" data-element_type=\"container\" data-e-type=\"container\">\n\t\t\t\t<div class=\"elementor-element elementor-element-4487578 elementor-widget elementor-widget-image\" data-id=\"4487578\" data-element_type=\"widget\" data-e-type=\"widget\" data-widget_type=\"image.default\">\n\t\t\t\t\t\t\t\t\t\t\t\t\t\t\t<img fetchpriority=\"high\" decoding=\"async\" width=\"1024\" height=\"682\" src=\"https:\/\/bundpuyanhotel.com\/wp-content\/uploads\/2025\/10\/The-Bund-Puyan-Hotel-Shanghai-78-1024x682.webp\" class=\"attachment-large size-large wp-image-7252\" alt=\"\" srcset=\"https:\/\/bundpuyanhotel.com\/wp-content\/uploads\/2025\/10\/The-Bund-Puyan-Hotel-Shanghai-78-1024x682.webp 1024w, https:\/\/bundpuyanhotel.com\/wp-content\/uploads\/2025\/10\/The-Bund-Puyan-Hotel-Shanghai-78-300x200.webp 300w, https:\/\/bundpuyanhotel.com\/wp-content\/uploads\/2025\/10\/The-Bund-Puyan-Hotel-Shanghai-78-768x512.webp 768w, https:\/\/bundpuyanhotel.com\/wp-content\/uploads\/2025\/10\/The-Bund-Puyan-Hotel-Shanghai-78-18x12.webp 18w, https:\/\/bundpuyanhotel.com\/wp-content\/uploads\/2025\/10\/The-Bund-Puyan-Hotel-Shanghai-78.webp 1280w\" sizes=\"(max-width: 1024px) 100vw, 1024px\" \/>\t\t\t\t\t\t\t\t\t\t\t\t\t\t\t<\/div>\n\t\t\t\t<\/div>\n\t\t<div class=\"elementor-element elementor-element-6128110 e-con-full e-flex e-con e-child\" data-id=\"6128110\" data-element_type=\"container\" data-e-type=\"container\">\n\t\t\t\t<div class=\"elementor-element elementor-element-1d5d590 elementor-widget elementor-widget-text-editor\" data-id=\"1d5d590\" data-element_type=\"widget\" data-e-type=\"widget\" data-widget_type=\"text-editor.default\">\n\t\t\t\t\t\t\t\t\t<p>Para viajeros de negocios y planificadores corporativos exigentes que buscan una combinaci\u00f3n perfecta de productividad, conveniencia y comodidad de 5 estrellas, <strong>El Hotel Bund Puyan, Shangh\u00e1i<\/strong> en <strong>No.398 Beijing East Road<\/strong> Se erige como una opci\u00f3n excepcional. Ubicado en el vibrante distrito de Huangpu, a solo 320 metros a pie de la estaci\u00f3n de metro East Nanjing Road, este moderno hotel de 2021 ofrece m\u00e1s que alojamiento de lujo; proporciona un entorno empresarial totalmente equipado y con tecnolog\u00eda avanzada, dise\u00f1ado para mejorar su experiencia profesional en una de las ciudades m\u00e1s din\u00e1micas de Asia.<\/p>\t\t\t\t\t\t\t\t<\/div>\n\t\t\t\t<\/div>\n\t\t\t\t\t<\/div>\n\t\t\t\t<\/div>\n\t\t<div class=\"elementor-element elementor-element-7ff7775 e-flex e-con-boxed e-con e-parent\" data-id=\"7ff7775\" data-element_type=\"container\" data-e-type=\"container\">\n\t\t\t\t\t<div class=\"e-con-inner\">\n\t\t\t\t<div class=\"elementor-element elementor-element-e7cbdcf elementor-widget elementor-widget-text-editor\" data-id=\"e7cbdcf\" data-element_type=\"widget\" data-e-type=\"widget\" data-widget_type=\"text-editor.default\">\n\t\t\t\t\t\t\t\t\t<h3>Centro de negocios de \u00faltima generaci\u00f3n y espacios de coworking<\/h3><p data-spm-anchor-id=\"a2ty_o01.29997173.0.i46.3c86c921ylncTX\">Ya sea que est\u00e9 finalizando una presentaci\u00f3n antes de una reuni\u00f3n o necesite un rinc\u00f3n tranquilo para concentrarse en los correos electr\u00f3nicos, el hotel The Bund Puyan <strong>Centro de negocios dedicado<\/strong> es su centro de mando en la propiedad. Abierto las 24 horas, los 7 d\u00edas de la semana, con wifi de alta velocidad gratuito, el centro cuenta con estaciones de trabajo ergon\u00f3micas, servicios de impresi\u00f3n, escaneo y fax, todo disponible sin costo. Para quienes prefieren entornos colaborativos, <strong>espacios de coworking<\/strong> Ofrecemos arreglos de asientos flexibles, perfectos para reuniones informales de equipo o sesiones de trabajo profundo en solitario.<\/p><div class=\"my-2\">\u00a0<\/div><h3>Salas de reuniones y conferencias profesionales<\/h3><p>\u00bfPlanea una reuni\u00f3n de directorio, una presentaci\u00f3n a un cliente o una capacitaci\u00f3n corporativa? El hotel... <strong>Sala de conferencias<\/strong> y <strong>Sala multifunci\u00f3n<\/strong> Atendemos grupos de diferentes tama\u00f1os. Equipados con sistemas de visualizaci\u00f3n multimedia de vanguardia, sistemas de audio de alta fidelidad y cortinas opacas para una visibilidad \u00f3ptima de la pantalla, estos espacios son ideales para celebrar reuniones formales, lanzamientos de productos o eventos h\u00edbridos. Si bien el alquiler de la sala puede tener un cargo adicional, la instalaci\u00f3n profesional y el atento personal garantizan que su evento se desarrolle a la perfecci\u00f3n, desde el soporte t\u00e9cnico audiovisual hasta la coordinaci\u00f3n del catering en el elegante restaurante del hotel, Hanyuan Private Feast.<\/p><div class=\"my-2\">\u00a0<\/div><h3>Servicios corporativos y atenci\u00f3n al cliente sin interrupciones<\/h3><p>El Hotel Bund Puyan entiende que los viajes de negocios requieren precisi\u00f3n. Los hu\u00e9spedes se benefician de <strong>check-in\/check-out expr\u00e9s<\/strong>, lo que le permite aprovechar al m\u00e1ximo su tiempo en Shangh\u00e1i. El <strong>Recepci\u00f3n 24 horas<\/strong> Est\u00e1 compuesto por profesionales multiling\u00fces, incluidos hablantes de mandar\u00edn, y equipado con <strong>herramientas de traducci\u00f3n en tiempo real<\/strong> Para acortar la distancia de comunicaci\u00f3n con clientes o socios internacionales. \u00bfNecesitas reservar un taxi para una reuni\u00f3n en el centro? El hotel... <strong>servicio de reserva de taxis<\/strong> Se encarga de la log\u00edstica para que usted no tenga que hacerlo.<\/p><div class=\"my-2\">\u00a0<\/div><h3>Servicios que mejoran la productividad del ejecutivo moderno<\/h3><p>Adem\u00e1s de las salas de reuniones, el hotel apoya su flujo de trabajo diario con comodidades pensadas para usted:<\/p><ul dir=\"auto\"><li><strong>Consigna de equipaje gratuita<\/strong> Le permite dejar sus maletas antes del check-in o despu\u00e9s del check-out mientras asiste a citas de \u00faltimo momento.<\/li><li>A <strong>gimnasio bien equipado<\/strong> garantiza que pueda mantener su rutina de ejercicios entre reuniones consecutivas.<\/li><li><strong>Wi-Fi gratuito en las zonas comunes y habitaciones.<\/strong> Te mantiene conectado ya sea que est\u00e9s trabajando desde tu suite o descansando en el bar del lobby.<\/li><li><strong>Servicio de conserjer\u00eda dedicado<\/strong> Ayuda con todo, desde reservas en restaurantes hasta asesoramiento sobre transporte local, e incluso ayuda a los hu\u00e9spedes sin n\u00fameros de tel\u00e9fono chinos a pedir comida a domicilio (como elogian los cr\u00edticos recientes).<\/li><\/ul><div class=\"my-2\">\u00a0<\/div><h3>Ubicaci\u00f3n ideal para networking empresarial y reuniones con clientes<\/h3><p>Ubicado estrat\u00e9gicamente cerca de los epicentros comerciales y culturales de Shangh\u00e1i, el hotel lo sit\u00faa a poca distancia de los principales lugares de inter\u00e9s como <strong>El Bund<\/strong>, <strong>Jard\u00edn Yu<\/strong>, y <strong>Calle peatonal Nanjing Road<\/strong> \u2014 Perfecto para impresionar a sus clientes durante cenas o escapadas tur\u00edsticas. A solo 4,8 km de la estaci\u00f3n de tren de Shangh\u00e1i y a 15,3 km del Aeropuerto Internacional de Hongqiao, el hotel ofrece f\u00e1cil acceso para viajeros de negocios nacionales e internacionales.<\/p><div class=\"my-2\">\u00a0<\/div><h3>Ideal para familias para estancias prolongadas<\/h3><p>Si bien se centra en la excelencia empresarial, el hotel tambi\u00e9n acoge a ejecutivos que viajan en familia. Los ni\u00f1os menores de 17 a\u00f1os se alojan gratis (sin camas supletorias) y los servicios para familias incluyen batas de ba\u00f1o, pantuflas, cepillos de dientes y cochecitos para ni\u00f1os, lo que garantiza que su viaje de trabajo no signifique sacrificar tiempo de calidad con sus seres queridos.<\/p><div class=\"my-2\">\u00a0<\/div><p data-spm-anchor-id=\"a2ty_o01.29997173.0.i50.3c86c921ylncTX\">Con un estelar <strong>Calificaci\u00f3n de 9,4\/10 basada en m\u00e1s de 16.000 rese\u00f1as verificadas<\/strong>, Los hu\u00e9spedes elogian constantemente la limpieza, la eficiencia del servicio y la ubicaci\u00f3n del hotel, lo que convierte al Hotel Bund Puyan no solo en un lugar para dormir, sino en un activo estrat\u00e9gico para cualquier agenda de negocios en Shangh\u00e1i. Ya sea que est\u00e9 cerrando acuerdos, liderando equipos o prepar\u00e1ndose para conferencias internacionales, este hotel transforma su viaje de negocios en una experiencia productiva, c\u00f3moda y memorable.<\/p>\t\t\t\t\t\t\t\t<\/div>\n\t\t\t\t\t<\/div>\n\t\t\t\t<\/div>\n\t\t\t\t<section class=\"elementor-section elementor-top-section elementor-element elementor-element-5760a937 elementor-section-stretched elementor-section-boxed elementor-section-gap-beside-yes elementor-section-height-default elementor-section-height-default elementor-section-column-vertical-align-stretch\" data-id=\"5760a937\" data-element_type=\"section\" data-e-type=\"section\" data-settings=\"{&quot;background_background&quot;:&quot;classic&quot;,&quot;stretch_section&quot;:&quot;section-stretched&quot;}\">\n\t\t\t\t\t\t<div class=\"elementor-container elementor-column-gap-extended\">\n\t\t\t\t\t<div class=\"elementor-column elementor-col-100 elementor-top-column elementor-element elementor-element-41471e1b\" data-id=\"41471e1b\" data-element_type=\"column\" data-e-type=\"column\">\n\t\t\t<div class=\"elementor-widget-wrap elementor-element-populated\">\n\t\t\t\t\t\t<div class=\"elementor-element elementor-element-143f6a4c elementor-widget elementor-widget-nuss-heading\" data-id=\"143f6a4c\" data-element_type=\"widget\" data-e-type=\"widget\" data-widget_type=\"nuss-heading.default\">\n\t\t\t\t<div class=\"elementor-widget-container\">\n\t\t\t\t\t\t\t<div class=\"nuss-modern-heading\">\r\n\t\t\t\t\t\t<div class=\"heading-secondary-wrap\">\r\n\t\t\t\t<h3 class=\"heading-secondary elementor-heading-title\">Consultar disponibilidad <\/h3>\t\t\t<\/div>\r\n\t\t\r\n\t\t\t\r\n\t\t\t\r\n\t\t\t\t\t<\/div>\r\n\t\t\t\t\t<\/div>\n\t\t\t\t<\/div>\n\t\t\t\t<div class=\"elementor-element elementor-element-62b6b9eb elementor-widget elementor-widget-text-editor\" data-id=\"62b6b9eb\" data-element_type=\"widget\" data-e-type=\"widget\" data-widget_type=\"text-editor.default\">\n\t\t\t\t\t\t\t\t\t<iframe border=\"0\" src=\"https:\/\/www.trip.com\/partners\/ad\/S6091738?Allianceid=4590391&#038;SID=268289645&#038;trip_sub1=\" style=\"width:1100px;height:200px\" frameborder=\"0\" scrolling=\"no\" id=\"S6091738\"><\/iframe>\t\t\t\t\t\t\t\t<\/div>\n\t\t\t\t\t<\/div>\n\t\t<\/div>\n\t\t\t\t\t<\/div>\n\t\t<\/section>\n\t\t\t\t<\/div>","protected":false},"excerpt":{"rendered":"<p>The Bund Puyan Hotel, Shanghai: Your Premier Business Hub in the Heart of Huangpu For discerning business travelers and corporate planners seeking a seamless blend of productivity, convenience, and 5-star comfort, The Bund Puyan Hotel, Shanghai at No.398 Beijing East Road stands as an exceptional choice. Nestled in the vibrant Huangpu District \u2014 just a [&hellip;]<\/p>\n","protected":false},"author":1,"featured_media":0,"parent":0,"menu_order":0,"comment_status":"closed","ping_status":"closed","template":"","meta":{"footnotes":""},"class_list":["post-2109","page","type-page","status-publish","hentry","post-no-thumbnail"],"_links":{"self":[{"href":"https:\/\/bundpuyanhotel.com\/es\/wp-json\/wp\/v2\/pages\/2109","targetHints":{"allow":["GET"]}}],"collection":[{"href":"https:\/\/bundpuyanhotel.com\/es\/wp-json\/wp\/v2\/pages"}],"about":[{"href":"https:\/\/bundpuyanhotel.com\/es\/wp-json\/wp\/v2\/types\/page"}],"author":[{"embeddable":true,"href":"https:\/\/bundpuyanhotel.com\/es\/wp-json\/wp\/v2\/users\/1"}],"replies":[{"embeddable":true,"href":"https:\/\/bundpuyanhotel.com\/es\/wp-json\/wp\/v2\/comments?post=2109"}],"version-history":[{"count":0,"href":"https:\/\/bundpuyanhotel.com\/es\/wp-json\/wp\/v2\/pages\/2109\/revisions"}],"wp:attachment":[{"href":"https:\/\/bundpuyanhotel.com\/es\/wp-json\/wp\/v2\/media?parent=2109"}],"curies":[{"name":"wp","href":"https:\/\/api.w.org\/{rel}","templated":true}]}}