{"id":612,"date":"2021-03-26T10:04:13","date_gmt":"2021-03-26T10:04:13","guid":{"rendered":"http:\/\/localhost\/nuss\/?page_id=612"},"modified":"2025-10-25T05:02:55","modified_gmt":"2025-10-25T05:02:55","slug":"restaurante","status":"publish","type":"page","link":"https:\/\/bundpuyanhotel.com\/es\/restaurant\/","title":{"rendered":"Restaurante"},"content":{"rendered":"<div data-elementor-type=\"wp-page\" data-elementor-id=\"612\" class=\"elementor elementor-612\">\n\t\t\t\t\t\t<section class=\"elementor-section elementor-top-section elementor-element elementor-element-e2effe8 elementor-section-boxed elementor-section-gap-beside-yes elementor-section-height-default elementor-section-height-default elementor-section-column-vertical-align-stretch\" data-id=\"e2effe8\" data-element_type=\"section\" data-e-type=\"section\">\n\t\t\t\t\t\t<div class=\"elementor-container elementor-column-gap-extended\">\n\t\t\t\t\t<div class=\"elementor-column elementor-col-100 elementor-top-column elementor-element elementor-element-e18f688\" data-id=\"e18f688\" data-element_type=\"column\" data-e-type=\"column\">\n\t\t\t<div class=\"elementor-widget-wrap elementor-element-populated\">\n\t\t\t\t\t\t<div class=\"elementor-element elementor-element-6db146d elementor-widget__width-initial elementor-invisible elementor-widget elementor-widget-text-editor\" data-id=\"6db146d\" data-element_type=\"widget\" data-e-type=\"widget\" data-settings=\"{&quot;_animation&quot;:&quot;nussFadeInUp&quot;}\" data-widget_type=\"text-editor.default\">\n\t\t\t\t\t\t\t\t\t<div class=\"svelte-1c06zsf\" data-lang-code=\"\"><p><strong data-spm-anchor-id=\"a2ty_o01.29997173.0.i77.3c86c921ylncTX\">Disfrute del alma de Shangh\u00e1i: un viaje culinario inolvidable en Hanyuan Private Feast, The Bund Puyan Hotel<\/strong><\/p><\/div>\t\t\t\t\t\t\t\t<\/div>\n\t\t\t\t\t<\/div>\n\t\t<\/div>\n\t\t\t\t\t<\/div>\n\t\t<\/section>\n\t\t<div class=\"elementor-element elementor-element-764955e e-flex e-con-boxed e-con e-parent\" data-id=\"764955e\" data-element_type=\"container\" data-e-type=\"container\">\n\t\t\t\t\t<div class=\"e-con-inner\">\n\t\t<div class=\"elementor-element elementor-element-3a71d84 e-con-full e-flex e-con e-child\" data-id=\"3a71d84\" data-element_type=\"container\" data-e-type=\"container\">\n\t\t\t\t<div class=\"elementor-element elementor-element-81a00fb elementor-widget elementor-widget-text-editor\" data-id=\"81a00fb\" data-element_type=\"widget\" data-e-type=\"widget\" data-widget_type=\"text-editor.default\">\n\t\t\t\t\t\t\t\t\t<p data-spm-anchor-id=\"a2ty_o01.29997173.0.i79.3c86c921ylncTX\">Ubicado dentro de la refinada elegancia de <strong>El hotel Bund Puyan<\/strong> en <strong>No. 398 Beijing East Road<\/strong>, <strong>Fiesta privada de Hanyuan (sucursal de la bah\u00eda de Suhe)<\/strong> No es solo un restaurante: es una experiencia inmersiva donde la rica tradici\u00f3n de la cocina cantonesa se fusiona con la sofisticada energ\u00eda del Shangh\u00e1i moderno. Inaugurado junto al hotel en 2021, este restaurante se ha convertido r\u00e1pidamente en uno de los favoritos tanto de viajeros exigentes como de gourmets locales. Ofrece mucho m\u00e1s que comidas: momentos para saborear, recuerdos para atesorar y sabores que perduran mucho despu\u00e9s de marcharse.<\/p>\t\t\t\t\t\t\t\t<\/div>\n\t\t\t\t<\/div>\n\t\t<div class=\"elementor-element elementor-element-bb76a06 e-con-full e-flex e-con e-child\" data-id=\"bb76a06\" data-element_type=\"container\" data-e-type=\"container\">\n\t\t\t\t<div class=\"elementor-element elementor-element-636ac5f elementor-widget elementor-widget-image\" data-id=\"636ac5f\" data-element_type=\"widget\" data-e-type=\"widget\" data-widget_type=\"image.default\">\n\t\t\t\t\t\t\t\t\t\t\t\t\t\t\t<img fetchpriority=\"high\" decoding=\"async\" width=\"1024\" height=\"682\" src=\"https:\/\/bundpuyanhotel.com\/wp-content\/uploads\/2025\/10\/The-Bund-Puyan-Hotel-Shanghai-98-1024x682.webp\" class=\"attachment-large size-large wp-image-7272\" alt=\"\" srcset=\"https:\/\/bundpuyanhotel.com\/wp-content\/uploads\/2025\/10\/The-Bund-Puyan-Hotel-Shanghai-98-1024x682.webp 1024w, https:\/\/bundpuyanhotel.com\/wp-content\/uploads\/2025\/10\/The-Bund-Puyan-Hotel-Shanghai-98-300x200.webp 300w, https:\/\/bundpuyanhotel.com\/wp-content\/uploads\/2025\/10\/The-Bund-Puyan-Hotel-Shanghai-98-768x512.webp 768w, https:\/\/bundpuyanhotel.com\/wp-content\/uploads\/2025\/10\/The-Bund-Puyan-Hotel-Shanghai-98-18x12.webp 18w, https:\/\/bundpuyanhotel.com\/wp-content\/uploads\/2025\/10\/The-Bund-Puyan-Hotel-Shanghai-98.webp 1280w\" sizes=\"(max-width: 1024px) 100vw, 1024px\" \/>\t\t\t\t\t\t\t\t\t\t\t\t\t\t\t<\/div>\n\t\t\t\t<\/div>\n\t\t\t\t\t<\/div>\n\t\t\t\t<\/div>\n\t\t<div class=\"elementor-element elementor-element-e5626a7 e-flex e-con-boxed e-con e-parent\" data-id=\"e5626a7\" data-element_type=\"container\" data-e-type=\"container\">\n\t\t\t\t\t<div class=\"e-con-inner\">\n\t\t\t\t<div class=\"elementor-element elementor-element-4ac24e6 elementor-widget elementor-widget-nuss-image-gallery\" data-id=\"4ac24e6\" data-element_type=\"widget\" data-e-type=\"widget\" data-widget_type=\"nuss-image-gallery.default\">\n\t\t\t\t<div class=\"elementor-widget-container\">\n\t\t\t\t\t\t\t<div class=\"nuss-grid-wrapper\" data-grid=\"{&quot;type&quot;:&quot;grid&quot;,&quot;ratio&quot;:null,&quot;columns&quot;:3,&quot;gutter&quot;:30}\">\r\n\t\t\t<div class=\"nuss-grid lazy-grid\">\r\n\t\t\t\t<div class=\"grid-sizer\"><\/div>\r\n\r\n\t\t\t\t\t\t\t\t\t\t\t\t<div class=\"grid-item\">\r\n\t\t\t\t\t\t<div class=\"nuss-box\">\t\t<div class=\"nuss-image image\">\r\n\t\t\t<img decoding=\"async\"  src=\"https:\/\/bundpuyanhotel.com\/wp-content\/uploads\/2025\/10\/The-Bund-Puyan-Hotel-Shanghai-83.webp\" alt=\"El Hotel Bund Puyan de Shangh\u00e1i (83)\" \/>\t\t<\/div>\r\n\t\t\t\t<\/div>\t\t\t\t\t<\/div>\r\n\t\t\t\t\t\t<div class=\"grid-item\">\r\n\t\t\t\t\t\t<div class=\"nuss-box\">\t\t<div class=\"nuss-image image\">\r\n\t\t\t<img decoding=\"async\"  src=\"https:\/\/bundpuyanhotel.com\/wp-content\/uploads\/2025\/10\/The-Bund-Puyan-Hotel-Shanghai-92.webp\" alt=\"El Hotel Bund Puyan de Shangh\u00e1i (92)\" \/>\t\t<\/div>\r\n\t\t\t\t<\/div>\t\t\t\t\t<\/div>\r\n\t\t\t\t\t\t<div class=\"grid-item\">\r\n\t\t\t\t\t\t<div class=\"nuss-box\">\t\t<div class=\"nuss-image image\">\r\n\t\t\t<img decoding=\"async\"  src=\"https:\/\/bundpuyanhotel.com\/wp-content\/uploads\/2025\/10\/The-Bund-Puyan-Hotel-Shanghai-93.webp\" alt=\"El Hotel Bund Puyan de Shangh\u00e1i (93)\" \/>\t\t<\/div>\r\n\t\t\t\t<\/div>\t\t\t\t\t<\/div>\r\n\t\t\t\t\t\t<div class=\"grid-item\">\r\n\t\t\t\t\t\t<div class=\"nuss-box\">\t\t<div class=\"nuss-image image\">\r\n\t\t\t<img decoding=\"async\"  src=\"https:\/\/bundpuyanhotel.com\/wp-content\/uploads\/2025\/10\/The-Bund-Puyan-Hotel-Shanghai-9.webp\" alt=\"El Hotel Bund Puyan de Shangh\u00e1i (9)\" \/>\t\t<\/div>\r\n\t\t\t\t<\/div>\t\t\t\t\t<\/div>\r\n\t\t\t\t\t\t<div class=\"grid-item\">\r\n\t\t\t\t\t\t<div class=\"nuss-box\">\t\t<div class=\"nuss-image image\">\r\n\t\t\t<img decoding=\"async\"  src=\"https:\/\/bundpuyanhotel.com\/wp-content\/uploads\/2025\/10\/The-Bund-Puyan-Hotel-Shanghai-130.webp\" alt=\"El Hotel Bund Puyan de Shangh\u00e1i (130)\" \/>\t\t<\/div>\r\n\t\t\t\t<\/div>\t\t\t\t\t<\/div>\r\n\t\t\t\t\t\t<div class=\"grid-item\">\r\n\t\t\t\t\t\t<div class=\"nuss-box\">\t\t<div class=\"nuss-image image\">\r\n\t\t\t<img decoding=\"async\"  src=\"https:\/\/bundpuyanhotel.com\/wp-content\/uploads\/2025\/10\/The-Bund-Puyan-Hotel-Shanghai-65.webp\" alt=\"El Hotel Bund Puyan de Shangh\u00e1i (65)\" \/>\t\t<\/div>\r\n\t\t\t\t<\/div>\t\t\t\t\t<\/div>\r\n\t\t\t\t\t\t<div class=\"grid-item\">\r\n\t\t\t\t\t\t<div class=\"nuss-box\">\t\t<div class=\"nuss-image image\">\r\n\t\t\t<img decoding=\"async\"  src=\"https:\/\/bundpuyanhotel.com\/wp-content\/uploads\/2025\/10\/The-Bund-Puyan-Hotel-Shanghai-43.webp\" alt=\"El Hotel Bund Puyan de Shangh\u00e1i (43)\" \/>\t\t<\/div>\r\n\t\t\t\t<\/div>\t\t\t\t\t<\/div>\r\n\t\t\t\t\t\t<div class=\"grid-item\">\r\n\t\t\t\t\t\t<div class=\"nuss-box\">\t\t<div class=\"nuss-image image\">\r\n\t\t\t<img decoding=\"async\"  src=\"https:\/\/bundpuyanhotel.com\/wp-content\/uploads\/2025\/10\/The-Bund-Puyan-Hotel-Shanghai-32.webp\" alt=\"El Hotel Bund Puyan de Shangh\u00e1i (32)\" \/>\t\t<\/div>\r\n\t\t\t\t<\/div>\t\t\t\t\t<\/div>\r\n\t\t\t\t\t\t<div class=\"grid-item\">\r\n\t\t\t\t\t\t<div class=\"nuss-box\">\t\t<div class=\"nuss-image image\">\r\n\t\t\t<img decoding=\"async\"  src=\"https:\/\/bundpuyanhotel.com\/wp-content\/uploads\/2025\/10\/The-Bund-Puyan-Hotel-Shanghai-173.webp\" alt=\"El Hotel Bund Puyan de Shangh\u00e1i (173)\" \/>\t\t<\/div>\r\n\t\t\t\t<\/div>\t\t\t\t\t<\/div>\r\n\t\t\t\t\t\t\t\r\n\t\t\t<\/div>\r\n\t\t<\/div>\r\n\t\t\t\t\t\t<\/div>\n\t\t\t\t<\/div>\n\t\t\t\t\t<\/div>\n\t\t\t\t<\/div>\n\t\t<div class=\"elementor-element elementor-element-d05381b e-flex e-con-boxed e-con e-parent\" data-id=\"d05381b\" data-element_type=\"container\" data-e-type=\"container\">\n\t\t\t\t\t<div class=\"e-con-inner\">\n\t\t\t\t<div class=\"elementor-element elementor-element-53bd849 elementor-widget elementor-widget-text-editor\" data-id=\"53bd849\" data-element_type=\"widget\" data-e-type=\"widget\" data-widget_type=\"text-editor.default\">\n\t\t\t\t\t\t\t\t\t<h3 data-spm-anchor-id=\"a2ty_o01.29997173.0.i81.3c86c921ylncTX\">Donde la tradici\u00f3n se encuentra con el refinamiento contempor\u00e1neo<\/h3><p>Al entrar en Hanyuan Private Feast, se ver\u00e1 envuelto en una atm\u00f3sfera de lujo sobrio. Dise\u00f1ado con l\u00edneas limpias, c\u00e1lidos detalles en madera e iluminaci\u00f3n ambiental, el restaurante logra el equilibrio perfecto entre la sofisticaci\u00f3n \u00edntima y la comodidad relajada. Ya sea que disfrute de una comida de negocios con colegas o de una cena rom\u00e1ntica para dos, cada detalle, desde la cuidada decoraci\u00f3n de las mesas hasta el servicio atento y discreto, est\u00e1 pensado para mejorar su experiencia gastron\u00f3mica.<\/p><div class=\"my-2\">\u00a0<\/div><p data-spm-anchor-id=\"a2ty_o01.29997173.0.i80.3c86c921ylncTX\">Nuestra filosof\u00eda culinaria es sencilla: honrar la tradici\u00f3n y abrazar la innovaci\u00f3n. Liderados por chefs formados en el arte de la cocina cantonesa, una cocina reconocida por su delicado equilibrio de sabor, textura y presentaci\u00f3n, utilizamos los ingredientes m\u00e1s frescos de temporada para crear platos tan visualmente impactantes como deliciosos. Desde panceta de cerdo braseada a fuego lento con verduras en conserva hasta lubina al vapor con jengibre y cebolleta, cada plato cuenta una historia arraigada en siglos de maestr\u00eda culinaria china, reinventada para el paladar actual.<\/p><div class=\"my-2\">\u00a0<\/div><h3>Un men\u00fa elaborado para gustos exigentes<\/h3><p>En Hanyuan Private Feast, creemos que cenar debe ser una experiencia de exploraci\u00f3n. Nuestro men\u00fa ofrece una variedad de... <strong>especialidades cantonesas refinadas<\/strong> junto con selectos <strong>cl\u00e1sicos chinos<\/strong>, Todo preparado con precisi\u00f3n y pasi\u00f3n. Empiece su comida con entrantes de autor, como rollitos de primavera crujientes o platos de dim sum, y luego pase a platos principales como abul\u00f3n estofado con setas shiitake, arroz en cazuela de barro con salchicha lap cheong o fideos salteados al wok con mariscos frescos.<\/p><div class=\"my-2\">\u00a0<\/div><p>Para aquellos que buscan algo verdaderamente \u00fanico, el men\u00fa de degustaci\u00f3n de nuestro chef ofrece un recorrido curado por las mejores ofertas de la temporada: una opci\u00f3n perfecta para ocasiones especiales o cuando desea dejar su comida en manos de expertos culinarios.<\/p><div class=\"my-2\">\u00a0<\/div><p>Y no te olvides del postre: ya sea un suave pud\u00edn de mango, una dulce sopa de frijoles rojos o una versi\u00f3n moderna de los tradicionales pasteles de luna, nuestro equipo de pasteler\u00eda se asegura de que tu comida termine con una nota de pura indulgencia.<\/p><div class=\"my-2\">\u00a0<\/div><h3>El momento perfecto para cada ocasi\u00f3n<\/h3><p>Ya sea que est\u00e9 cargando energ\u00edas antes de un d\u00eda de turismo o relaj\u00e1ndose despu\u00e9s de explorar el Bund, Hanyuan Private Feast est\u00e1 abierto todos los d\u00edas para <strong>almuerzo (11:00\u201314:00)<\/strong> y <strong>cena (17:00\u201323:00)<\/strong>, lo que facilita su adaptaci\u00f3n incluso a los itinerarios m\u00e1s concurridos. Muchos hu\u00e9spedes optan por comenzar la ma\u00f1ana con nuestro <strong>Desayuno buffet estilo occidental y chino.<\/strong> (Servido de 07:00 a 09:30), que ofrece de todo, desde pasteles reci\u00e9n horneados y huevos revueltos hasta congee, bollos al vapor y leche de soja: una deliciosa fusi\u00f3n de favoritos globales y locales dise\u00f1ada para darle energ\u00eda a su d\u00eda.<\/p><div class=\"my-2\">\u00a0<\/div><h3>M\u00e1s que solo comida: se trata de conexi\u00f3n<\/h3><p>Cenar en Hanyuan Private Feast es mucho m\u00e1s que saciar el apetito; se trata de conectar con la cultura, el lugar y la gente. Nuestro personal, con dominio del mandar\u00edn y con herramientas de traducci\u00f3n, est\u00e1 listo para guiarle por el men\u00fa, explicarle las especialidades regionales o recomendar maridajes con nuestros t\u00e9s y vinos cuidadosamente seleccionados. Las familias que viajen juntas apreciar\u00e1n los detalles detallistas, como porciones para ni\u00f1os y tronas, mientras que los viajeros de negocios pueden reservar salas privadas para reuniones discretas o cenas de celebraci\u00f3n.<\/p><div class=\"my-2\">\u00a0<\/div><h3>Ubicado en el coraz\u00f3n de la escena culinaria y cultural de Shangh\u00e1i<\/h3><p>Situado a pocos pasos de <strong>Estaci\u00f3n de metro de East Nanjing Road<\/strong> y un corto paseo de 10 minutos hasta <strong>El Bund<\/strong> y <strong>Jard\u00edn Yu<\/strong>, Hanyuan Private Feast te sit\u00faa en pleno centro de los barrios m\u00e1s vibrantes de Shangh\u00e1i. Despu\u00e9s de comer, sal a pasear por las animadas calles repletas de puestos de comida callejera, boutiques y arquitectura hist\u00f3rica, o simplemente regresa a tu habitaci\u00f3n en el Hotel The Bund Puyan, donde los ventanales enmarcan vistas panor\u00e1micas del horizonte de la ciudad o la ribera, invit\u00e1ndote a reflexionar sobre los sabores que acabas de probar.<\/p><div class=\"my-2\">\u00a0<\/div><h3>Lo que dicen los hu\u00e9spedes<\/h3><p>Con m\u00e1s de <strong>16.150 rese\u00f1as verificadas<\/strong> y un estelar <strong>Calificaci\u00f3n 9.4\/10<\/strong>, Los hu\u00e9spedes elogian constantemente no solo la comida, sino toda la experiencia gastron\u00f3mica:<\/p><div class=\"my-2\">\u00a0<\/div><blockquote><p><em>\u201cLa comida estuvo exquisita; cada plato estaba presentado con esmero y rebosaba sabor. El personal fue incre\u00edblemente servicial, incluso nos ayud\u00f3 con las traducciones.\u201d<\/em> \u2014 Nurfaaidha Anwar, octubre de 2025<\/p><div class=\"my-2\">\u00a0<\/div><p><em>\u201cMe encant\u00f3 el ambiente: tranquilo, elegante y perfecto para una cena relajante despu\u00e9s de un largo d\u00eda de turismo. \u00a1El dim sum fue de los mejores que he probado en Shangh\u00e1i!\u201d<\/em> \u2014 Sheryl_Chua, octubre de 2025<\/p><div class=\"my-2\">\u00a0<\/div><p><em>\u201c\u00a1Una joya escondida! La panceta de cerdo braseada se derret\u00eda en la boca, y el servicio fue impecable. Sin duda volver\u00e9.\u201d<\/em> \u2014 Usuario invitado, septiembre de 2025<\/p><\/blockquote><div class=\"my-2\">\u00a0<\/div><h3>Reserve su mesa hoy: donde cada bocado cuenta una historia<\/h3><p>En Hanyuan Private Feast, no solo servimos comidas, sino que creamos experiencias. Ya sea que est\u00e9 celebrando un evento importante, haciendo negocios o simplemente disfrutando de una velada memorable, perm\u00edtanos recibirle con calidez, sabor y la maestr\u00eda atemporal de la cocina cantonesa.<\/p><div class=\"my-2\">\u00a0<\/div><p data-spm-anchor-id=\"a2ty_o01.29997173.0.i82.3c86c921ylncTX\">Reserva tu mesa ahora y descubre por qu\u00e9 comensales de todo el mundo siguen volviendo a <strong>Fiesta privada de Hanyuan en el Hotel Bund Puyan<\/strong> \u2014donde cada bocado te conecta con el alma de Shanghai.<\/p>\t\t\t\t\t\t\t\t<\/div>\n\t\t\t\t\t<\/div>\n\t\t\t\t<\/div>\n\t\t\t\t<section class=\"elementor-section elementor-top-section elementor-element elementor-element-1c54c377 elementor-section-stretched elementor-section-boxed elementor-section-gap-beside-yes elementor-section-height-default elementor-section-height-default elementor-section-column-vertical-align-stretch\" data-id=\"1c54c377\" data-element_type=\"section\" data-e-type=\"section\" data-settings=\"{&quot;background_background&quot;:&quot;classic&quot;,&quot;stretch_section&quot;:&quot;section-stretched&quot;}\">\n\t\t\t\t\t\t<div class=\"elementor-container elementor-column-gap-extended\">\n\t\t\t\t\t<div class=\"elementor-column elementor-col-100 elementor-top-column elementor-element elementor-element-d74231e\" data-id=\"d74231e\" data-element_type=\"column\" data-e-type=\"column\">\n\t\t\t<div class=\"elementor-widget-wrap elementor-element-populated\">\n\t\t\t\t\t\t<div class=\"elementor-element elementor-element-2225be7e elementor-widget elementor-widget-nuss-heading\" data-id=\"2225be7e\" data-element_type=\"widget\" data-e-type=\"widget\" data-widget_type=\"nuss-heading.default\">\n\t\t\t\t<div class=\"elementor-widget-container\">\n\t\t\t\t\t\t\t<div class=\"nuss-modern-heading\">\r\n\t\t\t\t\t\t<div class=\"heading-secondary-wrap\">\r\n\t\t\t\t<h3 class=\"heading-secondary elementor-heading-title\">Consultar disponibilidad <\/h3>\t\t\t<\/div>\r\n\t\t\r\n\t\t\t\r\n\t\t\t\r\n\t\t\t\t\t<\/div>\r\n\t\t\t\t\t<\/div>\n\t\t\t\t<\/div>\n\t\t\t\t<div class=\"elementor-element elementor-element-64620119 elementor-widget elementor-widget-text-editor\" data-id=\"64620119\" data-element_type=\"widget\" data-e-type=\"widget\" data-widget_type=\"text-editor.default\">\n\t\t\t\t\t\t\t\t\t<iframe border=\"0\" src=\"https:\/\/www.trip.com\/partners\/ad\/S6091738?Allianceid=4590391&#038;SID=268289645&#038;trip_sub1=\" style=\"width:1100px;height:200px\" frameborder=\"0\" scrolling=\"no\" id=\"S6091738\"><\/iframe>\t\t\t\t\t\t\t\t<\/div>\n\t\t\t\t\t<\/div>\n\t\t<\/div>\n\t\t\t\t\t<\/div>\n\t\t<\/section>\n\t\t\t\t<\/div>","protected":false},"excerpt":{"rendered":"<p>Savor Shanghai\u2019s Soul: An Unforgettable Culinary Journey at Hanyuan Private Feast, The Bund Puyan Hotel Nestled within the refined elegance of The Bund Puyan Hotel at No. 398 Beijing East Road, Hanyuan Private Feast (Suhe Bay Branch) isn\u2019t just a restaurant \u2014 it\u2019s an immersive experience where the rich heritage of Cantonese cuisine meets the [&hellip;]<\/p>\n","protected":false},"author":1,"featured_media":0,"parent":0,"menu_order":0,"comment_status":"closed","ping_status":"closed","template":"","meta":{"footnotes":""},"class_list":["post-612","page","type-page","status-publish","hentry","post-no-thumbnail"],"_links":{"self":[{"href":"https:\/\/bundpuyanhotel.com\/es\/wp-json\/wp\/v2\/pages\/612","targetHints":{"allow":["GET"]}}],"collection":[{"href":"https:\/\/bundpuyanhotel.com\/es\/wp-json\/wp\/v2\/pages"}],"about":[{"href":"https:\/\/bundpuyanhotel.com\/es\/wp-json\/wp\/v2\/types\/page"}],"author":[{"embeddable":true,"href":"https:\/\/bundpuyanhotel.com\/es\/wp-json\/wp\/v2\/users\/1"}],"replies":[{"embeddable":true,"href":"https:\/\/bundpuyanhotel.com\/es\/wp-json\/wp\/v2\/comments?post=612"}],"version-history":[{"count":0,"href":"https:\/\/bundpuyanhotel.com\/es\/wp-json\/wp\/v2\/pages\/612\/revisions"}],"wp:attachment":[{"href":"https:\/\/bundpuyanhotel.com\/es\/wp-json\/wp\/v2\/media?parent=612"}],"curies":[{"name":"wp","href":"https:\/\/api.w.org\/{rel}","templated":true}]}}