{"id":2105,"date":"2021-03-24T07:25:45","date_gmt":"2021-03-24T07:25:45","guid":{"rendered":"http:\/\/localhost\/nuss\/?page_id=235"},"modified":"2025-10-25T04:52:51","modified_gmt":"2025-10-25T04:52:51","slug":"faq","status":"publish","type":"page","link":"https:\/\/bundpuyanhotel.com\/fr\/faqs\/","title":{"rendered":"FAQ"},"content":{"rendered":"<div data-elementor-type=\"wp-page\" data-elementor-id=\"2105\" class=\"elementor elementor-2105\">\n\t\t\t\t\t\t<section class=\"elementor-section elementor-top-section elementor-element elementor-element-2a96a73 elementor-section-boxed elementor-section-gap-beside-yes elementor-section-height-default elementor-section-height-default elementor-section-column-vertical-align-stretch\" data-id=\"2a96a73\" data-element_type=\"section\" data-e-type=\"section\">\n\t\t\t\t\t\t<div class=\"elementor-container elementor-column-gap-extended\">\n\t\t\t\t\t<div class=\"elementor-column elementor-col-100 elementor-top-column elementor-element elementor-element-98ef20c\" data-id=\"98ef20c\" data-element_type=\"column\" data-e-type=\"column\">\n\t\t\t<div class=\"elementor-widget-wrap elementor-element-populated\">\n\t\t\t\t\t\t<div class=\"elementor-element elementor-element-97088c0 elementor-widget__width-initial elementor-invisible elementor-widget elementor-widget-text-editor\" data-id=\"97088c0\" data-element_type=\"widget\" data-e-type=\"widget\" data-settings=\"{&quot;_animation&quot;:&quot;nussFadeInUp&quot;}\" data-widget_type=\"text-editor.default\">\n\t\t\t\t\t\t\t\t\t<p>Ci-dessous, vous trouverez une liste des questions les plus fr\u00e9quemment pos\u00e9es par nos clients.<\/p>\t\t\t\t\t\t\t\t<\/div>\n\t\t\t\t\t<\/div>\n\t\t<\/div>\n\t\t\t\t\t<\/div>\n\t\t<\/section>\n\t\t\t\t<section class=\"elementor-section elementor-top-section elementor-element elementor-element-b184647 elementor-section-gap-beside-no elementor-section-boxed elementor-section-height-default elementor-section-height-default elementor-section-column-vertical-align-stretch\" data-id=\"b184647\" data-element_type=\"section\" data-e-type=\"section\">\n\t\t\t\t\t\t<div class=\"elementor-container elementor-column-gap-extended\">\n\t\t\t\t\t<div class=\"elementor-column elementor-col-100 elementor-top-column elementor-element elementor-element-1d49749\" data-id=\"1d49749\" data-element_type=\"column\" data-e-type=\"column\">\n\t\t\t<div class=\"elementor-widget-wrap elementor-element-populated\">\n\t\t\t\t\t\t<div class=\"elementor-element elementor-element-b986a9e elementor-invisible elementor-widget elementor-widget-nuss-heading\" data-id=\"b986a9e\" data-element_type=\"widget\" data-e-type=\"widget\" data-settings=\"{&quot;_animation&quot;:&quot;nussFadeInUp&quot;}\" data-widget_type=\"nuss-heading.default\">\n\t\t\t\t<div class=\"elementor-widget-container\">\n\t\t\t\t\t\t\t<div class=\"nuss-modern-heading\">\r\n\t\t\t\r\n\t\t\t\t\t\t<div class=\"heading-primary-wrap\">\r\n\t\t\t\t<h4 class=\"heading-primary elementor-heading-title\">FAQ<\/h4>\t\t\t<\/div>\r\n\t\t\r\n\t\t\t\t\t\t<div class=\"heading-divider-wrap\">\r\n\t\t\t\t<div class=\"heading-divider\" style=\"left: 0px;top: 6px\"><\/div>\r\n\t\t\t<\/div>\r\n\t\r\n\t\t\t\t\t<\/div>\r\n\t\t\t\t\t<\/div>\n\t\t\t\t<\/div>\n\t\t\t\t<div class=\"elementor-element elementor-element-50f0733 elementor-invisible elementor-widget elementor-widget-heading\" data-id=\"50f0733\" data-element_type=\"widget\" data-e-type=\"widget\" data-settings=\"{&quot;_animation&quot;:&quot;nussFadeInUp&quot;}\" data-widget_type=\"heading.default\">\n\t\t\t\t\t<h2 class=\"elementor-heading-title elementor-size-default\">Questions et r\u00e9ponses<\/h2>\t\t\t\t<\/div>\n\t\t\t\t<div class=\"elementor-element elementor-element-2aee4a2 elementor-widget elementor-widget-text-editor\" data-id=\"2aee4a2\" data-element_type=\"widget\" data-e-type=\"widget\" data-widget_type=\"text-editor.default\">\n\t\t\t\t\t\t\t\t\t<h2 data-spm-anchor-id=\"a2ty_o01.29997173.0.i61.3c86c921ylncTX\">Emplacement et accessibilit\u00e9<\/h2><ol dir=\"auto\" start=\"1\"><li><p><strong>Quelle est l&#039;adresse de l&#039;h\u00f4tel ?<\/strong><br \/>L&#039;h\u00f4tel Bund Puyan est situ\u00e9 au n\u00b0 398, route de P\u00e9kin Est, district de Huangpu, Shanghai, Chine.<\/p><\/li><li><p><strong>\u00c0 quelle distance se trouve l&#039;h\u00f4tel du Bund ?<\/strong><br \/>L&#039;h\u00f4tel se trouve \u00e0 environ 10 minutes \u00e0 pied du Bund, offrant un acc\u00e8s pratique au front de mer embl\u00e9matique de Shanghai.<\/p><\/li><li><p><strong>\u00c0 quelle distance se trouve la station de m\u00e9tro la plus proche\u00a0?<\/strong><br \/>La station de m\u00e9tro East Nanjing Road se trouve \u00e0 seulement 320 m\u00e8tres (environ 5 minutes \u00e0 pied).<\/p><\/li><li><p><strong>Quelle est la distance jusqu&#039;aux a\u00e9roports de Shanghai ?<\/strong><br \/>L&#039;a\u00e9roport international de Shanghai Hongqiao est \u00e0 15,3 km (environ 49 minutes en voiture), tandis que l&#039;a\u00e9roport international de Pudong est \u00e0 40,4 km.<\/p><\/li><li><p><strong>Y a-t-il un parking disponible ?<\/strong><br \/>Oui, un parking public est disponible sur place au tarif de 15 CNY (environ 1 TP4T2,11 US) par heure, mais les places sont limit\u00e9es. Il n&#039;est pas possible de r\u00e9server.<\/p><\/li><\/ol><div class=\"my-2\">\u00a0<\/div><h2>H\u00e9bergement<\/h2><ol dir=\"auto\" start=\"6\"><li><p><strong>Quelles sont les heures d&#039;arriv\u00e9e et de d\u00e9part ?<\/strong><br \/>L\u2019arriv\u00e9e se fait apr\u00e8s 16h00 et le d\u00e9part avant 12h00. La r\u00e9ception est ouverte 24h\/24 et 7j\/7.<\/p><\/li><li><p><strong>Quels types de chambres sont disponibles ?<\/strong><br \/>L&#039;h\u00f4tel propose plusieurs types de chambres, notamment la chambre avec vue sur le Bund (lit double), la chambre avec vue sur la ville (lit double), la suite junior avec vue sur le Bund et la suite avec vue, allant de 36 \u00e0 52 m\u00b2 aux \u00e9tages 5 \u00e0 17.<\/p><\/li><li><p><strong>Les chambres offrent-elles une vue sur le Bund\u00a0?<\/strong><br \/>Oui, de nombreuses chambres sont dot\u00e9es de baies vitr\u00e9es offrant une vue imprenable sur le Bund ou la ville, en particulier celles situ\u00e9es aux \u00e9tages sup\u00e9rieurs.<\/p><\/li><li><p><strong>Quelles sont les commodit\u00e9s incluses dans les chambres\u00a0?<\/strong><br \/>Toutes les chambres comprennent une connexion Wi-Fi gratuite, la climatisation, une salle de bains privative avec baignoire, un r\u00e9frig\u00e9rateur et sont non-fumeurs. De nombreuses chambres sont \u00e9galement \u00e9quip\u00e9es d&#039;un bidet.<\/p><\/li><li><p><strong>Quelle est la politique relative aux enfants ?<\/strong><br \/>Les enfants de 0 \u00e0 17 ans s\u00e9journent gratuitement sans lit suppl\u00e9mentaire. Le petit-d\u00e9jeuner est offert aux enfants de moins de 1,30 m, tandis que ceux de plus de 1,30 m paient 58 yuans par personne.<\/p><\/li><\/ol><div class=\"my-2\">\u00a0<\/div><h2>\u00c0 manger<\/h2><ol dir=\"auto\" start=\"11\"><li><p><strong>Est-ce que l&#039;h\u00f4tel dispose d&#039;un restaurant?<\/strong><br \/>Oui, le restaurant Hanyuan Private Feast (succursale de Suhe Bay) sert une cuisine cantonaise et chinoise raffin\u00e9e et est ouvert tous les jours de 11h00 \u00e0 14h00 et de 17h00 \u00e0 23h00.<\/p><\/li><li><p><strong>Et le petit-d\u00e9jeuner ?<\/strong><br \/>L&#039;h\u00f4tel propose un petit-d\u00e9jeuner buffet de style occidental et chinois de 7h00 \u00e0 9h30. Le prix du buffet adulte est de 58,00 CNY (environ 1,45 $ US) par personne.<\/p><\/li><\/ol><div class=\"my-2\">\u00a0<\/div><h2>Services et installations<\/h2><ol dir=\"auto\" start=\"13\"><li><p><strong>Quelles sont les installations commerciales disponibles ?<\/strong><br \/>L&#039;h\u00f4tel dispose d&#039;un centre d&#039;affaires, d&#039;une salle de conf\u00e9rence (avec suppl\u00e9ment), d&#039;une salle multifonctionnelle, d&#039;espaces de coworking et d&#039;une salle de jeux pour les r\u00e9unions et les \u00e9v\u00e9nements.<\/p><\/li><li><p><strong>Y a-t-il une salle de sport ?<\/strong><br \/>Oui, l&#039;h\u00f4tel dispose d&#039;une salle de sport bien \u00e9quip\u00e9e \u00e0 la disposition des clients.<\/p><\/li><li><p><strong>Quels sont les modes de paiement accept\u00e9s\u00a0?<\/strong><br \/>L&#039;h\u00f4tel accepte les esp\u00e8ces, les cartes de cr\u00e9dit, UnionPay et la plupart des principales cartes de paiement, comme indiqu\u00e9 dans ses options de paiement.<\/p><\/li><li><p><strong>Des robots de service sont-ils disponibles ?<\/strong><br \/>Oui, l&#039;h\u00f4tel met \u00e0 disposition des robots de service pour un confort sans contact dans tout l&#039;\u00e9tablissement.<\/p><\/li><li><p><strong>Le Wi-Fi est-il disponible\u00a0?<\/strong><br \/>Oui, une connexion Wi-Fi haut d\u00e9bit gratuite est disponible dans toutes les chambres et les espaces communs.<\/p><\/li><li><p><strong>Proposez-vous des services de traduction ?<\/strong><br \/>Oui, l&#039;h\u00f4tel met \u00e0 disposition des outils de traduction pour faciliter la communication avec les clients internationaux.<\/p><\/li><\/ol><div class=\"my-2\">\u00a0<\/div><h2>Politiques<\/h2><ol dir=\"auto\" start=\"19\"><li><p><strong>Quelle est la politique d&#039;annulation\u00a0?<\/strong><br \/>Les conditions d&#039;annulation varient selon le type de chambre et les modalit\u00e9s de r\u00e9servation. Veuillez consulter les d\u00e9tails de votre r\u00e9servation pour plus d&#039;informations.<\/p><\/li><li><p><strong>Les animaux domestiques sont-ils autoris\u00e9s ?<\/strong><br \/>Non, les animaux de compagnie ne sont pas admis \u00e0 l&#039;h\u00f4tel The Bund Puyan. Cependant, les animaux d&#039;assistance sont accept\u00e9s sur demande.<\/p><\/li><\/ol><p data-spm-anchor-id=\"a2ty_o01.29997173.0.i60.3c86c921ylncTX\">\u00a0<\/p>\t\t\t\t\t\t\t\t<\/div>\n\t\t\t\t\t<\/div>\n\t\t<\/div>\n\t\t\t\t\t<\/div>\n\t\t<\/section>\n\t\t\t\t<section class=\"elementor-section elementor-top-section elementor-element elementor-element-7a61d14d elementor-section-stretched elementor-section-boxed elementor-section-gap-beside-yes elementor-section-height-default elementor-section-height-default elementor-section-column-vertical-align-stretch\" data-id=\"7a61d14d\" data-element_type=\"section\" data-e-type=\"section\" data-settings=\"{&quot;background_background&quot;:&quot;classic&quot;,&quot;stretch_section&quot;:&quot;section-stretched&quot;}\">\n\t\t\t\t\t\t<div class=\"elementor-container elementor-column-gap-extended\">\n\t\t\t\t\t<div class=\"elementor-column elementor-col-100 elementor-top-column elementor-element elementor-element-1868971f\" data-id=\"1868971f\" data-element_type=\"column\" data-e-type=\"column\">\n\t\t\t<div class=\"elementor-widget-wrap elementor-element-populated\">\n\t\t\t\t\t\t<div class=\"elementor-element elementor-element-a1fff49 elementor-widget elementor-widget-nuss-heading\" data-id=\"a1fff49\" data-element_type=\"widget\" data-e-type=\"widget\" data-widget_type=\"nuss-heading.default\">\n\t\t\t\t<div class=\"elementor-widget-container\">\n\t\t\t\t\t\t\t<div class=\"nuss-modern-heading\">\r\n\t\t\t\t\t\t<div class=\"heading-secondary-wrap\">\r\n\t\t\t\t<h3 class=\"heading-secondary elementor-heading-title\">Ch\u00e8que disponible <\/h3>\t\t\t<\/div>\r\n\t\t\r\n\t\t\t\r\n\t\t\t\r\n\t\t\t\t\t<\/div>\r\n\t\t\t\t\t<\/div>\n\t\t\t\t<\/div>\n\t\t\t\t<div class=\"elementor-element elementor-element-7a445708 elementor-widget elementor-widget-text-editor\" data-id=\"7a445708\" data-element_type=\"widget\" data-e-type=\"widget\" data-widget_type=\"text-editor.default\">\n\t\t\t\t\t\t\t\t\t<iframe border=\"0\" src=\"https:\/\/www.trip.com\/partners\/ad\/S5683218?Allianceid=4590391&#038;SID=263693760&#038;trip_sub1=\" style=\"width:1200px;height:200px\" frameborder=\"0\" scrolling=\"no\" id=\"S5683218\"><\/iframe>\t\t\t\t\t\t\t\t<\/div>\n\t\t\t\t\t<\/div>\n\t\t<\/div>\n\t\t\t\t\t<\/div>\n\t\t<\/section>\n\t\t\t\t<\/div>","protected":false},"excerpt":{"rendered":"<p>Below, you will find a list of the questions most frequently asked by our guests. FAQ&#8217;S Questions &amp; Answers Location &amp; Accessibility What is the hotel&#8217;s address?The Bund Puyan Hotel is located at No.398 Beijing East Road, Huangpu District, Shanghai, China. How far is the hotel from The Bund?The hotel is approximately a 10-minute walk [&hellip;]<\/p>\n","protected":false},"author":1,"featured_media":0,"parent":0,"menu_order":0,"comment_status":"closed","ping_status":"closed","template":"","meta":{"footnotes":""},"class_list":["post-2105","page","type-page","status-publish","hentry","post-no-thumbnail"],"_links":{"self":[{"href":"https:\/\/bundpuyanhotel.com\/fr\/wp-json\/wp\/v2\/pages\/2105","targetHints":{"allow":["GET"]}}],"collection":[{"href":"https:\/\/bundpuyanhotel.com\/fr\/wp-json\/wp\/v2\/pages"}],"about":[{"href":"https:\/\/bundpuyanhotel.com\/fr\/wp-json\/wp\/v2\/types\/page"}],"author":[{"embeddable":true,"href":"https:\/\/bundpuyanhotel.com\/fr\/wp-json\/wp\/v2\/users\/1"}],"replies":[{"embeddable":true,"href":"https:\/\/bundpuyanhotel.com\/fr\/wp-json\/wp\/v2\/comments?post=2105"}],"version-history":[{"count":0,"href":"https:\/\/bundpuyanhotel.com\/fr\/wp-json\/wp\/v2\/pages\/2105\/revisions"}],"wp:attachment":[{"href":"https:\/\/bundpuyanhotel.com\/fr\/wp-json\/wp\/v2\/media?parent=2105"}],"curies":[{"name":"wp","href":"https:\/\/api.w.org\/{rel}","templated":true}]}}