{"id":2109,"date":"2021-03-26T08:35:58","date_gmt":"2021-03-26T08:35:58","guid":{"rendered":"http:\/\/localhost\/nuss\/?page_id=536"},"modified":"2025-10-25T03:56:39","modified_gmt":"2025-10-25T03:56:39","slug":"installations-commerciales","status":"publish","type":"page","link":"https:\/\/bundpuyanhotel.com\/fr\/installations-commerciales\/","title":{"rendered":"Installations commerciales"},"content":{"rendered":"<div data-elementor-type=\"wp-page\" data-elementor-id=\"2109\" class=\"elementor elementor-2109\">\n\t\t\t\t<div class=\"elementor-element elementor-element-027617d e-flex e-con-boxed e-con e-parent\" data-id=\"027617d\" data-element_type=\"container\" data-e-type=\"container\">\n\t\t\t\t\t<div class=\"e-con-inner\">\n\t\t\t\t<div class=\"elementor-element elementor-element-4957d0f elementor-widget elementor-widget-heading\" data-id=\"4957d0f\" data-element_type=\"widget\" data-e-type=\"widget\" data-widget_type=\"heading.default\">\n\t\t\t\t\t<h4 class=\"elementor-heading-title elementor-size-default\">H\u00f4tel Bund Puyan, Shanghai : Votre centre d&#039;affaires de premier plan au c\u0153ur du Huangpu <\/h4>\t\t\t\t<\/div>\n\t\t\t\t\t<\/div>\n\t\t\t\t<\/div>\n\t\t<div class=\"elementor-element elementor-element-d41da1d e-flex e-con-boxed e-con e-parent\" data-id=\"d41da1d\" data-element_type=\"container\" data-e-type=\"container\">\n\t\t\t\t\t<div class=\"e-con-inner\">\n\t\t<div class=\"elementor-element elementor-element-0949462 e-con-full e-flex e-con e-child\" data-id=\"0949462\" data-element_type=\"container\" data-e-type=\"container\">\n\t\t\t\t<div class=\"elementor-element elementor-element-4487578 elementor-widget elementor-widget-image\" data-id=\"4487578\" data-element_type=\"widget\" data-e-type=\"widget\" data-widget_type=\"image.default\">\n\t\t\t\t\t\t\t\t\t\t\t\t\t\t\t<img fetchpriority=\"high\" decoding=\"async\" width=\"1024\" height=\"682\" src=\"https:\/\/bundpuyanhotel.com\/wp-content\/uploads\/2025\/10\/The-Bund-Puyan-Hotel-Shanghai-78-1024x682.webp\" class=\"attachment-large size-large wp-image-7252\" alt=\"\" srcset=\"https:\/\/bundpuyanhotel.com\/wp-content\/uploads\/2025\/10\/The-Bund-Puyan-Hotel-Shanghai-78-1024x682.webp 1024w, https:\/\/bundpuyanhotel.com\/wp-content\/uploads\/2025\/10\/The-Bund-Puyan-Hotel-Shanghai-78-300x200.webp 300w, https:\/\/bundpuyanhotel.com\/wp-content\/uploads\/2025\/10\/The-Bund-Puyan-Hotel-Shanghai-78-768x512.webp 768w, https:\/\/bundpuyanhotel.com\/wp-content\/uploads\/2025\/10\/The-Bund-Puyan-Hotel-Shanghai-78-18x12.webp 18w, https:\/\/bundpuyanhotel.com\/wp-content\/uploads\/2025\/10\/The-Bund-Puyan-Hotel-Shanghai-78.webp 1280w\" sizes=\"(max-width: 1024px) 100vw, 1024px\" \/>\t\t\t\t\t\t\t\t\t\t\t\t\t\t\t<\/div>\n\t\t\t\t<\/div>\n\t\t<div class=\"elementor-element elementor-element-6128110 e-con-full e-flex e-con e-child\" data-id=\"6128110\" data-element_type=\"container\" data-e-type=\"container\">\n\t\t\t\t<div class=\"elementor-element elementor-element-1d5d590 elementor-widget elementor-widget-text-editor\" data-id=\"1d5d590\" data-element_type=\"widget\" data-e-type=\"widget\" data-widget_type=\"text-editor.default\">\n\t\t\t\t\t\t\t\t\t<p>Pour les voyageurs d&#039;affaires exigeants et les organisateurs d&#039;entreprise \u00e0 la recherche d&#039;une combinaison harmonieuse de productivit\u00e9, de commodit\u00e9 et de confort 5 \u00e9toiles, <strong>L&#039;h\u00f4tel Bund Puyan, Shanghai<\/strong> \u00e0 <strong>N\u00b0 398, route de l&#039;Est de P\u00e9kin<\/strong> Cet h\u00f4tel se distingue comme un choix exceptionnel. Nich\u00e9 dans le quartier anim\u00e9 de Huangpu, \u00e0 seulement 320 m\u00e8tres de la station de m\u00e9tro East Nanjing Road, cet \u00e9tablissement moderne de 2021 offre bien plus qu&#039;un h\u00e9bergement de luxe\u00a0: il propose un environnement d&#039;affaires enti\u00e8rement \u00e9quip\u00e9 et \u00e0 la pointe de la technologie, con\u00e7u pour optimiser votre exp\u00e9rience professionnelle dans l&#039;une des villes les plus dynamiques d&#039;Asie.<\/p>\t\t\t\t\t\t\t\t<\/div>\n\t\t\t\t<\/div>\n\t\t\t\t\t<\/div>\n\t\t\t\t<\/div>\n\t\t<div class=\"elementor-element elementor-element-7ff7775 e-flex e-con-boxed e-con e-parent\" data-id=\"7ff7775\" data-element_type=\"container\" data-e-type=\"container\">\n\t\t\t\t\t<div class=\"e-con-inner\">\n\t\t\t\t<div class=\"elementor-element elementor-element-e7cbdcf elementor-widget elementor-widget-text-editor\" data-id=\"e7cbdcf\" data-element_type=\"widget\" data-e-type=\"widget\" data-widget_type=\"text-editor.default\">\n\t\t\t\t\t\t\t\t\t<h3>Centre d&#039;affaires et espaces de coworking ultramodernes<\/h3><p data-spm-anchor-id=\"a2ty_o01.29997173.0.i46.3c86c921ylncTX\">Que vous soyez en train de finaliser une pr\u00e9sentation avant une r\u00e9union ou que vous ayez besoin d&#039;un coin tranquille pour vous concentrer sur vos e-mails, l&#039;h\u00f4tel Bund Puyan... <strong>Centre d&#039;affaires d\u00e9di\u00e9<\/strong> est votre centre de commandement sur site. Ouvert 24h\/24 et 7j\/7 avec Wi-Fi haut d\u00e9bit gratuit, le centre propose des postes de travail ergonomiques, des services d&#039;impression, de num\u00e9risation et de fax, le tout gratuitement. Pour ceux qui privil\u00e9gient les environnements collaboratifs, <strong>espaces de coworking<\/strong> proposer des configurations de si\u00e8ges flexibles, id\u00e9ales pour des r\u00e9unions d&#039;\u00e9quipe informelles ou des s\u00e9ances de travail en profondeur en solitaire.<\/p><div class=\"my-2\">\u00a0<\/div><h3>Salles de r\u00e9union et de conf\u00e9rence professionnelles<\/h3><p>Vous pr\u00e9voyez une r\u00e9union de conseil d&#039;administration, une pr\u00e9sentation client ou une formation d&#039;entreprise\u00a0? L&#039;h\u00f4tel <strong>Salle de conf\u00e9rence<\/strong> et <strong>Salle multifonctionnelle<\/strong> Ces espaces peuvent accueillir des groupes de toutes tailles. Dot\u00e9s de syst\u00e8mes d&#039;affichage multim\u00e9dia de pointe, d&#039;\u00e9quipements audio haute fid\u00e9lit\u00e9 et de rideaux occultants pour une visibilit\u00e9 optimale, ils sont id\u00e9aux pour l&#039;organisation de r\u00e9unions formelles, de lancements de produits ou d&#039;\u00e9v\u00e9nements hybrides. Bien qu&#039;un suppl\u00e9ment puisse \u00eatre appliqu\u00e9 pour la location de salle, la qualit\u00e9 de l&#039;installation et la disponibilit\u00e9 du personnel garantissent le bon d\u00e9roulement de votre \u00e9v\u00e9nement\u00a0: assistance technique audiovisuelle, coordination du service traiteur assur\u00e9 par le restaurant gastronomique de l&#039;h\u00f4tel, Hanyuan Private Feast, et bien plus encore.<\/p><div class=\"my-2\">\u00a0<\/div><h3>Services aux entreprises et assistance aux invit\u00e9s sans faille<\/h3><p>L&#039;h\u00f4tel Bund Puyan comprend que les voyages d&#039;affaires exigent de la pr\u00e9cision. Les clients b\u00e9n\u00e9ficient de <strong>enregistrement\/d\u00e9part express<\/strong>, vous permettant ainsi de profiter au maximum de votre s\u00e9jour \u00e0 Shanghai. <strong>R\u00e9ception ouverte 24h\/24<\/strong> est dot\u00e9 d&#039;un personnel multilingue, comprenant notamment des locuteurs de mandarin, et \u00e9quip\u00e9 de <strong>outils de traduction en temps r\u00e9el<\/strong> Pour faciliter la communication avec vos clients ou partenaires internationaux. Besoin de r\u00e9server un taxi pour une r\u00e9union en centre-ville\u00a0? L\u2019h\u00f4tel\u2026 <strong>service de r\u00e9servation de taxi<\/strong> Il g\u00e8re la logistique pour vous.<\/p><div class=\"my-2\">\u00a0<\/div><h3>Des \u00e9quipements favorisant la productivit\u00e9 pour le cadre moderne<\/h3><p>Au-del\u00e0 des salles de r\u00e9union, l&#039;h\u00f4tel facilite votre travail quotidien gr\u00e2ce \u00e0 des \u00e9quipements bien pens\u00e9s\u00a0:<\/p><ul dir=\"auto\"><li><strong>Consigne \u00e0 bagages gratuite<\/strong> vous permet de d\u00e9poser vos bagages avant l&#039;enregistrement ou apr\u00e8s le d\u00e9part, pendant que vous assistez \u00e0 des rendez-vous de derni\u00e8re minute.<\/li><li>A <strong>salle de sport bien \u00e9quip\u00e9e<\/strong> vous permet de maintenir votre routine sportive entre deux r\u00e9unions cons\u00e9cutives.<\/li><li><strong>Wi-Fi gratuit dans les espaces communs et les chambres.<\/strong> vous permet de rester connect\u00e9, que vous travailliez depuis votre suite ou que vous vous d\u00e9tendiez au bar du hall.<\/li><li><strong>Service de conciergerie d\u00e9di\u00e9<\/strong> Elle apporte son aide pour tout, des r\u00e9servations de restaurant aux conseils sur les transports locaux, et aide m\u00eame les clients sans num\u00e9ro de t\u00e9l\u00e9phone chinois \u00e0 commander des plats \u00e0 emporter (comme l&#039;ont salu\u00e9 de r\u00e9cents clients).<\/li><\/ul><div class=\"my-2\">\u00a0<\/div><h3>Lieu id\u00e9al pour les rencontres d&#039;affaires et les r\u00e9unions clients<\/h3><p>Id\u00e9alement situ\u00e9 \u00e0 proximit\u00e9 des principaux centres commerciaux et culturels de Shanghai, l&#039;h\u00f4tel vous permet d&#039;acc\u00e9der \u00e0 pied aux sites d&#039;int\u00e9r\u00eat majeurs tels que\u2026 <strong>Le Bund<\/strong>, <strong>Jardin Yu<\/strong>, et <strong>Rue pi\u00e9tonne Nanjing Road<\/strong> Id\u00e9al pour impressionner vos clients lors de d\u00eeners d&#039;affaires ou de visites touristiques, cet h\u00f4tel se situe \u00e0 seulement 4,8 km de la gare de Shanghai et \u00e0 15,3 km de l&#039;a\u00e9roport international de Hongqiao, offrant ainsi une excellente accessibilit\u00e9 aux voyageurs d&#039;affaires nationaux et internationaux.<\/p><div class=\"my-2\">\u00a0<\/div><h3>Adapt\u00e9 aux familles pour les longs s\u00e9jours<\/h3><p>Tout en privil\u00e9giant l&#039;excellence pour les voyageurs d&#039;affaires, l&#039;h\u00f4tel accueille \u00e9galement les cadres en d\u00e9placement familial. Les enfants de moins de 17 ans s\u00e9journent gratuitement (sans lit suppl\u00e9mentaire), et des \u00e9quipements adapt\u00e9s aux familles sont mis \u00e0 leur disposition, tels que peignoirs, chaussons, brosses \u00e0 dents et poussettes, pour que votre voyage d&#039;affaires ne vous emp\u00eache pas de passer des moments pr\u00e9cieux avec vos proches.<\/p><div class=\"my-2\">\u00a0<\/div><p data-spm-anchor-id=\"a2ty_o01.29997173.0.i50.3c86c921ylncTX\">Avec une \u00e9toile <strong>Note de 9,4\/10 bas\u00e9e sur plus de 16\u00a0000 avis v\u00e9rifi\u00e9s<\/strong>, Les clients appr\u00e9cient particuli\u00e8rement la propret\u00e9, l&#039;efficacit\u00e9 du service et l&#039;emplacement de l&#039;h\u00f4tel Bund Puyan, qui repr\u00e9sente bien plus qu&#039;un simple lieu de s\u00e9jour\u00a0: un atout strat\u00e9gique pour tout voyage d&#039;affaires \u00e0 Shanghai. Que vous soyez en train de conclure des accords, de diriger des \u00e9quipes ou de pr\u00e9parer des conf\u00e9rences internationales, cet h\u00f4tel transforme vos d\u00e9placements professionnels en une exp\u00e9rience productive, confortable et m\u00e9morable.<\/p>\t\t\t\t\t\t\t\t<\/div>\n\t\t\t\t\t<\/div>\n\t\t\t\t<\/div>\n\t\t\t\t<section class=\"elementor-section elementor-top-section elementor-element elementor-element-5760a937 elementor-section-stretched elementor-section-boxed elementor-section-gap-beside-yes elementor-section-height-default elementor-section-height-default elementor-section-column-vertical-align-stretch\" data-id=\"5760a937\" data-element_type=\"section\" data-e-type=\"section\" data-settings=\"{&quot;background_background&quot;:&quot;classic&quot;,&quot;stretch_section&quot;:&quot;section-stretched&quot;}\">\n\t\t\t\t\t\t<div class=\"elementor-container elementor-column-gap-extended\">\n\t\t\t\t\t<div class=\"elementor-column elementor-col-100 elementor-top-column elementor-element elementor-element-41471e1b\" data-id=\"41471e1b\" data-element_type=\"column\" data-e-type=\"column\">\n\t\t\t<div class=\"elementor-widget-wrap elementor-element-populated\">\n\t\t\t\t\t\t<div class=\"elementor-element elementor-element-143f6a4c elementor-widget elementor-widget-nuss-heading\" data-id=\"143f6a4c\" data-element_type=\"widget\" data-e-type=\"widget\" data-widget_type=\"nuss-heading.default\">\n\t\t\t\t<div class=\"elementor-widget-container\">\n\t\t\t\t\t\t\t<div class=\"nuss-modern-heading\">\r\n\t\t\t\t\t\t<div class=\"heading-secondary-wrap\">\r\n\t\t\t\t<h3 class=\"heading-secondary elementor-heading-title\">Ch\u00e8que disponible <\/h3>\t\t\t<\/div>\r\n\t\t\r\n\t\t\t\r\n\t\t\t\r\n\t\t\t\t\t<\/div>\r\n\t\t\t\t\t<\/div>\n\t\t\t\t<\/div>\n\t\t\t\t<div class=\"elementor-element elementor-element-62b6b9eb elementor-widget elementor-widget-text-editor\" data-id=\"62b6b9eb\" data-element_type=\"widget\" data-e-type=\"widget\" data-widget_type=\"text-editor.default\">\n\t\t\t\t\t\t\t\t\t<iframe border=\"0\" src=\"https:\/\/www.trip.com\/partners\/ad\/S6091738?Allianceid=4590391&#038;SID=268289645&#038;trip_sub1=\" style=\"width:1100px;height:200px\" frameborder=\"0\" scrolling=\"no\" id=\"S6091738\"><\/iframe>\t\t\t\t\t\t\t\t<\/div>\n\t\t\t\t\t<\/div>\n\t\t<\/div>\n\t\t\t\t\t<\/div>\n\t\t<\/section>\n\t\t\t\t<\/div>","protected":false},"excerpt":{"rendered":"<p>The Bund Puyan Hotel, Shanghai: Your Premier Business Hub in the Heart of Huangpu For discerning business travelers and corporate planners seeking a seamless blend of productivity, convenience, and 5-star comfort, The Bund Puyan Hotel, Shanghai at No.398 Beijing East Road stands as an exceptional choice. Nestled in the vibrant Huangpu District \u2014 just a [&hellip;]<\/p>\n","protected":false},"author":1,"featured_media":0,"parent":0,"menu_order":0,"comment_status":"closed","ping_status":"closed","template":"","meta":{"footnotes":""},"class_list":["post-2109","page","type-page","status-publish","hentry","post-no-thumbnail"],"_links":{"self":[{"href":"https:\/\/bundpuyanhotel.com\/fr\/wp-json\/wp\/v2\/pages\/2109","targetHints":{"allow":["GET"]}}],"collection":[{"href":"https:\/\/bundpuyanhotel.com\/fr\/wp-json\/wp\/v2\/pages"}],"about":[{"href":"https:\/\/bundpuyanhotel.com\/fr\/wp-json\/wp\/v2\/types\/page"}],"author":[{"embeddable":true,"href":"https:\/\/bundpuyanhotel.com\/fr\/wp-json\/wp\/v2\/users\/1"}],"replies":[{"embeddable":true,"href":"https:\/\/bundpuyanhotel.com\/fr\/wp-json\/wp\/v2\/comments?post=2109"}],"version-history":[{"count":0,"href":"https:\/\/bundpuyanhotel.com\/fr\/wp-json\/wp\/v2\/pages\/2109\/revisions"}],"wp:attachment":[{"href":"https:\/\/bundpuyanhotel.com\/fr\/wp-json\/wp\/v2\/media?parent=2109"}],"curies":[{"name":"wp","href":"https:\/\/api.w.org\/{rel}","templated":true}]}}