{"id":612,"date":"2021-03-26T10:04:13","date_gmt":"2021-03-26T10:04:13","guid":{"rendered":"http:\/\/localhost\/nuss\/?page_id=612"},"modified":"2025-10-25T05:02:55","modified_gmt":"2025-10-25T05:02:55","slug":"restaurant","status":"publish","type":"page","link":"https:\/\/bundpuyanhotel.com\/fr\/restaurant\/","title":{"rendered":"Restaurant"},"content":{"rendered":"<div data-elementor-type=\"wp-page\" data-elementor-id=\"612\" class=\"elementor elementor-612\">\n\t\t\t\t\t\t<section class=\"elementor-section elementor-top-section elementor-element elementor-element-e2effe8 elementor-section-boxed elementor-section-gap-beside-yes elementor-section-height-default elementor-section-height-default elementor-section-column-vertical-align-stretch\" data-id=\"e2effe8\" data-element_type=\"section\" data-e-type=\"section\">\n\t\t\t\t\t\t<div class=\"elementor-container elementor-column-gap-extended\">\n\t\t\t\t\t<div class=\"elementor-column elementor-col-100 elementor-top-column elementor-element elementor-element-e18f688\" data-id=\"e18f688\" data-element_type=\"column\" data-e-type=\"column\">\n\t\t\t<div class=\"elementor-widget-wrap elementor-element-populated\">\n\t\t\t\t\t\t<div class=\"elementor-element elementor-element-6db146d elementor-widget__width-initial elementor-invisible elementor-widget elementor-widget-text-editor\" data-id=\"6db146d\" data-element_type=\"widget\" data-e-type=\"widget\" data-settings=\"{&quot;_animation&quot;:&quot;nussFadeInUp&quot;}\" data-widget_type=\"text-editor.default\">\n\t\t\t\t\t\t\t\t\t<div class=\"svelte-1c06zsf\" data-lang-code=\"\"><p><strong data-spm-anchor-id=\"a2ty_o01.29997173.0.i77.3c86c921ylncTX\">Savourez l&#039;\u00e2me de Shanghai\u00a0: un voyage culinaire inoubliable au Hanyuan Private Feast, The Bund Puyan Hotel<\/strong><\/p><\/div>\t\t\t\t\t\t\t\t<\/div>\n\t\t\t\t\t<\/div>\n\t\t<\/div>\n\t\t\t\t\t<\/div>\n\t\t<\/section>\n\t\t<div class=\"elementor-element elementor-element-764955e e-flex e-con-boxed e-con e-parent\" data-id=\"764955e\" data-element_type=\"container\" data-e-type=\"container\">\n\t\t\t\t\t<div class=\"e-con-inner\">\n\t\t<div class=\"elementor-element elementor-element-3a71d84 e-con-full e-flex e-con e-child\" data-id=\"3a71d84\" data-element_type=\"container\" data-e-type=\"container\">\n\t\t\t\t<div class=\"elementor-element elementor-element-81a00fb elementor-widget elementor-widget-text-editor\" data-id=\"81a00fb\" data-element_type=\"widget\" data-e-type=\"widget\" data-widget_type=\"text-editor.default\">\n\t\t\t\t\t\t\t\t\t<p data-spm-anchor-id=\"a2ty_o01.29997173.0.i79.3c86c921ylncTX\">Nich\u00e9 dans l&#039;\u00e9l\u00e9gance raffin\u00e9e de <strong>L&#039;h\u00f4tel Bund Puyan<\/strong> \u00e0 <strong>N\u00b0 398, route de l&#039;Est de P\u00e9kin<\/strong>, <strong>F\u00eate priv\u00e9e de Hanyuan (branche de la baie de Suhe)<\/strong> Ce n&#039;est pas seulement un restaurant\u00a0: c&#039;est une exp\u00e9rience immersive o\u00f9 le riche h\u00e9ritage de la cuisine cantonaise rencontre l&#039;\u00e9nergie sophistiqu\u00e9e du Shanghai moderne. Ouvert en 2021, ce restaurant sur place est rapidement devenu un incontournable des voyageurs exigeants et des gourmets locaux. Il offre bien plus que de simples repas\u00a0: des moments \u00e0 savourer, des souvenirs inoubliables et des saveurs qui perdurent longtemps apr\u00e8s votre d\u00e9part.<\/p>\t\t\t\t\t\t\t\t<\/div>\n\t\t\t\t<\/div>\n\t\t<div class=\"elementor-element elementor-element-bb76a06 e-con-full e-flex e-con e-child\" data-id=\"bb76a06\" data-element_type=\"container\" data-e-type=\"container\">\n\t\t\t\t<div class=\"elementor-element elementor-element-636ac5f elementor-widget elementor-widget-image\" data-id=\"636ac5f\" data-element_type=\"widget\" data-e-type=\"widget\" data-widget_type=\"image.default\">\n\t\t\t\t\t\t\t\t\t\t\t\t\t\t\t<img fetchpriority=\"high\" decoding=\"async\" width=\"1024\" height=\"682\" src=\"https:\/\/bundpuyanhotel.com\/wp-content\/uploads\/2025\/10\/The-Bund-Puyan-Hotel-Shanghai-98-1024x682.webp\" class=\"attachment-large size-large wp-image-7272\" alt=\"\" srcset=\"https:\/\/bundpuyanhotel.com\/wp-content\/uploads\/2025\/10\/The-Bund-Puyan-Hotel-Shanghai-98-1024x682.webp 1024w, https:\/\/bundpuyanhotel.com\/wp-content\/uploads\/2025\/10\/The-Bund-Puyan-Hotel-Shanghai-98-300x200.webp 300w, https:\/\/bundpuyanhotel.com\/wp-content\/uploads\/2025\/10\/The-Bund-Puyan-Hotel-Shanghai-98-768x512.webp 768w, https:\/\/bundpuyanhotel.com\/wp-content\/uploads\/2025\/10\/The-Bund-Puyan-Hotel-Shanghai-98-18x12.webp 18w, https:\/\/bundpuyanhotel.com\/wp-content\/uploads\/2025\/10\/The-Bund-Puyan-Hotel-Shanghai-98.webp 1280w\" sizes=\"(max-width: 1024px) 100vw, 1024px\" \/>\t\t\t\t\t\t\t\t\t\t\t\t\t\t\t<\/div>\n\t\t\t\t<\/div>\n\t\t\t\t\t<\/div>\n\t\t\t\t<\/div>\n\t\t<div class=\"elementor-element elementor-element-e5626a7 e-flex e-con-boxed e-con e-parent\" data-id=\"e5626a7\" data-element_type=\"container\" data-e-type=\"container\">\n\t\t\t\t\t<div class=\"e-con-inner\">\n\t\t\t\t<div class=\"elementor-element elementor-element-4ac24e6 elementor-widget elementor-widget-nuss-image-gallery\" data-id=\"4ac24e6\" data-element_type=\"widget\" data-e-type=\"widget\" data-widget_type=\"nuss-image-gallery.default\">\n\t\t\t\t<div class=\"elementor-widget-container\">\n\t\t\t\t\t\t\t<div class=\"nuss-grid-wrapper\" data-grid=\"{&quot;type&quot;:&quot;grid&quot;,&quot;ratio&quot;:null,&quot;columns&quot;:3,&quot;gutter&quot;:30}\">\r\n\t\t\t<div class=\"nuss-grid lazy-grid\">\r\n\t\t\t\t<div class=\"grid-sizer\"><\/div>\r\n\r\n\t\t\t\t\t\t\t\t\t\t\t\t<div class=\"grid-item\">\r\n\t\t\t\t\t\t<div class=\"nuss-box\">\t\t<div class=\"nuss-image image\">\r\n\t\t\t<img decoding=\"async\"  src=\"https:\/\/bundpuyanhotel.com\/wp-content\/uploads\/2025\/10\/The-Bund-Puyan-Hotel-Shanghai-83.webp\" alt=\"H\u00f4tel Bund Puyan Shanghai (83)\" \/>\t\t<\/div>\r\n\t\t\t\t<\/div>\t\t\t\t\t<\/div>\r\n\t\t\t\t\t\t<div class=\"grid-item\">\r\n\t\t\t\t\t\t<div class=\"nuss-box\">\t\t<div class=\"nuss-image image\">\r\n\t\t\t<img decoding=\"async\"  src=\"https:\/\/bundpuyanhotel.com\/wp-content\/uploads\/2025\/10\/The-Bund-Puyan-Hotel-Shanghai-92.webp\" alt=\"H\u00f4tel Bund Puyan Shanghai (92)\" \/>\t\t<\/div>\r\n\t\t\t\t<\/div>\t\t\t\t\t<\/div>\r\n\t\t\t\t\t\t<div class=\"grid-item\">\r\n\t\t\t\t\t\t<div class=\"nuss-box\">\t\t<div class=\"nuss-image image\">\r\n\t\t\t<img decoding=\"async\"  src=\"https:\/\/bundpuyanhotel.com\/wp-content\/uploads\/2025\/10\/The-Bund-Puyan-Hotel-Shanghai-93.webp\" alt=\"H\u00f4tel Bund Puyan Shanghai (93)\" \/>\t\t<\/div>\r\n\t\t\t\t<\/div>\t\t\t\t\t<\/div>\r\n\t\t\t\t\t\t<div class=\"grid-item\">\r\n\t\t\t\t\t\t<div class=\"nuss-box\">\t\t<div class=\"nuss-image image\">\r\n\t\t\t<img decoding=\"async\"  src=\"https:\/\/bundpuyanhotel.com\/wp-content\/uploads\/2025\/10\/The-Bund-Puyan-Hotel-Shanghai-9.webp\" alt=\"H\u00f4tel Bund Puyan Shanghai (9)\" \/>\t\t<\/div>\r\n\t\t\t\t<\/div>\t\t\t\t\t<\/div>\r\n\t\t\t\t\t\t<div class=\"grid-item\">\r\n\t\t\t\t\t\t<div class=\"nuss-box\">\t\t<div class=\"nuss-image image\">\r\n\t\t\t<img decoding=\"async\"  src=\"https:\/\/bundpuyanhotel.com\/wp-content\/uploads\/2025\/10\/The-Bund-Puyan-Hotel-Shanghai-130.webp\" alt=\"H\u00f4tel Bund Puyan Shanghai (130)\" \/>\t\t<\/div>\r\n\t\t\t\t<\/div>\t\t\t\t\t<\/div>\r\n\t\t\t\t\t\t<div class=\"grid-item\">\r\n\t\t\t\t\t\t<div class=\"nuss-box\">\t\t<div class=\"nuss-image image\">\r\n\t\t\t<img decoding=\"async\"  src=\"https:\/\/bundpuyanhotel.com\/wp-content\/uploads\/2025\/10\/The-Bund-Puyan-Hotel-Shanghai-65.webp\" alt=\"H\u00f4tel Bund Puyan Shanghai (65)\" \/>\t\t<\/div>\r\n\t\t\t\t<\/div>\t\t\t\t\t<\/div>\r\n\t\t\t\t\t\t<div class=\"grid-item\">\r\n\t\t\t\t\t\t<div class=\"nuss-box\">\t\t<div class=\"nuss-image image\">\r\n\t\t\t<img decoding=\"async\"  src=\"https:\/\/bundpuyanhotel.com\/wp-content\/uploads\/2025\/10\/The-Bund-Puyan-Hotel-Shanghai-43.webp\" alt=\"H\u00f4tel Bund Puyan Shanghai (43)\" \/>\t\t<\/div>\r\n\t\t\t\t<\/div>\t\t\t\t\t<\/div>\r\n\t\t\t\t\t\t<div class=\"grid-item\">\r\n\t\t\t\t\t\t<div class=\"nuss-box\">\t\t<div class=\"nuss-image image\">\r\n\t\t\t<img decoding=\"async\"  src=\"https:\/\/bundpuyanhotel.com\/wp-content\/uploads\/2025\/10\/The-Bund-Puyan-Hotel-Shanghai-32.webp\" alt=\"H\u00f4tel Bund Puyan Shanghai (32)\" \/>\t\t<\/div>\r\n\t\t\t\t<\/div>\t\t\t\t\t<\/div>\r\n\t\t\t\t\t\t<div class=\"grid-item\">\r\n\t\t\t\t\t\t<div class=\"nuss-box\">\t\t<div class=\"nuss-image image\">\r\n\t\t\t<img decoding=\"async\"  src=\"https:\/\/bundpuyanhotel.com\/wp-content\/uploads\/2025\/10\/The-Bund-Puyan-Hotel-Shanghai-173.webp\" alt=\"H\u00f4tel Bund Puyan Shanghai (173)\" \/>\t\t<\/div>\r\n\t\t\t\t<\/div>\t\t\t\t\t<\/div>\r\n\t\t\t\t\t\t\t\r\n\t\t\t<\/div>\r\n\t\t<\/div>\r\n\t\t\t\t\t\t<\/div>\n\t\t\t\t<\/div>\n\t\t\t\t\t<\/div>\n\t\t\t\t<\/div>\n\t\t<div class=\"elementor-element elementor-element-d05381b e-flex e-con-boxed e-con e-parent\" data-id=\"d05381b\" data-element_type=\"container\" data-e-type=\"container\">\n\t\t\t\t\t<div class=\"e-con-inner\">\n\t\t\t\t<div class=\"elementor-element elementor-element-53bd849 elementor-widget elementor-widget-text-editor\" data-id=\"53bd849\" data-element_type=\"widget\" data-e-type=\"widget\" data-widget_type=\"text-editor.default\">\n\t\t\t\t\t\t\t\t\t<h3 data-spm-anchor-id=\"a2ty_o01.29997173.0.i81.3c86c921ylncTX\">L\u00e0 o\u00f9 la tradition rencontre le raffinement contemporain<\/h3><p>Entrez chez Hanyuan Private Feast et laissez-vous envelopper par une atmosph\u00e8re luxueuse et discr\u00e8te. Avec ses lignes \u00e9pur\u00e9es, ses touches de bois chaleureux et son \u00e9clairage d&#039;ambiance, le restaurant allie raffinement et confort d\u00e9contract\u00e9. Que vous profitiez d&#039;un d\u00e9jeuner d&#039;affaires entre coll\u00e8gues ou d&#039;un d\u00eener romantique en t\u00eate-\u00e0-t\u00eate, chaque d\u00e9tail, du dressage de table soign\u00e9 au service attentionn\u00e9 et discret, est pens\u00e9 pour sublimer votre exp\u00e9rience culinaire.<\/p><div class=\"my-2\">\u00a0<\/div><p data-spm-anchor-id=\"a2ty_o01.29997173.0.i80.3c86c921ylncTX\">Notre philosophie culinaire est simple\u00a0: honorer la tradition tout en privil\u00e9giant l&#039;innovation. Sous la direction de chefs form\u00e9s \u00e0 l&#039;art de la cuisine cantonaise, r\u00e9put\u00e9e pour son \u00e9quilibre d\u00e9licat entre saveurs, textures et pr\u00e9sentation, nous s\u00e9lectionnons les ingr\u00e9dients de saison les plus frais pour cr\u00e9er des plats aussi \u00e9poustouflants que d\u00e9licieux. De la poitrine de porc mijot\u00e9e aux l\u00e9gumes confits au bar vapeur au gingembre et \u00e0 l&#039;oignon vert, chaque assiette raconte une histoire ancr\u00e9e dans des si\u00e8cles de ma\u00eetrise culinaire chinoise, revisit\u00e9e pour les palais d&#039;aujourd&#039;hui.<\/p><div class=\"my-2\">\u00a0<\/div><h3>Un menu con\u00e7u pour les go\u00fbts les plus exigeants<\/h3><p>Chez Hanyuan Private Feast, nous pensons que d\u00eener doit \u00eatre une exp\u00e9rience gustative. Notre menu propose un large choix de plats. <strong>sp\u00e9cialit\u00e9s cantonaises raffin\u00e9es<\/strong> \u00e0 c\u00f4t\u00e9 de s\u00e9lectionner <strong>Classiques chinois<\/strong>, tous pr\u00e9par\u00e9s avec pr\u00e9cision et passion. Commencez votre repas par des entr\u00e9es signatures comme des rouleaux de printemps croustillants ou des plateaux de dim sum, puis passez aux plats principaux comme l&#039;ormeau brais\u00e9 aux champignons shiitake, le riz en pot d&#039;argile aux saucisses lap cheong ou les nouilles saut\u00e9es au wok aux fruits de mer frais.<\/p><div class=\"my-2\">\u00a0<\/div><p>Pour ceux qui recherchent quelque chose de vraiment unique, le menu d\u00e9gustation de notre chef propose un voyage organis\u00e9 \u00e0 travers les meilleures offres de la saison - un choix parfait pour les occasions sp\u00e9ciales ou lorsque vous souhaitez laisser votre repas entre les mains d&#039;experts culinaires.<\/p><div class=\"my-2\">\u00a0<\/div><p>Et n&#039;oubliez pas le dessert : qu&#039;il s&#039;agisse d&#039;un pudding \u00e0 la mangue soyeux, d&#039;une soupe sucr\u00e9e aux haricots rouges ou d&#039;une version moderne des g\u00e2teaux de lune traditionnels, notre \u00e9quipe de p\u00e2tissiers s&#039;assure que votre repas se termine sur une note de pur plaisir.<\/p><div class=\"my-2\">\u00a0<\/div><h3>Parfaitement adapt\u00e9 \u00e0 chaque occasion<\/h3><p>Que vous souhaitiez faire le plein avant une journ\u00e9e de visites ou vous d\u00e9tendre apr\u00e8s avoir explor\u00e9 le Bund, Hanyuan Private Feast est ouvert tous les jours pour <strong>d\u00e9jeuner (11h00\u201314h00)<\/strong> et <strong>d\u00eener (17h00\u201323h00)<\/strong>, ce qui permet de l&#039;int\u00e9grer facilement m\u00eame aux itin\u00e9raires les plus charg\u00e9s. De nombreux clients choisissent de commencer leur matin\u00e9e avec notre <strong>Petit-d\u00e9jeuner buffet de style occidental et chinois<\/strong> (servi de 7h00 \u00e0 9h30), proposant de tout, des p\u00e2tisseries fra\u00eechement cuites et des \u0153ufs brouill\u00e9s au congee, aux petits pains cuits \u00e0 la vapeur et au lait de soja \u2014 une d\u00e9licieuse fusion de plats internationaux et locaux pr\u00e9f\u00e9r\u00e9s con\u00e7us pour dynamiser votre journ\u00e9e.<\/p><div class=\"my-2\">\u00a0<\/div><h3>Plus que de la nourriture, c&#039;est une question de connexion<\/h3><p>D\u00eener au Hanyuan Private Feast ne se r\u00e9sume pas \u00e0 satisfaire sa faim\u00a0; c&#039;est aussi une question de connexion\u00a0: \u00e0 la culture, au lieu, aux gens. Notre \u00e9quipe, parlant couramment le mandarin et \u00e9quip\u00e9e d&#039;outils de traduction, est pr\u00eate \u00e0 vous guider \u00e0 travers le menu, \u00e0 vous expliquer les sp\u00e9cialit\u00e9s r\u00e9gionales ou \u00e0 vous recommander des accords mets et vins avec nos th\u00e9s et vins soigneusement s\u00e9lectionn\u00e9s. Les familles voyageant ensemble appr\u00e9cieront les attentions attentionn\u00e9es, comme les portions pour enfants et les chaises hautes, tandis que les voyageurs d&#039;affaires peuvent r\u00e9server des salles priv\u00e9es pour des r\u00e9unions discr\u00e8tes ou des d\u00eeners de f\u00eate.<\/p><div class=\"my-2\">\u00a0<\/div><h3>Situ\u00e9 au c\u0153ur de la sc\u00e8ne culinaire et culturelle de Shanghai<\/h3><p>Situ\u00e9 \u00e0 quelques pas de <strong>Station de m\u00e9tro East Nanjing Road<\/strong> et \u00e0 10 minutes \u00e0 pied de <strong>Le Bund<\/strong> et <strong>Jardin Yu<\/strong>, Hanyuan Private Feast vous place au c\u0153ur des quartiers les plus anim\u00e9s de Shanghai. Apr\u00e8s votre repas, sortez et fl\u00e2nez dans les rues anim\u00e9es bord\u00e9es de stands de cuisine de rue, de boutiques et d&#039;architecture historique. Vous pouvez \u00e9galement regagner votre chambre du Bund Puyan Hotel, o\u00f9 les baies vitr\u00e9es offrent une vue panoramique sur la ville ou les berges, vous invitant \u00e0 savourer les saveurs que vous venez de savourer.<\/p><div class=\"my-2\">\u00a0<\/div><h3>Ce que disent les clients<\/h3><p>Avec plus de <strong>16 150 avis v\u00e9rifi\u00e9s<\/strong> et une \u00e9toile <strong>Note de 9,4\/10<\/strong>, les clients font constamment l&#039;\u00e9loge non seulement de la nourriture, mais de l&#039;exp\u00e9rience culinaire dans son ensemble :<\/p><div class=\"my-2\">\u00a0<\/div><blockquote><p><em>\u201cLa cuisine \u00e9tait exquise\u00a0: chaque plat \u00e9tait magnifiquement pr\u00e9sent\u00e9 et d\u00e9bordait de saveurs. Le personnel \u00e9tait incroyablement serviable, nous aidant m\u00eame pour les traductions.\u201d<\/em> \u2014 Nurfaaidha Anwar, octobre 2025<\/p><div class=\"my-2\">\u00a0<\/div><p><em>\u201cJ&#039;ai ador\u00e9 l&#039;ambiance : calme, \u00e9l\u00e9gante et parfaite pour un d\u00eener relaxant apr\u00e8s une longue journ\u00e9e de visites. Les dim sum \u00e9taient parmi les meilleurs que j&#039;aie jamais mang\u00e9s \u00e0 Shanghai !\u201d<\/em> \u2014 Sheryl_Chua, octobre 2025<\/p><div class=\"my-2\">\u00a0<\/div><p><em>\u201cUn tr\u00e9sor cach\u00e9 ! La poitrine de porc brais\u00e9e fondait dans la bouche et le service \u00e9tait impeccable. J&#039;y retournerai sans h\u00e9siter.\u201d<\/em> \u2014 Utilisateur invit\u00e9, septembre 2025<\/p><\/blockquote><div class=\"my-2\">\u00a0<\/div><h3>R\u00e9servez votre table d\u00e8s aujourd&#039;hui \u2014 L\u00e0 o\u00f9 chaque bouch\u00e9e raconte une histoire<\/h3><p>Chez Hanyuan Private Feast, nous ne nous contentons pas de servir des repas\u00a0: nous cr\u00e9ons des exp\u00e9riences. Que vous c\u00e9l\u00e9briez un \u00e9v\u00e9nement important, fassiez des affaires ou vous offriez simplement une soir\u00e9e m\u00e9morable, laissez-nous vous accueillir avec chaleur, saveurs et l&#039;art intemporel de la cuisine cantonaise.<\/p><div class=\"my-2\">\u00a0<\/div><p data-spm-anchor-id=\"a2ty_o01.29997173.0.i82.3c86c921ylncTX\">R\u00e9servez votre table d\u00e8s maintenant et d\u00e9couvrez pourquoi les convives du monde entier reviennent sans cesse <strong>Festin priv\u00e9 Hanyuan \u00e0 l&#039;h\u00f4tel Bund Puyan<\/strong> \u2014 o\u00f9 chaque bouch\u00e9e vous connecte \u00e0 l\u2019\u00e2me de Shanghai.<\/p>\t\t\t\t\t\t\t\t<\/div>\n\t\t\t\t\t<\/div>\n\t\t\t\t<\/div>\n\t\t\t\t<section class=\"elementor-section elementor-top-section elementor-element elementor-element-1c54c377 elementor-section-stretched elementor-section-boxed elementor-section-gap-beside-yes elementor-section-height-default elementor-section-height-default elementor-section-column-vertical-align-stretch\" data-id=\"1c54c377\" data-element_type=\"section\" data-e-type=\"section\" data-settings=\"{&quot;background_background&quot;:&quot;classic&quot;,&quot;stretch_section&quot;:&quot;section-stretched&quot;}\">\n\t\t\t\t\t\t<div class=\"elementor-container elementor-column-gap-extended\">\n\t\t\t\t\t<div class=\"elementor-column elementor-col-100 elementor-top-column elementor-element elementor-element-d74231e\" data-id=\"d74231e\" data-element_type=\"column\" data-e-type=\"column\">\n\t\t\t<div class=\"elementor-widget-wrap elementor-element-populated\">\n\t\t\t\t\t\t<div class=\"elementor-element elementor-element-2225be7e elementor-widget elementor-widget-nuss-heading\" data-id=\"2225be7e\" data-element_type=\"widget\" data-e-type=\"widget\" data-widget_type=\"nuss-heading.default\">\n\t\t\t\t<div class=\"elementor-widget-container\">\n\t\t\t\t\t\t\t<div class=\"nuss-modern-heading\">\r\n\t\t\t\t\t\t<div class=\"heading-secondary-wrap\">\r\n\t\t\t\t<h3 class=\"heading-secondary elementor-heading-title\">Ch\u00e8que disponible <\/h3>\t\t\t<\/div>\r\n\t\t\r\n\t\t\t\r\n\t\t\t\r\n\t\t\t\t\t<\/div>\r\n\t\t\t\t\t<\/div>\n\t\t\t\t<\/div>\n\t\t\t\t<div class=\"elementor-element elementor-element-64620119 elementor-widget elementor-widget-text-editor\" data-id=\"64620119\" data-element_type=\"widget\" data-e-type=\"widget\" data-widget_type=\"text-editor.default\">\n\t\t\t\t\t\t\t\t\t<iframe border=\"0\" src=\"https:\/\/www.trip.com\/partners\/ad\/S6091738?Allianceid=4590391&#038;SID=268289645&#038;trip_sub1=\" style=\"width:1100px;height:200px\" frameborder=\"0\" scrolling=\"no\" id=\"S6091738\"><\/iframe>\t\t\t\t\t\t\t\t<\/div>\n\t\t\t\t\t<\/div>\n\t\t<\/div>\n\t\t\t\t\t<\/div>\n\t\t<\/section>\n\t\t\t\t<\/div>","protected":false},"excerpt":{"rendered":"<p>Savor Shanghai\u2019s Soul: An Unforgettable Culinary Journey at Hanyuan Private Feast, The Bund Puyan Hotel Nestled within the refined elegance of The Bund Puyan Hotel at No. 398 Beijing East Road, Hanyuan Private Feast (Suhe Bay Branch) isn\u2019t just a restaurant \u2014 it\u2019s an immersive experience where the rich heritage of Cantonese cuisine meets the [&hellip;]<\/p>\n","protected":false},"author":1,"featured_media":0,"parent":0,"menu_order":0,"comment_status":"closed","ping_status":"closed","template":"","meta":{"footnotes":""},"class_list":["post-612","page","type-page","status-publish","hentry","post-no-thumbnail"],"_links":{"self":[{"href":"https:\/\/bundpuyanhotel.com\/fr\/wp-json\/wp\/v2\/pages\/612","targetHints":{"allow":["GET"]}}],"collection":[{"href":"https:\/\/bundpuyanhotel.com\/fr\/wp-json\/wp\/v2\/pages"}],"about":[{"href":"https:\/\/bundpuyanhotel.com\/fr\/wp-json\/wp\/v2\/types\/page"}],"author":[{"embeddable":true,"href":"https:\/\/bundpuyanhotel.com\/fr\/wp-json\/wp\/v2\/users\/1"}],"replies":[{"embeddable":true,"href":"https:\/\/bundpuyanhotel.com\/fr\/wp-json\/wp\/v2\/comments?post=612"}],"version-history":[{"count":0,"href":"https:\/\/bundpuyanhotel.com\/fr\/wp-json\/wp\/v2\/pages\/612\/revisions"}],"wp:attachment":[{"href":"https:\/\/bundpuyanhotel.com\/fr\/wp-json\/wp\/v2\/media?parent=612"}],"curies":[{"name":"wp","href":"https:\/\/api.w.org\/{rel}","templated":true}]}}