{"id":2109,"date":"2021-03-26T08:35:58","date_gmt":"2021-03-26T08:35:58","guid":{"rendered":"http:\/\/localhost\/nuss\/?page_id=536"},"modified":"2025-10-25T03:56:39","modified_gmt":"2025-10-25T03:56:39","slug":"strutture-aziendali","status":"publish","type":"page","link":"https:\/\/bundpuyanhotel.com\/it\/strutture-aziendali\/","title":{"rendered":"Strutture aziendali"},"content":{"rendered":"<div data-elementor-type=\"wp-page\" data-elementor-id=\"2109\" class=\"elementor elementor-2109\">\n\t\t\t\t<div class=\"elementor-element elementor-element-027617d e-flex e-con-boxed e-con e-parent\" data-id=\"027617d\" data-element_type=\"container\" data-e-type=\"container\">\n\t\t\t\t\t<div class=\"e-con-inner\">\n\t\t\t\t<div class=\"elementor-element elementor-element-4957d0f elementor-widget elementor-widget-heading\" data-id=\"4957d0f\" data-element_type=\"widget\" data-e-type=\"widget\" data-widget_type=\"heading.default\">\n\t\t\t\t\t<h4 class=\"elementor-heading-title elementor-size-default\">Bund Puyan Hotel, Shanghai: il tuo principale centro d&#039;affari nel cuore di Huangpu <\/h4>\t\t\t\t<\/div>\n\t\t\t\t\t<\/div>\n\t\t\t\t<\/div>\n\t\t<div class=\"elementor-element elementor-element-d41da1d e-flex e-con-boxed e-con e-parent\" data-id=\"d41da1d\" data-element_type=\"container\" data-e-type=\"container\">\n\t\t\t\t\t<div class=\"e-con-inner\">\n\t\t<div class=\"elementor-element elementor-element-0949462 e-con-full e-flex e-con e-child\" data-id=\"0949462\" data-element_type=\"container\" data-e-type=\"container\">\n\t\t\t\t<div class=\"elementor-element elementor-element-4487578 elementor-widget elementor-widget-image\" data-id=\"4487578\" data-element_type=\"widget\" data-e-type=\"widget\" data-widget_type=\"image.default\">\n\t\t\t\t\t\t\t\t\t\t\t\t\t\t\t<img fetchpriority=\"high\" decoding=\"async\" width=\"1024\" height=\"682\" src=\"https:\/\/bundpuyanhotel.com\/wp-content\/uploads\/2025\/10\/The-Bund-Puyan-Hotel-Shanghai-78-1024x682.webp\" class=\"attachment-large size-large wp-image-7252\" alt=\"\" srcset=\"https:\/\/bundpuyanhotel.com\/wp-content\/uploads\/2025\/10\/The-Bund-Puyan-Hotel-Shanghai-78-1024x682.webp 1024w, https:\/\/bundpuyanhotel.com\/wp-content\/uploads\/2025\/10\/The-Bund-Puyan-Hotel-Shanghai-78-300x200.webp 300w, https:\/\/bundpuyanhotel.com\/wp-content\/uploads\/2025\/10\/The-Bund-Puyan-Hotel-Shanghai-78-768x512.webp 768w, https:\/\/bundpuyanhotel.com\/wp-content\/uploads\/2025\/10\/The-Bund-Puyan-Hotel-Shanghai-78-18x12.webp 18w, https:\/\/bundpuyanhotel.com\/wp-content\/uploads\/2025\/10\/The-Bund-Puyan-Hotel-Shanghai-78.webp 1280w\" sizes=\"(max-width: 1024px) 100vw, 1024px\" \/>\t\t\t\t\t\t\t\t\t\t\t\t\t\t\t<\/div>\n\t\t\t\t<\/div>\n\t\t<div class=\"elementor-element elementor-element-6128110 e-con-full e-flex e-con e-child\" data-id=\"6128110\" data-element_type=\"container\" data-e-type=\"container\">\n\t\t\t\t<div class=\"elementor-element elementor-element-1d5d590 elementor-widget elementor-widget-text-editor\" data-id=\"1d5d590\" data-element_type=\"widget\" data-e-type=\"widget\" data-widget_type=\"text-editor.default\">\n\t\t\t\t\t\t\t\t\t<p>Per i viaggiatori d&#039;affari pi\u00f9 esigenti e i pianificatori aziendali che cercano una combinazione perfetta di produttivit\u00e0, praticit\u00e0 e comfort a 5 stelle, <strong>Il Bund Puyan Hotel, Shanghai<\/strong> A <strong>No.398 Beijing East Road<\/strong> Si presenta come una scelta eccezionale. Situato nel vivace quartiere di Huangpu, a soli 320 metri a piedi dalla stazione della metropolitana East Nanjing Road, questo moderno hotel del 2021 offre pi\u00f9 di sistemazioni di lusso: offre un ambiente business completamente attrezzato e tecnologicamente avanzato, progettato per migliorare la vostra esperienza professionale in una delle citt\u00e0 pi\u00f9 dinamiche dell&#039;Asia.<\/p>\t\t\t\t\t\t\t\t<\/div>\n\t\t\t\t<\/div>\n\t\t\t\t\t<\/div>\n\t\t\t\t<\/div>\n\t\t<div class=\"elementor-element elementor-element-7ff7775 e-flex e-con-boxed e-con e-parent\" data-id=\"7ff7775\" data-element_type=\"container\" data-e-type=\"container\">\n\t\t\t\t\t<div class=\"e-con-inner\">\n\t\t\t\t<div class=\"elementor-element elementor-element-e7cbdcf elementor-widget elementor-widget-text-editor\" data-id=\"e7cbdcf\" data-element_type=\"widget\" data-e-type=\"widget\" data-widget_type=\"text-editor.default\">\n\t\t\t\t\t\t\t\t\t<h3>Centro commerciale all&#039;avanguardia e spazi di coworking<\/h3><p data-spm-anchor-id=\"a2ty_o01.29997173.0.i46.3c86c921ylncTX\">Che tu stia ultimando una presentazione prima di una riunione o abbia bisogno di un angolo tranquillo per concentrarti sulle e-mail, il Bund Puyan Hotel <strong>Centro Business dedicato<\/strong> \u00e8 il tuo centro di comando interno. Aperto 24 ore su 24, 7 giorni su 7, con Wi-Fi ad alta velocit\u00e0 gratuito, il centro offre postazioni di lavoro ergonomiche, servizi di stampa, scansione e fax, tutti disponibili gratuitamente. Per chi preferisce ambienti collaborativi, <strong>spazi di coworking<\/strong> offrono sistemazioni di posti a sedere flessibili, perfette per riunioni informali di gruppo o sessioni di lavoro approfondito individuali.<\/p><div class=\"my-2\">\u00a0<\/div><h3>Sale riunioni e conferenze professionali<\/h3><p>Stai pianificando una discussione in sala riunioni, una presentazione per un cliente o una formazione aziendale? L&#039;hotel <strong>Sala conferenze<\/strong> E <strong>Sala multifunzionale<\/strong> Possono ospitare gruppi di diverse dimensioni. Dotate di sistemi di visualizzazione multimediali all&#039;avanguardia, impianti audio ad alta fedelt\u00e0 e tende oscuranti per una visibilit\u00e0 ottimale degli schermi, queste sale sono ideali per ospitare riunioni formali, lanci di prodotto o eventi ibridi. Sebbene l&#039;affitto della sala possa comportare un costo aggiuntivo, l&#039;allestimento professionale e il personale attento garantiscono che il vostro evento si svolga in modo impeccabile, dal supporto tecnico audiovisivo al coordinamento del catering, tramite il raffinato ristorante dell&#039;hotel, l&#039;Hanyuan Private Feast.<\/p><div class=\"my-2\">\u00a0<\/div><h3>Servizi aziendali senza interruzioni e supporto agli ospiti<\/h3><p>Il Bund Puyan Hotel sa che i viaggi d&#039;affari richiedono precisione. Gli ospiti beneficiano di <strong>check-in\/check-out espresso<\/strong>, consentendoti di massimizzare il tuo tempo a Shanghai. Il <strong>reception aperta 24 ore su 24<\/strong> \u00e8 dotato di personale multilingue, tra cui persone che parlano mandarino, ed \u00e8 dotato di <strong>strumenti di traduzione in tempo reale<\/strong> per colmare le lacune comunicative con clienti o partner internazionali. Hai bisogno di prenotare un taxi per un incontro in centro? L&#039;hotel <strong>servizio di prenotazione taxi<\/strong> si occupa della logistica cos\u00ec non devi farlo tu.<\/p><div class=\"my-2\">\u00a0<\/div><h3>Servizi che migliorano la produttivit\u00e0 per il dirigente moderno<\/h3><p>Oltre alle sale riunioni, l&#039;hotel supporta il vostro flusso di lavoro quotidiano con servizi pensati appositamente per voi:<\/p><ul dir=\"auto\"><li><strong>Deposito bagagli gratuito<\/strong> ti consente di depositare i bagagli prima del check-in o dopo il check-out mentre sei impegnato in appuntamenti dell&#039;ultimo minuto.<\/li><li>A <strong>palestra ben attrezzata<\/strong> ti garantisce di mantenere la tua routine di fitness tra una riunione e l&#039;altra.<\/li><li><strong>Wi-Fi gratuito in tutte le aree pubbliche e nelle camere<\/strong> ti mantiene connesso, sia che tu stia lavorando dalla tua suite o rilassandoti al bar della hall.<\/li><li><strong>Servizio di portineria dedicato<\/strong> Fornisce assistenza per tutto, dalle prenotazioni al ristorante ai consigli sui trasporti locali, aiutando persino gli ospiti senza numero di telefono cinese a ordinare cibo a domicilio (come elogiato da recenti recensori).<\/li><\/ul><div class=\"my-2\">\u00a0<\/div><h3>Posizione ideale per networking aziendale e riunioni con i clienti<\/h3><p>Posizionato strategicamente vicino agli epicentri commerciali e culturali di Shanghai, l&#039;hotel vi consente di raggiungere a piedi i principali punti di riferimento come <strong>Il Bund<\/strong>, <strong>Giardino Yu<\/strong>, E <strong>Via pedonale di Nanjing Road<\/strong> \u2014 perfetto per stupire i clienti durante cene serali o pause turistiche. A soli 4,8 km dalla stazione ferroviaria di Shanghai e a 15,3 km dall&#039;aeroporto internazionale di Hongqiao, l&#039;hotel offre un facile accesso per viaggiatori d&#039;affari nazionali e internazionali.<\/p><div class=\"my-2\">\u00a0<\/div><h3>Adatto alle famiglie per soggiorni prolungati<\/h3><p>Pur concentrandosi sull&#039;eccellenza aziendale, l&#039;hotel accoglie anche dirigenti che viaggiano con la famiglia. I bambini sotto i 17 anni soggiornano gratuitamente (senza letti supplementari) e i servizi per le famiglie includono accappatoi, pantofole, spazzolini da denti e passeggini per bambini, per garantire che il vostro viaggio di lavoro non significhi rinunciare al tempo di qualit\u00e0 con i propri cari.<\/p><div class=\"my-2\">\u00a0<\/div><p data-spm-anchor-id=\"a2ty_o01.29997173.0.i50.3c86c921ylncTX\">Con una stellare <strong>Valutazione 9,4\/10 da oltre 16.000 recensioni verificate<\/strong>, Gli ospiti elogiano costantemente la pulizia, l&#039;efficienza del servizio e la posizione dell&#039;hotel, rendendo il Bund Puyan Hotel non solo un luogo in cui dormire, ma una risorsa strategica per qualsiasi programma d&#039;affari a Shanghai. Che si tratti di concludere affari, guidare team o prepararsi per conferenze globali, questo hotel trasforma il vostro viaggio d&#039;affari in un&#039;esperienza produttiva, confortevole e memorabile.<\/p>\t\t\t\t\t\t\t\t<\/div>\n\t\t\t\t\t<\/div>\n\t\t\t\t<\/div>\n\t\t\t\t<section class=\"elementor-section elementor-top-section elementor-element elementor-element-5760a937 elementor-section-stretched elementor-section-boxed elementor-section-gap-beside-yes elementor-section-height-default elementor-section-height-default elementor-section-column-vertical-align-stretch\" data-id=\"5760a937\" data-element_type=\"section\" data-e-type=\"section\" data-settings=\"{&quot;background_background&quot;:&quot;classic&quot;,&quot;stretch_section&quot;:&quot;section-stretched&quot;}\">\n\t\t\t\t\t\t<div class=\"elementor-container elementor-column-gap-extended\">\n\t\t\t\t\t<div class=\"elementor-column elementor-col-100 elementor-top-column elementor-element elementor-element-41471e1b\" data-id=\"41471e1b\" data-element_type=\"column\" data-e-type=\"column\">\n\t\t\t<div class=\"elementor-widget-wrap elementor-element-populated\">\n\t\t\t\t\t\t<div class=\"elementor-element elementor-element-143f6a4c elementor-widget elementor-widget-nuss-heading\" data-id=\"143f6a4c\" data-element_type=\"widget\" data-e-type=\"widget\" data-widget_type=\"nuss-heading.default\">\n\t\t\t\t<div class=\"elementor-widget-container\">\n\t\t\t\t\t\t\t<div class=\"nuss-modern-heading\">\r\n\t\t\t\t\t\t<div class=\"heading-secondary-wrap\">\r\n\t\t\t\t<h3 class=\"heading-secondary elementor-heading-title\">Controlla disponibile <\/h3>\t\t\t<\/div>\r\n\t\t\r\n\t\t\t\r\n\t\t\t\r\n\t\t\t\t\t<\/div>\r\n\t\t\t\t\t<\/div>\n\t\t\t\t<\/div>\n\t\t\t\t<div class=\"elementor-element elementor-element-62b6b9eb elementor-widget elementor-widget-text-editor\" data-id=\"62b6b9eb\" data-element_type=\"widget\" data-e-type=\"widget\" data-widget_type=\"text-editor.default\">\n\t\t\t\t\t\t\t\t\t<iframe border=\"0\" src=\"https:\/\/www.trip.com\/partners\/ad\/S6091738?Allianceid=4590391&#038;SID=268289645&#038;trip_sub1=\" style=\"width:1100px;height:200px\" frameborder=\"0\" scrolling=\"no\" id=\"S6091738\"><\/iframe>\t\t\t\t\t\t\t\t<\/div>\n\t\t\t\t\t<\/div>\n\t\t<\/div>\n\t\t\t\t\t<\/div>\n\t\t<\/section>\n\t\t\t\t<\/div>","protected":false},"excerpt":{"rendered":"<p>The Bund Puyan Hotel, Shanghai: Your Premier Business Hub in the Heart of Huangpu For discerning business travelers and corporate planners seeking a seamless blend of productivity, convenience, and 5-star comfort, The Bund Puyan Hotel, Shanghai at No.398 Beijing East Road stands as an exceptional choice. Nestled in the vibrant Huangpu District \u2014 just a [&hellip;]<\/p>\n","protected":false},"author":1,"featured_media":0,"parent":0,"menu_order":0,"comment_status":"closed","ping_status":"closed","template":"","meta":{"footnotes":""},"class_list":["post-2109","page","type-page","status-publish","hentry","post-no-thumbnail"],"_links":{"self":[{"href":"https:\/\/bundpuyanhotel.com\/it\/wp-json\/wp\/v2\/pages\/2109","targetHints":{"allow":["GET"]}}],"collection":[{"href":"https:\/\/bundpuyanhotel.com\/it\/wp-json\/wp\/v2\/pages"}],"about":[{"href":"https:\/\/bundpuyanhotel.com\/it\/wp-json\/wp\/v2\/types\/page"}],"author":[{"embeddable":true,"href":"https:\/\/bundpuyanhotel.com\/it\/wp-json\/wp\/v2\/users\/1"}],"replies":[{"embeddable":true,"href":"https:\/\/bundpuyanhotel.com\/it\/wp-json\/wp\/v2\/comments?post=2109"}],"version-history":[{"count":0,"href":"https:\/\/bundpuyanhotel.com\/it\/wp-json\/wp\/v2\/pages\/2109\/revisions"}],"wp:attachment":[{"href":"https:\/\/bundpuyanhotel.com\/it\/wp-json\/wp\/v2\/media?parent=2109"}],"curies":[{"name":"parola chiave","href":"https:\/\/api.w.org\/{rel}","templated":true}]}}