{"id":612,"date":"2021-03-26T10:04:13","date_gmt":"2021-03-26T10:04:13","guid":{"rendered":"http:\/\/localhost\/nuss\/?page_id=612"},"modified":"2025-10-25T05:02:55","modified_gmt":"2025-10-25T05:02:55","slug":"ristorante","status":"publish","type":"page","link":"https:\/\/bundpuyanhotel.com\/it\/restaurant\/","title":{"rendered":"Ristorante"},"content":{"rendered":"<div data-elementor-type=\"wp-page\" data-elementor-id=\"612\" class=\"elementor elementor-612\">\n\t\t\t\t\t\t<section class=\"elementor-section elementor-top-section elementor-element elementor-element-e2effe8 elementor-section-boxed elementor-section-gap-beside-yes elementor-section-height-default elementor-section-height-default elementor-section-column-vertical-align-stretch\" data-id=\"e2effe8\" data-element_type=\"section\" data-e-type=\"section\">\n\t\t\t\t\t\t<div class=\"elementor-container elementor-column-gap-extended\">\n\t\t\t\t\t<div class=\"elementor-column elementor-col-100 elementor-top-column elementor-element elementor-element-e18f688\" data-id=\"e18f688\" data-element_type=\"column\" data-e-type=\"column\">\n\t\t\t<div class=\"elementor-widget-wrap elementor-element-populated\">\n\t\t\t\t\t\t<div class=\"elementor-element elementor-element-6db146d elementor-widget__width-initial elementor-invisible elementor-widget elementor-widget-text-editor\" data-id=\"6db146d\" data-element_type=\"widget\" data-e-type=\"widget\" data-settings=\"{&quot;_animation&quot;:&quot;nussFadeInUp&quot;}\" data-widget_type=\"text-editor.default\">\n\t\t\t\t\t\t\t\t\t<div class=\"svelte-1c06zsf\" data-lang-code=\"\"><p><strong data-spm-anchor-id=\"a2ty_o01.29997173.0.i77.3c86c921ylncTX\">Assapora l&#039;anima di Shanghai: un viaggio culinario indimenticabile all&#039;Hanyuan Private Feast, The Bund Puyan Hotel<\/strong><\/p><\/div>\t\t\t\t\t\t\t\t<\/div>\n\t\t\t\t\t<\/div>\n\t\t<\/div>\n\t\t\t\t\t<\/div>\n\t\t<\/section>\n\t\t<div class=\"elementor-element elementor-element-764955e e-flex e-con-boxed e-con e-parent\" data-id=\"764955e\" data-element_type=\"container\" data-e-type=\"container\">\n\t\t\t\t\t<div class=\"e-con-inner\">\n\t\t<div class=\"elementor-element elementor-element-3a71d84 e-con-full e-flex e-con e-child\" data-id=\"3a71d84\" data-element_type=\"container\" data-e-type=\"container\">\n\t\t\t\t<div class=\"elementor-element elementor-element-81a00fb elementor-widget elementor-widget-text-editor\" data-id=\"81a00fb\" data-element_type=\"widget\" data-e-type=\"widget\" data-widget_type=\"text-editor.default\">\n\t\t\t\t\t\t\t\t\t<p data-spm-anchor-id=\"a2ty_o01.29997173.0.i79.3c86c921ylncTX\">Immerso nella raffinata eleganza di <strong>Il Bund Puyan Hotel<\/strong> A <strong>No. 398 Beijing East Road<\/strong>, <strong>Festa privata di Hanyuan (ramo della baia di Suhe)<\/strong> Non \u00e8 solo un ristorante: \u00e8 un&#039;esperienza immersiva in cui la ricca tradizione della cucina cantonese incontra la sofisticata energia della moderna Shanghai. Inaugurato insieme all&#039;hotel nel 2021, questo ristorante in loco \u00e8 rapidamente diventato uno dei preferiti dai viaggiatori pi\u00f9 esigenti e dai buongustai locali, offrendo pi\u00f9 di semplici pasti: offre momenti da assaporare, ricordi da custodire e sapori che persistono a lungo dopo la partenza.<\/p>\t\t\t\t\t\t\t\t<\/div>\n\t\t\t\t<\/div>\n\t\t<div class=\"elementor-element elementor-element-bb76a06 e-con-full e-flex e-con e-child\" data-id=\"bb76a06\" data-element_type=\"container\" data-e-type=\"container\">\n\t\t\t\t<div class=\"elementor-element elementor-element-636ac5f elementor-widget elementor-widget-image\" data-id=\"636ac5f\" data-element_type=\"widget\" data-e-type=\"widget\" data-widget_type=\"image.default\">\n\t\t\t\t\t\t\t\t\t\t\t\t\t\t\t<img fetchpriority=\"high\" decoding=\"async\" width=\"1024\" height=\"682\" src=\"https:\/\/bundpuyanhotel.com\/wp-content\/uploads\/2025\/10\/The-Bund-Puyan-Hotel-Shanghai-98-1024x682.webp\" class=\"attachment-large size-large wp-image-7272\" alt=\"\" srcset=\"https:\/\/bundpuyanhotel.com\/wp-content\/uploads\/2025\/10\/The-Bund-Puyan-Hotel-Shanghai-98-1024x682.webp 1024w, https:\/\/bundpuyanhotel.com\/wp-content\/uploads\/2025\/10\/The-Bund-Puyan-Hotel-Shanghai-98-300x200.webp 300w, https:\/\/bundpuyanhotel.com\/wp-content\/uploads\/2025\/10\/The-Bund-Puyan-Hotel-Shanghai-98-768x512.webp 768w, https:\/\/bundpuyanhotel.com\/wp-content\/uploads\/2025\/10\/The-Bund-Puyan-Hotel-Shanghai-98-18x12.webp 18w, https:\/\/bundpuyanhotel.com\/wp-content\/uploads\/2025\/10\/The-Bund-Puyan-Hotel-Shanghai-98.webp 1280w\" sizes=\"(max-width: 1024px) 100vw, 1024px\" \/>\t\t\t\t\t\t\t\t\t\t\t\t\t\t\t<\/div>\n\t\t\t\t<\/div>\n\t\t\t\t\t<\/div>\n\t\t\t\t<\/div>\n\t\t<div class=\"elementor-element elementor-element-e5626a7 e-flex e-con-boxed e-con e-parent\" data-id=\"e5626a7\" data-element_type=\"container\" data-e-type=\"container\">\n\t\t\t\t\t<div class=\"e-con-inner\">\n\t\t\t\t<div class=\"elementor-element elementor-element-4ac24e6 elementor-widget elementor-widget-nuss-image-gallery\" data-id=\"4ac24e6\" data-element_type=\"widget\" data-e-type=\"widget\" data-widget_type=\"nuss-image-gallery.default\">\n\t\t\t\t<div class=\"elementor-widget-container\">\n\t\t\t\t\t\t\t<div class=\"nuss-grid-wrapper\" data-grid=\"{&quot;type&quot;:&quot;grid&quot;,&quot;ratio&quot;:null,&quot;columns&quot;:3,&quot;gutter&quot;:30}\">\r\n\t\t\t<div class=\"nuss-grid lazy-grid\">\r\n\t\t\t\t<div class=\"grid-sizer\"><\/div>\r\n\r\n\t\t\t\t\t\t\t\t\t\t\t\t<div class=\"grid-item\">\r\n\t\t\t\t\t\t<div class=\"nuss-box\">\t\t<div class=\"nuss-image image\">\r\n\t\t\t<img decoding=\"async\"  src=\"https:\/\/bundpuyanhotel.com\/wp-content\/uploads\/2025\/10\/The-Bund-Puyan-Hotel-Shanghai-83.webp\" alt=\"Il Bund Puyan Hotel Shanghai (83)\" \/>\t\t<\/div>\r\n\t\t\t\t<\/div>\t\t\t\t\t<\/div>\r\n\t\t\t\t\t\t<div class=\"grid-item\">\r\n\t\t\t\t\t\t<div class=\"nuss-box\">\t\t<div class=\"nuss-image image\">\r\n\t\t\t<img decoding=\"async\"  src=\"https:\/\/bundpuyanhotel.com\/wp-content\/uploads\/2025\/10\/The-Bund-Puyan-Hotel-Shanghai-92.webp\" alt=\"Il Bund Puyan Hotel Shanghai (92)\" \/>\t\t<\/div>\r\n\t\t\t\t<\/div>\t\t\t\t\t<\/div>\r\n\t\t\t\t\t\t<div class=\"grid-item\">\r\n\t\t\t\t\t\t<div class=\"nuss-box\">\t\t<div class=\"nuss-image image\">\r\n\t\t\t<img decoding=\"async\"  src=\"https:\/\/bundpuyanhotel.com\/wp-content\/uploads\/2025\/10\/The-Bund-Puyan-Hotel-Shanghai-93.webp\" alt=\"Il Bund Puyan Hotel Shanghai (93)\" \/>\t\t<\/div>\r\n\t\t\t\t<\/div>\t\t\t\t\t<\/div>\r\n\t\t\t\t\t\t<div class=\"grid-item\">\r\n\t\t\t\t\t\t<div class=\"nuss-box\">\t\t<div class=\"nuss-image image\">\r\n\t\t\t<img decoding=\"async\"  src=\"https:\/\/bundpuyanhotel.com\/wp-content\/uploads\/2025\/10\/The-Bund-Puyan-Hotel-Shanghai-9.webp\" alt=\"Il Bund Puyan Hotel Shanghai (9)\" \/>\t\t<\/div>\r\n\t\t\t\t<\/div>\t\t\t\t\t<\/div>\r\n\t\t\t\t\t\t<div class=\"grid-item\">\r\n\t\t\t\t\t\t<div class=\"nuss-box\">\t\t<div class=\"nuss-image image\">\r\n\t\t\t<img decoding=\"async\"  src=\"https:\/\/bundpuyanhotel.com\/wp-content\/uploads\/2025\/10\/The-Bund-Puyan-Hotel-Shanghai-130.webp\" alt=\"Il Bund Puyan Hotel Shanghai (130)\" \/>\t\t<\/div>\r\n\t\t\t\t<\/div>\t\t\t\t\t<\/div>\r\n\t\t\t\t\t\t<div class=\"grid-item\">\r\n\t\t\t\t\t\t<div class=\"nuss-box\">\t\t<div class=\"nuss-image image\">\r\n\t\t\t<img decoding=\"async\"  src=\"https:\/\/bundpuyanhotel.com\/wp-content\/uploads\/2025\/10\/The-Bund-Puyan-Hotel-Shanghai-65.webp\" alt=\"Il Bund Puyan Hotel Shanghai (65)\" \/>\t\t<\/div>\r\n\t\t\t\t<\/div>\t\t\t\t\t<\/div>\r\n\t\t\t\t\t\t<div class=\"grid-item\">\r\n\t\t\t\t\t\t<div class=\"nuss-box\">\t\t<div class=\"nuss-image image\">\r\n\t\t\t<img decoding=\"async\"  src=\"https:\/\/bundpuyanhotel.com\/wp-content\/uploads\/2025\/10\/The-Bund-Puyan-Hotel-Shanghai-43.webp\" alt=\"Il Bund Puyan Hotel Shanghai (43)\" \/>\t\t<\/div>\r\n\t\t\t\t<\/div>\t\t\t\t\t<\/div>\r\n\t\t\t\t\t\t<div class=\"grid-item\">\r\n\t\t\t\t\t\t<div class=\"nuss-box\">\t\t<div class=\"nuss-image image\">\r\n\t\t\t<img decoding=\"async\"  src=\"https:\/\/bundpuyanhotel.com\/wp-content\/uploads\/2025\/10\/The-Bund-Puyan-Hotel-Shanghai-32.webp\" alt=\"Il Bund Puyan Hotel Shanghai (32)\" \/>\t\t<\/div>\r\n\t\t\t\t<\/div>\t\t\t\t\t<\/div>\r\n\t\t\t\t\t\t<div class=\"grid-item\">\r\n\t\t\t\t\t\t<div class=\"nuss-box\">\t\t<div class=\"nuss-image image\">\r\n\t\t\t<img decoding=\"async\"  src=\"https:\/\/bundpuyanhotel.com\/wp-content\/uploads\/2025\/10\/The-Bund-Puyan-Hotel-Shanghai-173.webp\" alt=\"Il Bund Puyan Hotel Shanghai (173)\" \/>\t\t<\/div>\r\n\t\t\t\t<\/div>\t\t\t\t\t<\/div>\r\n\t\t\t\t\t\t\t\r\n\t\t\t<\/div>\r\n\t\t<\/div>\r\n\t\t\t\t\t\t<\/div>\n\t\t\t\t<\/div>\n\t\t\t\t\t<\/div>\n\t\t\t\t<\/div>\n\t\t<div class=\"elementor-element elementor-element-d05381b e-flex e-con-boxed e-con e-parent\" data-id=\"d05381b\" data-element_type=\"container\" data-e-type=\"container\">\n\t\t\t\t\t<div class=\"e-con-inner\">\n\t\t\t\t<div class=\"elementor-element elementor-element-53bd849 elementor-widget elementor-widget-text-editor\" data-id=\"53bd849\" data-element_type=\"widget\" data-e-type=\"widget\" data-widget_type=\"text-editor.default\">\n\t\t\t\t\t\t\t\t\t<h3 data-spm-anchor-id=\"a2ty_o01.29997173.0.i81.3c86c921ylncTX\">Dove la tradizione incontra la raffinatezza contemporanea<\/h3><p>Entrando all&#039;Hanyuan Private Feast, verrete avvolti da un&#039;atmosfera di lusso discreto. Progettato con linee pulite, caldi accenti in legno e illuminazione soffusa, il ristorante raggiunge il perfetto equilibrio tra intima raffinatezza e comfort rilassato. Che si tratti di un pranzo di lavoro con i colleghi o di una cena romantica per due, ogni dettaglio, dalla curata mise en place al servizio attento ma discreto, \u00e8 studiato per esaltare la vostra esperienza culinaria.<\/p><div class=\"my-2\">\u00a0<\/div><p data-spm-anchor-id=\"a2ty_o01.29997173.0.i80.3c86c921ylncTX\">La nostra filosofia culinaria \u00e8 semplice: onorare la tradizione abbracciando l&#039;innovazione. Guidati da chef formati nell&#039;arte della cucina cantonese, una cucina celebrata per il suo delicato equilibrio di sapori, consistenze e presentazione, selezioniamo gli ingredienti di stagione pi\u00f9 freschi per creare piatti tanto visivamente sbalorditivi quanto deliziosi. Dalla pancetta di maiale brasata lentamente con verdure in conserva al branzino al vapore con zenzero e cipollotto, ogni piatto racconta una storia radicata in secoli di maestria culinaria cinese, rivisitata per il palato di oggi.<\/p><div class=\"my-2\">\u00a0<\/div><h3>Un men\u00f9 pensato per i palati pi\u00f9 esigenti<\/h3><p>All&#039;Hanyuan Private Feast, crediamo che cenare debba essere un&#039;esplorazione. Il nostro menu offre una vasta gamma di <strong>raffinate specialit\u00e0 cantonesi<\/strong> accanto a selezionare <strong>classici cinesi<\/strong>, tutti preparati con precisione e passione. Inizia il tuo pasto con antipasti esclusivi come involtini primavera croccanti o piatti dim sum, per poi passare ai piatti principali come l&#039;abalone brasato con funghi shiitake, il riso in terracotta con salsiccia lap cheong o i noodles saltati in wok con pesce fresco.<\/p><div class=\"my-2\">\u00a0<\/div><p>Per chi cerca qualcosa di veramente unico, il menu degustazione del nostro chef offre un percorso curato attraverso le migliori proposte di stagione: una scelta perfetta per le occasioni speciali o quando si desidera affidare il proprio pasto alle mani di esperti culinari.<\/p><div class=\"my-2\">\u00a0<\/div><p>E non dimenticate il dessert: che si tratti di un cremoso budino al mango, di una dolce zuppa di fagioli rossi o di una rivisitazione moderna dei tradizionali mooncake, il nostro team di pasticceri si assicurer\u00e0 che il vostro pasto si concluda con una nota di puro piacere.<\/p><div class=\"my-2\">\u00a0<\/div><h3>Tempistica perfetta per ogni occasione<\/h3><p>Che tu stia facendo rifornimento prima di una giornata di visite turistiche o rilassandoti dopo aver esplorato il Bund, Hanyuan Private Feast \u00e8 aperto tutti i giorni per <strong>pranzo (11:00\u201314:00)<\/strong> E <strong>cena (17:00\u201323:00)<\/strong>, rendendolo facile da inserire anche nell&#039;itinerario pi\u00f9 impegnativo. Molti ospiti scelgono di iniziare la loro mattinata con il nostro <strong>Colazione a buffet in stile occidentale e cinese<\/strong> (servito dalle 07:00 alle 09:30), propone di tutto, dai dolci appena sfornati alle uova strapazzate, dal congee ai panini al vapore e al latte di soia: una deliziosa fusione di specialit\u00e0 locali e internazionali pensate per darti la carica durante la giornata.<\/p><div class=\"my-2\">\u00a0<\/div><h3>Pi\u00f9 che semplice cibo: \u00e8 una questione di connessione<\/h3><p>Cenare all&#039;Hanyuan Private Feast non significa solo soddisfare la fame; significa creare un legame con la cultura, con il luogo, con le persone. Il nostro personale, fluente in mandarino e dotato di strumenti di traduzione, \u00e8 pronto a guidarvi attraverso il menu, a illustrarvi le specialit\u00e0 regionali o a consigliarvi gli abbinamenti con i nostri t\u00e8 e vini accuratamente selezionati. Le famiglie che viaggiano insieme apprezzeranno i dettagli premurosi, tra cui porzioni per bambini e seggioloni, mentre i viaggiatori d&#039;affari possono prenotare sale private per riunioni riservate o cene di gala.<\/p><div class=\"my-2\">\u00a0<\/div><h3>Situato nel cuore della scena culinaria e culturale di Shanghai<\/h3><p>Situato a pochi passi da <strong>Stazione della metropolitana di East Nanjing Road<\/strong> e una breve passeggiata di 10 minuti per <strong>Il Bund<\/strong> E <strong>Giardino Yu<\/strong>, L&#039;Hanyuan Private Feast vi porta proprio nel cuore dei quartieri pi\u00f9 vivaci di Shanghai. Dopo cena, uscite e passeggiate per le strade animate, fiancheggiate da bancarelle di street food, boutique e palazzi storici, oppure tornate semplicemente nella vostra camera al Bund Puyan Hotel, dove le finestre a bovindo incorniciano viste panoramiche sullo skyline della citt\u00e0 o sul lungofiume, invitandovi a riflettere sui sapori appena assaporati.<\/p><div class=\"my-2\">\u00a0<\/div><h3>Cosa dicono gli ospiti<\/h3><p>Con oltre <strong>16.150 recensioni verificate<\/strong> e una stellare <strong>Valutazione 9,4\/10<\/strong>, gli ospiti elogiano costantemente non solo il cibo ma l&#039;intera esperienza culinaria:<\/p><div class=\"my-2\">\u00a0<\/div><blockquote><p><em>\u201c&quot;Il cibo era squisito: ogni piatto era presentato magnificamente ed era ricco di sapore. Il personale \u00e8 stato incredibilmente disponibile, aiutandoci persino con le traduzioni.&quot;\u201d<\/em> \u2013 Nurfaaidha Anwar, ottobre 2025<\/p><div class=\"my-2\">\u00a0<\/div><p><em>\u201c&quot;Ho adorato l&#039;atmosfera: tranquilla, elegante e perfetta per una cena rilassante dopo una lunga giornata di visite turistiche. I dim sum erano tra i migliori che abbia mai mangiato a Shanghai!&quot;\u201d<\/em> \u2014 Sheryl_Chua, ottobre 2025<\/p><div class=\"my-2\">\u00a0<\/div><p><em>\u201cUn gioiello nascosto! La pancetta di maiale brasata si scioglieva in bocca e il servizio era impeccabile. Torner\u00f2 sicuramente.\u201d<\/em> \u2014 Utente ospite, settembre 2025<\/p><\/blockquote><div class=\"my-2\">\u00a0<\/div><h3>Prenota oggi il tuo tavolo: dove ogni boccone racconta una storia<\/h3><p>All&#039;Hanyuan Private Feast, non serviamo solo pasti: creiamo esperienze. Che tu voglia festeggiare un traguardo importante, concludere affari o semplicemente concederti una serata memorabile, lasciati accogliere dal calore, dal sapore e dall&#039;intramontabile maestria della cucina cantonese.<\/p><div class=\"my-2\">\u00a0<\/div><p data-spm-anchor-id=\"a2ty_o01.29997173.0.i82.3c86c921ylncTX\">Prenota subito il tuo tavolo e scopri perch\u00e9 i clienti di tutto il mondo continuano a tornare da noi <strong>Festa privata Hanyuan al Bund Puyan Hotel<\/strong> \u2014 dove ogni boccone ti connette all&#039;anima di Shanghai.<\/p>\t\t\t\t\t\t\t\t<\/div>\n\t\t\t\t\t<\/div>\n\t\t\t\t<\/div>\n\t\t\t\t<section class=\"elementor-section elementor-top-section elementor-element elementor-element-1c54c377 elementor-section-stretched elementor-section-boxed elementor-section-gap-beside-yes elementor-section-height-default elementor-section-height-default elementor-section-column-vertical-align-stretch\" data-id=\"1c54c377\" data-element_type=\"section\" data-e-type=\"section\" data-settings=\"{&quot;background_background&quot;:&quot;classic&quot;,&quot;stretch_section&quot;:&quot;section-stretched&quot;}\">\n\t\t\t\t\t\t<div class=\"elementor-container elementor-column-gap-extended\">\n\t\t\t\t\t<div class=\"elementor-column elementor-col-100 elementor-top-column elementor-element elementor-element-d74231e\" data-id=\"d74231e\" data-element_type=\"column\" data-e-type=\"column\">\n\t\t\t<div class=\"elementor-widget-wrap elementor-element-populated\">\n\t\t\t\t\t\t<div class=\"elementor-element elementor-element-2225be7e elementor-widget elementor-widget-nuss-heading\" data-id=\"2225be7e\" data-element_type=\"widget\" data-e-type=\"widget\" data-widget_type=\"nuss-heading.default\">\n\t\t\t\t<div class=\"elementor-widget-container\">\n\t\t\t\t\t\t\t<div class=\"nuss-modern-heading\">\r\n\t\t\t\t\t\t<div class=\"heading-secondary-wrap\">\r\n\t\t\t\t<h3 class=\"heading-secondary elementor-heading-title\">Controlla disponibile <\/h3>\t\t\t<\/div>\r\n\t\t\r\n\t\t\t\r\n\t\t\t\r\n\t\t\t\t\t<\/div>\r\n\t\t\t\t\t<\/div>\n\t\t\t\t<\/div>\n\t\t\t\t<div class=\"elementor-element elementor-element-64620119 elementor-widget elementor-widget-text-editor\" data-id=\"64620119\" data-element_type=\"widget\" data-e-type=\"widget\" data-widget_type=\"text-editor.default\">\n\t\t\t\t\t\t\t\t\t<iframe border=\"0\" src=\"https:\/\/www.trip.com\/partners\/ad\/S6091738?Allianceid=4590391&#038;SID=268289645&#038;trip_sub1=\" style=\"width:1100px;height:200px\" frameborder=\"0\" scrolling=\"no\" id=\"S6091738\"><\/iframe>\t\t\t\t\t\t\t\t<\/div>\n\t\t\t\t\t<\/div>\n\t\t<\/div>\n\t\t\t\t\t<\/div>\n\t\t<\/section>\n\t\t\t\t<\/div>","protected":false},"excerpt":{"rendered":"<p>Savor Shanghai\u2019s Soul: An Unforgettable Culinary Journey at Hanyuan Private Feast, The Bund Puyan Hotel Nestled within the refined elegance of The Bund Puyan Hotel at No. 398 Beijing East Road, Hanyuan Private Feast (Suhe Bay Branch) isn\u2019t just a restaurant \u2014 it\u2019s an immersive experience where the rich heritage of Cantonese cuisine meets the [&hellip;]<\/p>\n","protected":false},"author":1,"featured_media":0,"parent":0,"menu_order":0,"comment_status":"closed","ping_status":"closed","template":"","meta":{"footnotes":""},"class_list":["post-612","page","type-page","status-publish","hentry","post-no-thumbnail"],"_links":{"self":[{"href":"https:\/\/bundpuyanhotel.com\/it\/wp-json\/wp\/v2\/pages\/612","targetHints":{"allow":["GET"]}}],"collection":[{"href":"https:\/\/bundpuyanhotel.com\/it\/wp-json\/wp\/v2\/pages"}],"about":[{"href":"https:\/\/bundpuyanhotel.com\/it\/wp-json\/wp\/v2\/types\/page"}],"author":[{"embeddable":true,"href":"https:\/\/bundpuyanhotel.com\/it\/wp-json\/wp\/v2\/users\/1"}],"replies":[{"embeddable":true,"href":"https:\/\/bundpuyanhotel.com\/it\/wp-json\/wp\/v2\/comments?post=612"}],"version-history":[{"count":0,"href":"https:\/\/bundpuyanhotel.com\/it\/wp-json\/wp\/v2\/pages\/612\/revisions"}],"wp:attachment":[{"href":"https:\/\/bundpuyanhotel.com\/it\/wp-json\/wp\/v2\/media?parent=612"}],"curies":[{"name":"parola chiave","href":"https:\/\/api.w.org\/{rel}","templated":true}]}}